{"id":1576,"date":"2020-04-16T14:22:38","date_gmt":"2020-04-16T12:22:38","guid":{"rendered":"https:\/\/pans.krosno.pl\/azs\/?page_id=1576"},"modified":"2025-05-28T10:43:45","modified_gmt":"2025-05-28T08:43:45","slug":"wyniki-bieg-sokola","status":"publish","type":"page","link":"https:\/\/pans.krosno.pl\/azs\/wyniki-bieg-sokola\/","title":{"rendered":"Wyniki Bieg Soko\u0142a"},"content":{"rendered":"\n<h3 class=\"wp-block-heading\" id=\"h-13-bieg-sokola\"><a href=\"https:\/\/dostartu.pl\/xiii-bieg-soko-a-im-dra-stanis-awa-rabiasza-o-puchar-rektora-u14202\">13 Bieg Soko\u0142a<\/a><\/h3>\n\n\n\n<h3 class=\"wp-block-heading\" id=\"h-xii-bieg-sokola-0\"><a href=\"https:\/\/dostartu.pl\/xii-bieg-soko-a-im-dra-stanis-awa-rabiasza-o-puchar-rektora-u12148\">XII Bieg Soko\u0142a<\/a><\/h3>\n\n\n\n<h3 class=\"wp-block-heading\" id=\"h-xi-bieg-sokola\"><a href=\"https:\/\/dostartu.pl\/xi-bieg-soko-a-im-dra-stanis-awa-rabiasza-o-puchar-rektora-cc9205-ccx27735\">XI Bieg Soko\u0142a<\/a><\/h3>\n\n\n\n<h3 class=\"wp-block-heading\" id=\"h-ix-bieg-sokola\"><a href=\"https:\/\/dostartu.pl\/ix-bieg-sokola-im-dra-stanislawa-rabiasza-o-puchar-rektora-pl5838-16949.pl.pdf\">IX Bieg Soko\u0142a<\/a><\/h3>\n\n\n\n<h3 class=\"wp-block-heading\" id=\"h-vii-bieg-sokola\"><a href=\"https:\/\/www.pomiar-czasu.pl\/wyniki2.php?nr=z190528&amp;fbclid=IwAR20xS8wEz9cyAqLSk2s7bHNevJ5i9zZMFaHImwMfJUcZCNGOyY4b9J44b8\">VII Bieg Soko\u0142a<\/a><\/h3>\n\n\n\n<h3 class=\"wp-block-heading\" id=\"h-vi-bieg-sokola\"><a href=\"https:\/\/www.pomiar-czasu.pl\/wyniki2.php?nr=z180518\">VI Bieg Soko\u0142a<\/a><\/h3>\n\n\n\n<h3 class=\"wp-block-heading\" id=\"h-v-bieg-sokola\"><a href=\"https:\/\/www.pomiar-czasu.pl\/wyniki2.php?nr=z170517\">V Bieg Soko\u0142a<\/a><\/h3>\n\n\n\n<h3 class=\"wp-block-heading\" id=\"h-iv-bieg-sokola\">IV Bieg Soko\u0142a<\/h3>\n\n\n\n<div class=\"wp-block-file\"><a id=\"wp-block-file--media-171b969a-84cf-4e8d-9eaa-6792eb07eb13\" href=\"https:\/\/pans.krosno.pl\/azs\/wp-content\/uploads\/sites\/47\/2020\/05\/wyniki_student.pdf\">wyniki_student<\/a><a href=\"https:\/\/pans.krosno.pl\/azs\/wp-content\/uploads\/sites\/47\/2020\/05\/wyniki_student.pdf\" class=\"wp-block-file__button wp-element-button\" download aria-describedby=\"wp-block-file--media-171b969a-84cf-4e8d-9eaa-6792eb07eb13\">Pobierz<\/a><\/div>\n\n\n\n<div class=\"wp-block-file\"><a id=\"wp-block-file--media-154f1b5c-ae3b-4af5-a022-1ccf0d3996e6\" href=\"https:\/\/pans.krosno.pl\/azs\/wp-content\/uploads\/sites\/47\/2020\/05\/wyniki_pracownik_od_40.pdf\">wyniki_pracownik_od_40<\/a><a href=\"https:\/\/pans.krosno.pl\/azs\/wp-content\/uploads\/sites\/47\/2020\/05\/wyniki_pracownik_od_40.pdf\" class=\"wp-block-file__button wp-element-button\" download aria-describedby=\"wp-block-file--media-154f1b5c-ae3b-4af5-a022-1ccf0d3996e6\">Pobierz<\/a><\/div>\n\n\n\n<div class=\"wp-block-file\"><a id=\"wp-block-file--media-c26891ce-6fa1-437d-a067-04848b060770\" href=\"https:\/\/pans.krosno.pl\/azs\/wp-content\/uploads\/sites\/47\/2020\/05\/wyniki_pracownik_do_40.pdf\">wyniki_pracownik_do_40<\/a><a href=\"https:\/\/pans.krosno.pl\/azs\/wp-content\/uploads\/sites\/47\/2020\/05\/wyniki_pracownik_do_40.pdf\" class=\"wp-block-file__button wp-element-button\" download aria-describedby=\"wp-block-file--media-c26891ce-6fa1-437d-a067-04848b060770\">Pobierz<\/a><\/div>\n\n\n\n<div class=\"wp-block-file\"><a id=\"wp-block-file--media-a6c18512-bc8f-40e3-9e38-436c96b5df9a\" href=\"https:\/\/pans.krosno.pl\/azs\/wp-content\/uploads\/sites\/47\/2020\/05\/wyniki_open.pdf\">wyniki_open<\/a><a href=\"https:\/\/pans.krosno.pl\/azs\/wp-content\/uploads\/sites\/47\/2020\/05\/wyniki_open.pdf\" class=\"wp-block-file__button wp-element-button\" download aria-describedby=\"wp-block-file--media-a6c18512-bc8f-40e3-9e38-436c96b5df9a\">Pobierz<\/a><\/div>\n\n\n\n<h3 class=\"wp-block-heading\" id=\"h-iii-bieg-sokola\"><a href=\"https:\/\/www.pomiar-czasu.pl\/wyniki2.php?nr=z150414\">III Bieg Soko\u0142a<\/a><\/h3>\n\n\n\n<h3 class=\"wp-block-heading\" id=\"h-ii-bieg-sokola\">II Bieg Soko\u0142a<\/h3>\n\n\n\n<div class=\"wp-block-file\"><a id=\"wp-block-file--media-d603b907-748d-4cce-9fd1-ee5e1559835c\" href=\"https:\/\/pans.krosno.pl\/azs\/wp-content\/uploads\/sites\/47\/2020\/05\/wyniki_ii_bieg_sokola.pdf\">wyniki &#8211; II Bieg Soko\u0142a<\/a><a href=\"https:\/\/pans.krosno.pl\/azs\/wp-content\/uploads\/sites\/47\/2020\/05\/wyniki_ii_bieg_sokola.pdf\" class=\"wp-block-file__button wp-element-button\" download aria-describedby=\"wp-block-file--media-d603b907-748d-4cce-9fd1-ee5e1559835c\">Pobierz<\/a><\/div>\n\n\n\n<h3 class=\"wp-block-heading\" id=\"h-i-bieg-sokola\">I Bieg Soko\u0142a<\/h3>\n\n\n\n<div class=\"wp-block-file\"><a id=\"wp-block-file--media-9aab28d1-4137-449d-aba2-00f6a581bbdd\" href=\"https:\/\/pans.krosno.pl\/azs\/wp-content\/uploads\/sites\/47\/2020\/05\/wyniki_i_bieg_sokola.xls\">wyniki &#8211; I Bieg Soko\u0142a<\/a><a href=\"https:\/\/pans.krosno.pl\/azs\/wp-content\/uploads\/sites\/47\/2020\/05\/wyniki_i_bieg_sokola.xls\" class=\"wp-block-file__button wp-element-button\" download aria-describedby=\"wp-block-file--media-9aab28d1-4137-449d-aba2-00f6a581bbdd\">Pobierz<\/a><\/div>\n\n\n\n<hr class=\"wp-block-separator has-css-opacity\" \/>\n\n\n\n<p><\/p>\n","protected":false},"excerpt":{"rendered":"<p>13 Bieg Soko\u0142a XII Bieg Soko\u0142a XI Bieg Soko\u0142a IX Bieg Soko\u0142a VII Bieg Soko\u0142a VI Bieg Soko\u0142a V Bieg Soko\u0142a IV Bieg Soko\u0142a III Bieg Soko\u0142a II Bieg Soko\u0142a I Bieg Soko\u0142a<\/p>\n","protected":false},"author":1,"featured_media":0,"parent":0,"menu_order":0,"comment_status":"closed","ping_status":"closed","template":"page-templates\/template-full-width.php","meta":{"ngg_post_thumbnail":0,"footnotes":""},"class_list":["post-1576","page","type-page","status-publish","hentry"],"yoast_head":"<!-- This site is optimized with the Yoast SEO Premium plugin v27.4 (Yoast SEO v27.4) - https:\/\/yoast.com\/product\/yoast-seo-premium-wordpress\/ -->\n<title>Wyniki Bieg Soko\u0142a - Sport, turystyka, AZS PANS w Kro\u015bnie<\/title>\n<meta name=\"robots\" content=\"index, follow, max-snippet:-1, max-image-preview:large, max-video-preview:-1\" \/>\n<link rel=\"canonical\" href=\"https:\/\/pans.krosno.pl\/azs\/wyniki-bieg-sokola\/\" \/>\n<meta property=\"og:locale\" content=\"pl_PL\" \/>\n<meta property=\"og:type\" content=\"article\" \/>\n<meta property=\"og:title\" content=\"Wyniki Bieg Soko\u0142a\" \/>\n<meta property=\"og:description\" content=\"13 Bieg Soko\u0142a XII Bieg Soko\u0142a XI Bieg Soko\u0142a IX Bieg Soko\u0142a VII Bieg Soko\u0142a VI Bieg Soko\u0142a V Bieg Soko\u0142a IV Bieg Soko\u0142a III Bieg Soko\u0142a II Bieg Soko\u0142a I Bieg Soko\u0142a\" \/>\n<meta property=\"og:url\" content=\"https:\/\/pans.krosno.pl\/azs\/wyniki-bieg-sokola\/\" \/>\n<meta property=\"og:site_name\" content=\"Sport, turystyka, AZS PANS w Kro\u015bnie\" \/>\n<meta property=\"article:modified_time\" content=\"2025-05-28T08:43:45+00:00\" \/>\n<meta name=\"twitter:card\" content=\"summary_large_image\" \/>\n<meta name=\"twitter:label1\" content=\"Szacowany czas czytania\" \/>\n\t<meta name=\"twitter:data1\" content=\"1 minuta\" \/>\n<script type=\"application\/ld+json\" class=\"yoast-schema-graph\">{\"@context\":\"https:\\\/\\\/schema.org\",\"@graph\":[{\"@type\":\"WebPage\",\"@id\":\"https:\\\/\\\/pans.krosno.pl\\\/azs\\\/wyniki-bieg-sokola\\\/\",\"url\":\"https:\\\/\\\/pans.krosno.pl\\\/azs\\\/wyniki-bieg-sokola\\\/\",\"name\":\"Wyniki Bieg Soko\u0142a - Sport, turystyka, AZS PANS w Kro\u015bnie\",\"isPartOf\":{\"@id\":\"https:\\\/\\\/pans.krosno.pl\\\/azs\\\/#website\"},\"datePublished\":\"2020-04-16T12:22:38+00:00\",\"dateModified\":\"2025-05-28T08:43:45+00:00\",\"breadcrumb\":{\"@id\":\"https:\\\/\\\/pans.krosno.pl\\\/azs\\\/wyniki-bieg-sokola\\\/#breadcrumb\"},\"inLanguage\":\"pl-PL\",\"potentialAction\":[{\"@type\":\"ReadAction\",\"target\":[\"https:\\\/\\\/pans.krosno.pl\\\/azs\\\/wyniki-bieg-sokola\\\/\"]}]},{\"@type\":\"BreadcrumbList\",\"@id\":\"https:\\\/\\\/pans.krosno.pl\\\/azs\\\/wyniki-bieg-sokola\\\/#breadcrumb\",\"itemListElement\":[{\"@type\":\"ListItem\",\"position\":1,\"name\":\"Strona g\u0142\u00f3wna\",\"item\":\"https:\\\/\\\/pans.krosno.pl\\\/azs\\\/\"},{\"@type\":\"ListItem\",\"position\":2,\"name\":\"Wyniki Bieg Soko\u0142a\"}]},{\"@type\":\"WebSite\",\"@id\":\"https:\\\/\\\/pans.krosno.pl\\\/azs\\\/#website\",\"url\":\"https:\\\/\\\/pans.krosno.pl\\\/azs\\\/\",\"name\":\"Sport, turystyka, AZS PANS w Kro\u015bnie\",\"description\":\"Sport, turystyka, AZS PANS - Pa\u0144stwowa Akademia Nauk Stosowanych\",\"publisher\":{\"@id\":\"https:\\\/\\\/pans.krosno.pl\\\/azs\\\/#organization\"},\"potentialAction\":[{\"@type\":\"SearchAction\",\"target\":{\"@type\":\"EntryPoint\",\"urlTemplate\":\"https:\\\/\\\/pans.krosno.pl\\\/azs\\\/?s={search_term_string}\"},\"query-input\":{\"@type\":\"PropertyValueSpecification\",\"valueRequired\":true,\"valueName\":\"search_term_string\"}}],\"inLanguage\":\"pl-PL\"},{\"@type\":\"Organization\",\"@id\":\"https:\\\/\\\/pans.krosno.pl\\\/azs\\\/#organization\",\"name\":\"Sport, turystyka, AZS PANS w Kro\u015bnie\",\"url\":\"https:\\\/\\\/pans.krosno.pl\\\/azs\\\/\",\"logo\":{\"@type\":\"ImageObject\",\"inLanguage\":\"pl-PL\",\"@id\":\"https:\\\/\\\/pans.krosno.pl\\\/azs\\\/#\\\/schema\\\/logo\\\/image\\\/\",\"url\":\"https:\\\/\\\/pans.krosno.pl\\\/azs\\\/wp-content\\\/uploads\\\/sites\\\/47\\\/2023\\\/01\\\/Logo-PANS-2022-pelne.png\",\"contentUrl\":\"https:\\\/\\\/pans.krosno.pl\\\/azs\\\/wp-content\\\/uploads\\\/sites\\\/47\\\/2023\\\/01\\\/Logo-PANS-2022-pelne.png\",\"width\":3096,\"height\":696,\"caption\":\"Sport, turystyka, AZS PANS w Kro\u015bnie\"},\"image\":{\"@id\":\"https:\\\/\\\/pans.krosno.pl\\\/azs\\\/#\\\/schema\\\/logo\\\/image\\\/\"}}]}<\/script>\n<!-- \/ Yoast SEO Premium plugin. -->","yoast_head_json":{"title":"Wyniki Bieg Soko\u0142a - Sport, turystyka, AZS PANS w Kro\u015bnie","robots":{"index":"index","follow":"follow","max-snippet":"max-snippet:-1","max-image-preview":"max-image-preview:large","max-video-preview":"max-video-preview:-1"},"canonical":"https:\/\/pans.krosno.pl\/azs\/wyniki-bieg-sokola\/","og_locale":"pl_PL","og_type":"article","og_title":"Wyniki Bieg Soko\u0142a","og_description":"13 Bieg Soko\u0142a XII Bieg Soko\u0142a XI Bieg Soko\u0142a IX Bieg Soko\u0142a VII Bieg Soko\u0142a VI Bieg Soko\u0142a V Bieg Soko\u0142a IV Bieg Soko\u0142a III Bieg Soko\u0142a II Bieg Soko\u0142a I Bieg Soko\u0142a","og_url":"https:\/\/pans.krosno.pl\/azs\/wyniki-bieg-sokola\/","og_site_name":"Sport, turystyka, AZS PANS w Kro\u015bnie","article_modified_time":"2025-05-28T08:43:45+00:00","twitter_card":"summary_large_image","twitter_misc":{"Szacowany czas czytania":"1 minuta"},"schema":{"@context":"https:\/\/schema.org","@graph":[{"@type":"WebPage","@id":"https:\/\/pans.krosno.pl\/azs\/wyniki-bieg-sokola\/","url":"https:\/\/pans.krosno.pl\/azs\/wyniki-bieg-sokola\/","name":"Wyniki Bieg Soko\u0142a - Sport, turystyka, AZS PANS w Kro\u015bnie","isPartOf":{"@id":"https:\/\/pans.krosno.pl\/azs\/#website"},"datePublished":"2020-04-16T12:22:38+00:00","dateModified":"2025-05-28T08:43:45+00:00","breadcrumb":{"@id":"https:\/\/pans.krosno.pl\/azs\/wyniki-bieg-sokola\/#breadcrumb"},"inLanguage":"pl-PL","potentialAction":[{"@type":"ReadAction","target":["https:\/\/pans.krosno.pl\/azs\/wyniki-bieg-sokola\/"]}]},{"@type":"BreadcrumbList","@id":"https:\/\/pans.krosno.pl\/azs\/wyniki-bieg-sokola\/#breadcrumb","itemListElement":[{"@type":"ListItem","position":1,"name":"Strona g\u0142\u00f3wna","item":"https:\/\/pans.krosno.pl\/azs\/"},{"@type":"ListItem","position":2,"name":"Wyniki Bieg Soko\u0142a"}]},{"@type":"WebSite","@id":"https:\/\/pans.krosno.pl\/azs\/#website","url":"https:\/\/pans.krosno.pl\/azs\/","name":"Sport, turystyka, AZS PANS w Kro\u015bnie","description":"Sport, turystyka, AZS PANS - Pa\u0144stwowa Akademia Nauk Stosowanych","publisher":{"@id":"https:\/\/pans.krosno.pl\/azs\/#organization"},"potentialAction":[{"@type":"SearchAction","target":{"@type":"EntryPoint","urlTemplate":"https:\/\/pans.krosno.pl\/azs\/?s={search_term_string}"},"query-input":{"@type":"PropertyValueSpecification","valueRequired":true,"valueName":"search_term_string"}}],"inLanguage":"pl-PL"},{"@type":"Organization","@id":"https:\/\/pans.krosno.pl\/azs\/#organization","name":"Sport, turystyka, AZS PANS w Kro\u015bnie","url":"https:\/\/pans.krosno.pl\/azs\/","logo":{"@type":"ImageObject","inLanguage":"pl-PL","@id":"https:\/\/pans.krosno.pl\/azs\/#\/schema\/logo\/image\/","url":"https:\/\/pans.krosno.pl\/azs\/wp-content\/uploads\/sites\/47\/2023\/01\/Logo-PANS-2022-pelne.png","contentUrl":"https:\/\/pans.krosno.pl\/azs\/wp-content\/uploads\/sites\/47\/2023\/01\/Logo-PANS-2022-pelne.png","width":3096,"height":696,"caption":"Sport, turystyka, AZS PANS w Kro\u015bnie"},"image":{"@id":"https:\/\/pans.krosno.pl\/azs\/#\/schema\/logo\/image\/"}}]}},"_links":{"self":[{"href":"https:\/\/pans.krosno.pl\/azs\/wp-json\/wp\/v2\/pages\/1576","targetHints":{"allow":["GET"]}}],"collection":[{"href":"https:\/\/pans.krosno.pl\/azs\/wp-json\/wp\/v2\/pages"}],"about":[{"href":"https:\/\/pans.krosno.pl\/azs\/wp-json\/wp\/v2\/types\/page"}],"author":[{"embeddable":true,"href":"https:\/\/pans.krosno.pl\/azs\/wp-json\/wp\/v2\/users\/1"}],"replies":[{"embeddable":true,"href":"https:\/\/pans.krosno.pl\/azs\/wp-json\/wp\/v2\/comments?post=1576"}],"version-history":[{"count":11,"href":"https:\/\/pans.krosno.pl\/azs\/wp-json\/wp\/v2\/pages\/1576\/revisions"}],"predecessor-version":[{"id":3909,"href":"https:\/\/pans.krosno.pl\/azs\/wp-json\/wp\/v2\/pages\/1576\/revisions\/3909"}],"wp:attachment":[{"href":"https:\/\/pans.krosno.pl\/azs\/wp-json\/wp\/v2\/media?parent=1576"}],"curies":[{"name":"wp","href":"https:\/\/api.w.org\/{rel}","templated":true}]}}