{"id":62,"date":"2020-03-11T14:47:05","date_gmt":"2020-03-11T13:47:05","guid":{"rendered":"https:\/\/pans.krosno.pl\/akjo\/?page_id=62"},"modified":"2020-03-11T14:47:10","modified_gmt":"2020-03-11T13:47:10","slug":"strona-glowna","status":"publish","type":"page","link":"https:\/\/pans.krosno.pl\/akjo\/","title":{"rendered":"Strona g\u0142\u00f3wna"},"content":{"rendered":"","protected":false},"excerpt":{"rendered":"","protected":false},"author":1,"featured_media":0,"parent":0,"menu_order":0,"comment_status":"closed","ping_status":"closed","template":"page-templates\/template-home-widgetized.php","meta":{"ngg_post_thumbnail":0,"footnotes":""},"class_list":["post-62","page","type-page","status-publish","hentry"],"yoast_head":"<!-- This site is optimized with the Yoast SEO Premium plugin v27.3 (Yoast SEO v27.3) - https:\/\/yoast.com\/product\/yoast-seo-premium-wordpress\/ -->\n<title>Strona g\u0142\u00f3wna - Academia - Kursy J\u0119zyk\u00f3w Obcych PANS w Kro\u015bnie<\/title>\n<meta name=\"robots\" content=\"index, follow, max-snippet:-1, max-image-preview:large, max-video-preview:-1\" \/>\n<link rel=\"canonical\" href=\"https:\/\/pans.krosno.pl\/akjo\/\" \/>\n<meta property=\"og:locale\" content=\"pl_PL\" \/>\n<meta property=\"og:type\" content=\"article\" \/>\n<meta property=\"og:title\" content=\"Strona g\u0142\u00f3wna\" \/>\n<meta property=\"og:url\" content=\"https:\/\/pans.krosno.pl\/akjo\/\" \/>\n<meta property=\"og:site_name\" content=\"Academia - Kursy J\u0119zyk\u00f3w Obcych PANS w Kro\u015bnie\" \/>\n<meta property=\"article:modified_time\" content=\"2020-03-11T13:47:10+00:00\" \/>\n<meta name=\"twitter:card\" content=\"summary_large_image\" \/>\n<script type=\"application\/ld+json\" class=\"yoast-schema-graph\">{\"@context\":\"https:\\\/\\\/schema.org\",\"@graph\":[{\"@type\":\"WebPage\",\"@id\":\"https:\\\/\\\/pans.krosno.pl\\\/akjo\\\/\",\"url\":\"https:\\\/\\\/pans.krosno.pl\\\/akjo\\\/\",\"name\":\"Strona g\u0142\u00f3wna - Academia - Kursy J\u0119zyk\u00f3w Obcych PANS w Kro\u015bnie\",\"isPartOf\":{\"@id\":\"https:\\\/\\\/pans.krosno.pl\\\/akjo\\\/#website\"},\"datePublished\":\"2020-03-11T13:47:05+00:00\",\"dateModified\":\"2020-03-11T13:47:10+00:00\",\"breadcrumb\":{\"@id\":\"https:\\\/\\\/pans.krosno.pl\\\/akjo\\\/#breadcrumb\"},\"inLanguage\":\"pl-PL\",\"potentialAction\":[{\"@type\":\"ReadAction\",\"target\":[\"https:\\\/\\\/pans.krosno.pl\\\/akjo\\\/\"]}]},{\"@type\":\"BreadcrumbList\",\"@id\":\"https:\\\/\\\/pans.krosno.pl\\\/akjo\\\/#breadcrumb\",\"itemListElement\":[{\"@type\":\"ListItem\",\"position\":1,\"name\":\"Strona g\u0142\u00f3wna\",\"item\":\"https:\\\/\\\/pans.krosno.pl\\\/akjo\\\/\"},{\"@type\":\"ListItem\",\"position\":2,\"name\":\"Strona g\u0142\u00f3wna\"}]},{\"@type\":\"WebSite\",\"@id\":\"https:\\\/\\\/pans.krosno.pl\\\/akjo\\\/#website\",\"url\":\"https:\\\/\\\/pans.krosno.pl\\\/akjo\\\/\",\"name\":\"Academia - Kursy J\u0119zyk\u00f3w Obcych PANS w Kro\u015bnie\",\"description\":\"Academia - Kursy J\u0119zyk\u00f3w Obcych - Pa\u0144stwowa Akademia Nauk Stosowanych\",\"publisher\":{\"@id\":\"https:\\\/\\\/pans.krosno.pl\\\/akjo\\\/#organization\"},\"potentialAction\":[{\"@type\":\"SearchAction\",\"target\":{\"@type\":\"EntryPoint\",\"urlTemplate\":\"https:\\\/\\\/pans.krosno.pl\\\/akjo\\\/?s={search_term_string}\"},\"query-input\":{\"@type\":\"PropertyValueSpecification\",\"valueRequired\":true,\"valueName\":\"search_term_string\"}}],\"inLanguage\":\"pl-PL\"},{\"@type\":\"Organization\",\"@id\":\"https:\\\/\\\/pans.krosno.pl\\\/akjo\\\/#organization\",\"name\":\"Academia - Kursy J\u0119zyk\u00f3w Obcych PANS w Kro\u015bnie\",\"url\":\"https:\\\/\\\/pans.krosno.pl\\\/akjo\\\/\",\"logo\":{\"@type\":\"ImageObject\",\"inLanguage\":\"pl-PL\",\"@id\":\"https:\\\/\\\/pans.krosno.pl\\\/akjo\\\/#\\\/schema\\\/logo\\\/image\\\/\",\"url\":\"https:\\\/\\\/pans.krosno.pl\\\/akjo\\\/wp-content\\\/uploads\\\/sites\\\/40\\\/2023\\\/01\\\/Logo-PANS-2022-pelne.png\",\"contentUrl\":\"https:\\\/\\\/pans.krosno.pl\\\/akjo\\\/wp-content\\\/uploads\\\/sites\\\/40\\\/2023\\\/01\\\/Logo-PANS-2022-pelne.png\",\"width\":3096,\"height\":696,\"caption\":\"Academia - Kursy J\u0119zyk\u00f3w Obcych PANS w Kro\u015bnie\"},\"image\":{\"@id\":\"https:\\\/\\\/pans.krosno.pl\\\/akjo\\\/#\\\/schema\\\/logo\\\/image\\\/\"}}]}<\/script>\n<!-- \/ Yoast SEO Premium plugin. -->","yoast_head_json":{"title":"Strona g\u0142\u00f3wna - Academia - Kursy J\u0119zyk\u00f3w Obcych PANS w Kro\u015bnie","robots":{"index":"index","follow":"follow","max-snippet":"max-snippet:-1","max-image-preview":"max-image-preview:large","max-video-preview":"max-video-preview:-1"},"canonical":"https:\/\/pans.krosno.pl\/akjo\/","og_locale":"pl_PL","og_type":"article","og_title":"Strona g\u0142\u00f3wna","og_url":"https:\/\/pans.krosno.pl\/akjo\/","og_site_name":"Academia - Kursy J\u0119zyk\u00f3w Obcych PANS w Kro\u015bnie","article_modified_time":"2020-03-11T13:47:10+00:00","twitter_card":"summary_large_image","schema":{"@context":"https:\/\/schema.org","@graph":[{"@type":"WebPage","@id":"https:\/\/pans.krosno.pl\/akjo\/","url":"https:\/\/pans.krosno.pl\/akjo\/","name":"Strona g\u0142\u00f3wna - Academia - Kursy J\u0119zyk\u00f3w Obcych PANS w Kro\u015bnie","isPartOf":{"@id":"https:\/\/pans.krosno.pl\/akjo\/#website"},"datePublished":"2020-03-11T13:47:05+00:00","dateModified":"2020-03-11T13:47:10+00:00","breadcrumb":{"@id":"https:\/\/pans.krosno.pl\/akjo\/#breadcrumb"},"inLanguage":"pl-PL","potentialAction":[{"@type":"ReadAction","target":["https:\/\/pans.krosno.pl\/akjo\/"]}]},{"@type":"BreadcrumbList","@id":"https:\/\/pans.krosno.pl\/akjo\/#breadcrumb","itemListElement":[{"@type":"ListItem","position":1,"name":"Strona g\u0142\u00f3wna","item":"https:\/\/pans.krosno.pl\/akjo\/"},{"@type":"ListItem","position":2,"name":"Strona g\u0142\u00f3wna"}]},{"@type":"WebSite","@id":"https:\/\/pans.krosno.pl\/akjo\/#website","url":"https:\/\/pans.krosno.pl\/akjo\/","name":"Academia - Kursy J\u0119zyk\u00f3w Obcych PANS w Kro\u015bnie","description":"Academia - Kursy J\u0119zyk\u00f3w Obcych - Pa\u0144stwowa Akademia Nauk Stosowanych","publisher":{"@id":"https:\/\/pans.krosno.pl\/akjo\/#organization"},"potentialAction":[{"@type":"SearchAction","target":{"@type":"EntryPoint","urlTemplate":"https:\/\/pans.krosno.pl\/akjo\/?s={search_term_string}"},"query-input":{"@type":"PropertyValueSpecification","valueRequired":true,"valueName":"search_term_string"}}],"inLanguage":"pl-PL"},{"@type":"Organization","@id":"https:\/\/pans.krosno.pl\/akjo\/#organization","name":"Academia - Kursy J\u0119zyk\u00f3w Obcych PANS w Kro\u015bnie","url":"https:\/\/pans.krosno.pl\/akjo\/","logo":{"@type":"ImageObject","inLanguage":"pl-PL","@id":"https:\/\/pans.krosno.pl\/akjo\/#\/schema\/logo\/image\/","url":"https:\/\/pans.krosno.pl\/akjo\/wp-content\/uploads\/sites\/40\/2023\/01\/Logo-PANS-2022-pelne.png","contentUrl":"https:\/\/pans.krosno.pl\/akjo\/wp-content\/uploads\/sites\/40\/2023\/01\/Logo-PANS-2022-pelne.png","width":3096,"height":696,"caption":"Academia - Kursy J\u0119zyk\u00f3w Obcych PANS w Kro\u015bnie"},"image":{"@id":"https:\/\/pans.krosno.pl\/akjo\/#\/schema\/logo\/image\/"}}]}},"_links":{"self":[{"href":"https:\/\/pans.krosno.pl\/akjo\/wp-json\/wp\/v2\/pages\/62","targetHints":{"allow":["GET"]}}],"collection":[{"href":"https:\/\/pans.krosno.pl\/akjo\/wp-json\/wp\/v2\/pages"}],"about":[{"href":"https:\/\/pans.krosno.pl\/akjo\/wp-json\/wp\/v2\/types\/page"}],"author":[{"embeddable":true,"href":"https:\/\/pans.krosno.pl\/akjo\/wp-json\/wp\/v2\/users\/1"}],"replies":[{"embeddable":true,"href":"https:\/\/pans.krosno.pl\/akjo\/wp-json\/wp\/v2\/comments?post=62"}],"version-history":[{"count":1,"href":"https:\/\/pans.krosno.pl\/akjo\/wp-json\/wp\/v2\/pages\/62\/revisions"}],"predecessor-version":[{"id":63,"href":"https:\/\/pans.krosno.pl\/akjo\/wp-json\/wp\/v2\/pages\/62\/revisions\/63"}],"wp:attachment":[{"href":"https:\/\/pans.krosno.pl\/akjo\/wp-json\/wp\/v2\/media?parent=62"}],"curies":[{"name":"wp","href":"https:\/\/api.w.org\/{rel}","templated":true}]}}