{"id":2978,"date":"2022-09-07T13:45:35","date_gmt":"2022-09-07T11:45:35","guid":{"rendered":"https:\/\/pans.krosno.pl\/akjo\/?page_id=2978"},"modified":"2022-09-08T11:26:45","modified_gmt":"2022-09-08T09:26:45","slug":"spacerkiem-o-academii","status":"publish","type":"page","link":"https:\/\/pans.krosno.pl\/akjo\/spacerkiem-o-academii\/","title":{"rendered":"Spacerkiem o Academii"},"content":{"rendered":"\n<figure class=\"wp-block-embed is-type-video is-provider-youtube wp-block-embed-youtube wp-embed-aspect-16-9 wp-has-aspect-ratio\"><div class=\"wp-block-embed__wrapper\">\n<iframe loading=\"lazy\" title=\"Podsumowanie roku szkolnego 2021\/2022 w j\u0119zykowej Academii\" width=\"740\" height=\"416\" src=\"https:\/\/www.youtube.com\/embed\/KTwu7cuYx4c?feature=oembed\" frameborder=\"0\" allow=\"accelerometer; autoplay; clipboard-write; encrypted-media; gyroscope; picture-in-picture\" allowfullscreen><\/iframe>\n<\/div><figcaption>Podsumowanie roku szkolnego 2021\/2022 w j\u0119zykowej Academii<\/figcaption><\/figure>\n\n\n\n<figure class=\"wp-block-embed is-type-video is-provider-youtube wp-block-embed-youtube wp-embed-aspect-16-9 wp-has-aspect-ratio\"><div class=\"wp-block-embed__wrapper\">\n<iframe loading=\"lazy\" title=\"\u017byczenia \u015bwi\u0105teczne\" width=\"740\" height=\"416\" src=\"https:\/\/www.youtube.com\/embed\/Sk79ygztvKc?feature=oembed\" frameborder=\"0\" allow=\"accelerometer; autoplay; clipboard-write; encrypted-media; gyroscope; picture-in-picture\" allowfullscreen><\/iframe>\n<\/div><figcaption>\u017byczenia \u015bwi\u0105teczne<\/figcaption><\/figure>\n\n\n\n<figure class=\"wp-block-embed is-type-video is-provider-youtube wp-block-embed-youtube wp-embed-aspect-16-9 wp-has-aspect-ratio\"><div class=\"wp-block-embed__wrapper\">\n<iframe loading=\"lazy\" title=\"Konkurs w j\u0119zykowej Academii\" width=\"740\" height=\"416\" src=\"https:\/\/www.youtube.com\/embed\/-eZ46oWmrIc?feature=oembed\" frameborder=\"0\" allow=\"accelerometer; autoplay; clipboard-write; encrypted-media; gyroscope; picture-in-picture\" allowfullscreen><\/iframe>\n<\/div><figcaption>Konkurs w j\u0119zykowej Academii<\/figcaption><\/figure>\n\n\n\n<figure class=\"wp-block-embed is-type-video is-provider-youtube wp-block-embed-youtube wp-embed-aspect-16-9 wp-has-aspect-ratio\"><div class=\"wp-block-embed__wrapper\">\n<iframe loading=\"lazy\" title=\"Halloween w Academii\" width=\"740\" height=\"416\" src=\"https:\/\/www.youtube.com\/embed\/jT7oVt66FoM?feature=oembed\" frameborder=\"0\" allow=\"accelerometer; autoplay; clipboard-write; encrypted-media; gyroscope; picture-in-picture\" allowfullscreen><\/iframe>\n<\/div><figcaption>Halloween w Academii<\/figcaption><\/figure>\n\n\n\n<figure class=\"wp-block-embed is-type-video is-provider-youtube wp-block-embed-youtube wp-embed-aspect-16-9 wp-has-aspect-ratio\"><div class=\"wp-block-embed__wrapper\">\n<iframe loading=\"lazy\" title=\"Academia\" width=\"740\" height=\"416\" src=\"https:\/\/www.youtube.com\/embed\/96F8C8t7Grw?feature=oembed\" frameborder=\"0\" allow=\"accelerometer; autoplay; clipboard-write; encrypted-media; gyroscope; picture-in-picture\" allowfullscreen><\/iframe>\n<\/div><figcaption>Podsumowanie roku szkolnego 2020\/2021 w j\u0119zykowej Academii<\/figcaption><\/figure>\n\n\n\n<figure class=\"wp-block-embed is-type-video is-provider-youtube wp-block-embed-youtube wp-embed-aspect-16-9 wp-has-aspect-ratio\"><div class=\"wp-block-embed__wrapper\">\n<iframe loading=\"lazy\" title=\"Academia \u2013 Bitwa na ksi\u0105\u017cki i smoki rozstrzygni\u0119ta \u2013 og\u0142oszenie wynik\u00f3w konkursu\" width=\"740\" height=\"416\" src=\"https:\/\/www.youtube.com\/embed\/IiR80oG6bZA?feature=oembed\" frameborder=\"0\" allow=\"accelerometer; autoplay; clipboard-write; encrypted-media; gyroscope; picture-in-picture\" allowfullscreen><\/iframe>\n<\/div><figcaption>Academia \u2013 Bitwa na ksi\u0105\u017cki i smoki rozstrzygni\u0119ta \u2013 og\u0142oszenie wynik\u00f3w konkursu<\/figcaption><\/figure>\n\n\n\n<figure class=\"wp-block-embed is-type-video is-provider-youtube wp-block-embed-youtube wp-embed-aspect-16-9 wp-has-aspect-ratio\"><div class=\"wp-block-embed__wrapper\">\n<iframe loading=\"lazy\" title=\"Losowania nagr\u00f3d w Academii\" width=\"740\" height=\"416\" src=\"https:\/\/www.youtube.com\/embed\/Vs3q18yl0z4?feature=oembed\" frameborder=\"0\" allow=\"accelerometer; autoplay; clipboard-write; encrypted-media; gyroscope; picture-in-picture\" allowfullscreen><\/iframe>\n<\/div><figcaption>Losowania nagr\u00f3d w Academii<\/figcaption><\/figure>\n\n\n\n<figure class=\"wp-block-embed is-type-video is-provider-youtube wp-block-embed-youtube wp-embed-aspect-16-9 wp-has-aspect-ratio\"><div class=\"wp-block-embed__wrapper\">\n<iframe loading=\"lazy\" title=\"Merry Christmas and Happy New Year\" width=\"740\" height=\"416\" src=\"https:\/\/www.youtube.com\/embed\/tgz06sFFaNU?feature=oembed\" frameborder=\"0\" allow=\"accelerometer; autoplay; clipboard-write; encrypted-media; gyroscope; picture-in-picture\" allowfullscreen><\/iframe>\n<\/div><figcaption>Merry Christmas and Happy New Year<\/figcaption><\/figure>\n\n\n\n<figure class=\"wp-block-embed is-type-video is-provider-youtube wp-block-embed-youtube wp-embed-aspect-16-9 wp-has-aspect-ratio\"><div class=\"wp-block-embed__wrapper\">\n<iframe loading=\"lazy\" title=\"Academia Kursy J\u0119zyk\u00f3w Obcych \u2013 podsumowanie roku szkolnego 2019\/2020\" width=\"740\" height=\"416\" src=\"https:\/\/www.youtube.com\/embed\/bf2Irt5zmag?feature=oembed\" frameborder=\"0\" allow=\"accelerometer; autoplay; clipboard-write; encrypted-media; gyroscope; picture-in-picture\" allowfullscreen><\/iframe>\n<\/div><figcaption>Academia Kursy J\u0119zyk\u00f3w Obcych \u2013 podsumowanie roku szkolnego 2019\/2020<\/figcaption><\/figure>\n\n\n\n<figure class=\"wp-block-embed is-type-video is-provider-youtube wp-block-embed-youtube wp-embed-aspect-16-9 wp-has-aspect-ratio\"><div class=\"wp-block-embed__wrapper\">\n<iframe loading=\"lazy\" title=\"00406 18\" width=\"740\" height=\"416\" src=\"https:\/\/www.youtube.com\/embed\/6kRtAYAYuvs?feature=oembed\" frameborder=\"0\" allow=\"accelerometer; autoplay; clipboard-write; encrypted-media; gyroscope; picture-in-picture\" allowfullscreen><\/iframe>\n<\/div><figcaption>Podsumowanie roku 2019<\/figcaption><\/figure>\n\n\n\n<figure class=\"wp-block-embed is-type-video is-provider-youtube wp-block-embed-youtube wp-embed-aspect-16-9 wp-has-aspect-ratio\"><div class=\"wp-block-embed__wrapper\">\n<iframe loading=\"lazy\" title=\"Projekt: List do Kr\u00f3lowej El\u017cbiety II\" width=\"740\" height=\"416\" src=\"https:\/\/www.youtube.com\/embed\/DQqjihTrBE8?feature=oembed\" frameborder=\"0\" allow=\"accelerometer; autoplay; clipboard-write; encrypted-media; gyroscope; picture-in-picture\" allowfullscreen><\/iframe>\n<\/div><figcaption>Projekt: List do Kr\u00f3lowej El\u017cbiety II<\/figcaption><\/figure>\n\n\n\n<figure class=\"wp-block-embed is-type-video is-provider-youtube wp-block-embed-youtube wp-embed-aspect-16-9 wp-has-aspect-ratio\"><div class=\"wp-block-embed__wrapper\">\n<iframe loading=\"lazy\" title=\"Tydzie\u0144 Halloween\" width=\"740\" height=\"416\" src=\"https:\/\/www.youtube.com\/embed\/hPljqn4AGFw?feature=oembed\" frameborder=\"0\" allow=\"accelerometer; autoplay; clipboard-write; encrypted-media; gyroscope; picture-in-picture\" allowfullscreen><\/iframe>\n<\/div><figcaption>Tydzie\u0144 Halloween<\/figcaption><\/figure>\n\n\n\n<figure class=\"wp-block-embed is-type-video is-provider-youtube wp-block-embed-youtube wp-embed-aspect-16-9 wp-has-aspect-ratio\"><div class=\"wp-block-embed__wrapper\">\n<iframe loading=\"lazy\" title=\"Halloween w Academii\" width=\"740\" height=\"416\" src=\"https:\/\/www.youtube.com\/embed\/BQxmDFUd4yo?feature=oembed\" frameborder=\"0\" allow=\"accelerometer; autoplay; clipboard-write; encrypted-media; gyroscope; picture-in-picture\" allowfullscreen><\/iframe>\n<\/div><figcaption>Halloween w Academii<\/figcaption><\/figure>\n\n\n\n<figure class=\"wp-block-embed is-type-video is-provider-youtube wp-block-embed-youtube wp-embed-aspect-16-9 wp-has-aspect-ratio\"><div class=\"wp-block-embed__wrapper\">\n<iframe loading=\"lazy\" title=\"Podsumowanie roku szkolnego 2018\/2019 w Academii\" width=\"740\" height=\"416\" src=\"https:\/\/www.youtube.com\/embed\/RysvKydT-aY?feature=oembed\" frameborder=\"0\" allow=\"accelerometer; autoplay; clipboard-write; encrypted-media; gyroscope; picture-in-picture\" allowfullscreen><\/iframe>\n<\/div><figcaption>Podsumowanie roku szkolnego 2018\/2019 w Academii<\/figcaption><\/figure>\n\n\n\n<figure class=\"wp-block-embed is-type-video is-provider-youtube wp-block-embed-youtube wp-embed-aspect-16-9 wp-has-aspect-ratio\"><div class=\"wp-block-embed__wrapper\">\n<iframe loading=\"lazy\" title=\"YLE  Flyers\" width=\"740\" height=\"416\" src=\"https:\/\/www.youtube.com\/embed\/ryrGduLlnYc?feature=oembed\" frameborder=\"0\" allow=\"accelerometer; autoplay; clipboard-write; encrypted-media; gyroscope; picture-in-picture\" allowfullscreen><\/iframe>\n<\/div><\/figure>\n\n\n\n<figure class=\"wp-block-embed is-type-video is-provider-youtube wp-block-embed-youtube wp-embed-aspect-16-9 wp-has-aspect-ratio\"><div class=\"wp-block-embed__wrapper\">\n<iframe loading=\"lazy\" title=\"FCE for Schools\" width=\"740\" height=\"416\" src=\"https:\/\/www.youtube.com\/embed\/K9wfyxNRXaE?feature=oembed\" frameborder=\"0\" allow=\"accelerometer; autoplay; clipboard-write; encrypted-media; gyroscope; picture-in-picture\" allowfullscreen><\/iframe>\n<\/div><\/figure>\n\n\n\n<figure class=\"wp-block-embed is-type-video is-provider-youtube wp-block-embed-youtube wp-embed-aspect-16-9 wp-has-aspect-ratio\"><div class=\"wp-block-embed__wrapper\">\n<iframe loading=\"lazy\" title=\"KET For Schools\" width=\"740\" height=\"416\" src=\"https:\/\/www.youtube.com\/embed\/Qd-zwJK142c?feature=oembed\" frameborder=\"0\" allow=\"accelerometer; autoplay; clipboard-write; encrypted-media; gyroscope; picture-in-picture\" allowfullscreen><\/iframe>\n<\/div><\/figure>\n\n\n\n<figure class=\"wp-block-embed is-type-video is-provider-youtube wp-block-embed-youtube wp-embed-aspect-16-9 wp-has-aspect-ratio\"><div class=\"wp-block-embed__wrapper\">\n<iframe loading=\"lazy\" title=\"Uczniowie Acadeemii dla Rodzic\u00f3w\" width=\"740\" height=\"416\" src=\"https:\/\/www.youtube.com\/embed\/1FQOWteeAjQ?feature=oembed\" frameborder=\"0\" allow=\"accelerometer; autoplay; clipboard-write; encrypted-media; gyroscope; picture-in-picture\" allowfullscreen><\/iframe>\n<\/div><\/figure>\n\n\n\n<figure class=\"wp-block-embed is-type-video is-provider-youtube wp-block-embed-youtube wp-embed-aspect-16-9 wp-has-aspect-ratio\"><div class=\"wp-block-embed__wrapper\">\n<iframe loading=\"lazy\" title=\"Academia Kursy J\u0119zyk\u00f3w Obcych \u2013 podsumowanie roku 2018\" width=\"740\" height=\"416\" src=\"https:\/\/www.youtube.com\/embed\/3vwG2N7fsPI?feature=oembed\" frameborder=\"0\" allow=\"accelerometer; autoplay; clipboard-write; encrypted-media; gyroscope; picture-in-picture\" allowfullscreen><\/iframe>\n<\/div><figcaption>Academia Kursy J\u0119zyk\u00f3w Obcych \u2013 podsumowanie roku 2018<\/figcaption><\/figure>\n\n\n\n<figure class=\"wp-block-embed is-type-video is-provider-youtube wp-block-embed-youtube wp-embed-aspect-16-9 wp-has-aspect-ratio\"><div class=\"wp-block-embed__wrapper\">\n<iframe loading=\"lazy\" title=\"Academia podsumowanie roku szkolnego\" width=\"740\" height=\"416\" src=\"https:\/\/www.youtube.com\/embed\/P5syYWhFp9g?feature=oembed\" frameborder=\"0\" allow=\"accelerometer; autoplay; clipboard-write; encrypted-media; gyroscope; picture-in-picture\" allowfullscreen><\/iframe>\n<\/div><figcaption>Academia Kursy J\u0119zyk\u00f3w Obcych \u2013 podsumowanie roku szkolnego 2017\/2018<\/figcaption><\/figure>\n\n\n\n<figure class=\"wp-block-embed is-type-video is-provider-youtube wp-block-embed-youtube wp-embed-aspect-16-9 wp-has-aspect-ratio\"><div class=\"wp-block-embed__wrapper\">\n<iframe loading=\"lazy\" title=\"Academia przy PWSZ w Kro\u015bnie\" width=\"740\" height=\"416\" src=\"https:\/\/www.youtube.com\/embed\/3q8YWRwEHg8?feature=oembed\" frameborder=\"0\" allow=\"accelerometer; autoplay; clipboard-write; encrypted-media; gyroscope; picture-in-picture\" allowfullscreen><\/iframe>\n<\/div><\/figure>\n\n\n\n<figure class=\"wp-block-embed is-type-video is-provider-youtube wp-block-embed-youtube wp-embed-aspect-16-9 wp-has-aspect-ratio\"><div class=\"wp-block-embed__wrapper\">\n<iframe loading=\"lazy\" title=\"Halloween Party w Academii\" width=\"740\" height=\"416\" src=\"https:\/\/www.youtube.com\/embed\/CDcn14cjFTo?feature=oembed\" frameborder=\"0\" allow=\"accelerometer; autoplay; clipboard-write; encrypted-media; gyroscope; picture-in-picture\" allowfullscreen><\/iframe>\n<\/div><figcaption>Halloween Party w Academii<\/figcaption><\/figure>\n\n\n\n<figure class=\"wp-block-embed is-type-video is-provider-youtube wp-block-embed-youtube wp-embed-aspect-16-9 wp-has-aspect-ratio\"><div class=\"wp-block-embed__wrapper\">\n<iframe loading=\"lazy\" title=\"DSC 8913\" width=\"740\" height=\"416\" src=\"https:\/\/www.youtube.com\/embed\/lhGqHrG0V3k?feature=oembed\" frameborder=\"0\" allow=\"accelerometer; autoplay; clipboard-write; encrypted-media; gyroscope; picture-in-picture\" allowfullscreen><\/iframe>\n<\/div><figcaption>Gala wr\u0119czenia mi\u0119dzynarodowych certyfikat\u00f3w <\/figcaption><\/figure>\n\n\n\n<figure class=\"wp-block-embed is-type-video is-provider-youtube wp-block-embed-youtube wp-embed-aspect-16-9 wp-has-aspect-ratio\"><div class=\"wp-block-embed__wrapper\">\n<iframe loading=\"lazy\" title=\"Magic Christmas in Academia\" width=\"740\" height=\"416\" src=\"https:\/\/www.youtube.com\/embed\/iGR0Ur1Gujk?feature=oembed\" frameborder=\"0\" allow=\"accelerometer; autoplay; clipboard-write; encrypted-media; gyroscope; picture-in-picture\" allowfullscreen><\/iframe>\n<\/div><figcaption>Magic Christmas in Academia<\/figcaption><\/figure>\n\n\n\n<figure class=\"wp-block-embed is-type-video is-provider-youtube wp-block-embed-youtube wp-embed-aspect-16-9 wp-has-aspect-ratio\"><div class=\"wp-block-embed__wrapper\">\n<iframe loading=\"lazy\" title=\"Academia kursy j\u0119zyk\u00f3w obcych w Kro\u015bnie\" width=\"740\" height=\"416\" src=\"https:\/\/www.youtube.com\/embed\/SzyCaPycpn4?feature=oembed\" frameborder=\"0\" allow=\"accelerometer; autoplay; clipboard-write; encrypted-media; gyroscope; picture-in-picture\" allowfullscreen><\/iframe>\n<\/div><\/figure>\n\n\n\n<figure class=\"wp-block-embed is-type-video is-provider-youtube wp-block-embed-youtube wp-embed-aspect-16-9 wp-has-aspect-ratio\"><div class=\"wp-block-embed__wrapper\">\n<iframe loading=\"lazy\" title=\"Academia kursy j\u0119zyk\u00f3w obcych w Kro\u015bnie\" width=\"740\" height=\"416\" src=\"https:\/\/www.youtube.com\/embed\/UJg2b1bwmNs?feature=oembed\" frameborder=\"0\" allow=\"accelerometer; autoplay; clipboard-write; encrypted-media; gyroscope; picture-in-picture\" allowfullscreen><\/iframe>\n<\/div><\/figure>\n\n\n\n<figure class=\"wp-block-embed is-type-video is-provider-youtube wp-block-embed-youtube wp-embed-aspect-16-9 wp-has-aspect-ratio\"><div class=\"wp-block-embed__wrapper\">\n<iframe loading=\"lazy\" title=\"British Council i egzaminy Cambridge w PWSZ\" width=\"740\" height=\"416\" src=\"https:\/\/www.youtube.com\/embed\/v9PhWYUG3o8?feature=oembed\" frameborder=\"0\" allow=\"accelerometer; autoplay; clipboard-write; encrypted-media; gyroscope; picture-in-picture\" allowfullscreen><\/iframe>\n<\/div><figcaption>British Council i egzaminy Cambridge w PWSZ<\/figcaption><\/figure>\n","protected":false},"excerpt":{"rendered":"","protected":false},"author":27,"featured_media":0,"parent":0,"menu_order":0,"comment_status":"closed","ping_status":"closed","template":"","meta":{"ngg_post_thumbnail":0,"footnotes":""},"class_list":["post-2978","page","type-page","status-publish","hentry"],"yoast_head":"<!-- This site is optimized with the Yoast SEO Premium plugin v27.3 (Yoast SEO v27.3) - https:\/\/yoast.com\/product\/yoast-seo-premium-wordpress\/ -->\n<title>Spacerkiem o Academii - Academia - Kursy J\u0119zyk\u00f3w Obcych PANS w Kro\u015bnie<\/title>\n<meta name=\"robots\" content=\"index, follow, max-snippet:-1, max-image-preview:large, max-video-preview:-1\" \/>\n<link rel=\"canonical\" href=\"https:\/\/pans.krosno.pl\/akjo\/spacerkiem-o-academii\/\" \/>\n<meta property=\"og:locale\" content=\"pl_PL\" \/>\n<meta property=\"og:type\" content=\"article\" \/>\n<meta property=\"og:title\" content=\"Spacerkiem o Academii\" \/>\n<meta property=\"og:url\" content=\"https:\/\/pans.krosno.pl\/akjo\/spacerkiem-o-academii\/\" \/>\n<meta property=\"og:site_name\" content=\"Academia - Kursy J\u0119zyk\u00f3w Obcych PANS w Kro\u015bnie\" \/>\n<meta property=\"article:modified_time\" content=\"2022-09-08T09:26:45+00:00\" \/>\n<meta name=\"twitter:card\" content=\"summary_large_image\" \/>\n<meta name=\"twitter:label1\" content=\"Szacowany czas czytania\" \/>\n\t<meta name=\"twitter:data1\" content=\"1 minuta\" \/>\n<script type=\"application\/ld+json\" class=\"yoast-schema-graph\">{\"@context\":\"https:\\\/\\\/schema.org\",\"@graph\":[{\"@type\":\"WebPage\",\"@id\":\"https:\\\/\\\/pans.krosno.pl\\\/akjo\\\/spacerkiem-o-academii\\\/\",\"url\":\"https:\\\/\\\/pans.krosno.pl\\\/akjo\\\/spacerkiem-o-academii\\\/\",\"name\":\"Spacerkiem o Academii - Academia - Kursy J\u0119zyk\u00f3w Obcych PANS w Kro\u015bnie\",\"isPartOf\":{\"@id\":\"https:\\\/\\\/pans.krosno.pl\\\/akjo\\\/#website\"},\"datePublished\":\"2022-09-07T11:45:35+00:00\",\"dateModified\":\"2022-09-08T09:26:45+00:00\",\"breadcrumb\":{\"@id\":\"https:\\\/\\\/pans.krosno.pl\\\/akjo\\\/spacerkiem-o-academii\\\/#breadcrumb\"},\"inLanguage\":\"pl-PL\",\"potentialAction\":[{\"@type\":\"ReadAction\",\"target\":[\"https:\\\/\\\/pans.krosno.pl\\\/akjo\\\/spacerkiem-o-academii\\\/\"]}]},{\"@type\":\"BreadcrumbList\",\"@id\":\"https:\\\/\\\/pans.krosno.pl\\\/akjo\\\/spacerkiem-o-academii\\\/#breadcrumb\",\"itemListElement\":[{\"@type\":\"ListItem\",\"position\":1,\"name\":\"Strona g\u0142\u00f3wna\",\"item\":\"https:\\\/\\\/pans.krosno.pl\\\/akjo\\\/\"},{\"@type\":\"ListItem\",\"position\":2,\"name\":\"Spacerkiem o Academii\"}]},{\"@type\":\"WebSite\",\"@id\":\"https:\\\/\\\/pans.krosno.pl\\\/akjo\\\/#website\",\"url\":\"https:\\\/\\\/pans.krosno.pl\\\/akjo\\\/\",\"name\":\"Academia - Kursy J\u0119zyk\u00f3w Obcych PANS w Kro\u015bnie\",\"description\":\"Academia - Kursy J\u0119zyk\u00f3w Obcych - Pa\u0144stwowa Akademia Nauk Stosowanych\",\"publisher\":{\"@id\":\"https:\\\/\\\/pans.krosno.pl\\\/akjo\\\/#organization\"},\"potentialAction\":[{\"@type\":\"SearchAction\",\"target\":{\"@type\":\"EntryPoint\",\"urlTemplate\":\"https:\\\/\\\/pans.krosno.pl\\\/akjo\\\/?s={search_term_string}\"},\"query-input\":{\"@type\":\"PropertyValueSpecification\",\"valueRequired\":true,\"valueName\":\"search_term_string\"}}],\"inLanguage\":\"pl-PL\"},{\"@type\":\"Organization\",\"@id\":\"https:\\\/\\\/pans.krosno.pl\\\/akjo\\\/#organization\",\"name\":\"Academia - Kursy J\u0119zyk\u00f3w Obcych PANS w Kro\u015bnie\",\"url\":\"https:\\\/\\\/pans.krosno.pl\\\/akjo\\\/\",\"logo\":{\"@type\":\"ImageObject\",\"inLanguage\":\"pl-PL\",\"@id\":\"https:\\\/\\\/pans.krosno.pl\\\/akjo\\\/#\\\/schema\\\/logo\\\/image\\\/\",\"url\":\"https:\\\/\\\/pans.krosno.pl\\\/akjo\\\/wp-content\\\/uploads\\\/sites\\\/40\\\/2023\\\/01\\\/Logo-PANS-2022-pelne.png\",\"contentUrl\":\"https:\\\/\\\/pans.krosno.pl\\\/akjo\\\/wp-content\\\/uploads\\\/sites\\\/40\\\/2023\\\/01\\\/Logo-PANS-2022-pelne.png\",\"width\":3096,\"height\":696,\"caption\":\"Academia - Kursy J\u0119zyk\u00f3w Obcych PANS w Kro\u015bnie\"},\"image\":{\"@id\":\"https:\\\/\\\/pans.krosno.pl\\\/akjo\\\/#\\\/schema\\\/logo\\\/image\\\/\"}}]}<\/script>\n<!-- \/ Yoast SEO Premium plugin. -->","yoast_head_json":{"title":"Spacerkiem o Academii - Academia - Kursy J\u0119zyk\u00f3w Obcych PANS w Kro\u015bnie","robots":{"index":"index","follow":"follow","max-snippet":"max-snippet:-1","max-image-preview":"max-image-preview:large","max-video-preview":"max-video-preview:-1"},"canonical":"https:\/\/pans.krosno.pl\/akjo\/spacerkiem-o-academii\/","og_locale":"pl_PL","og_type":"article","og_title":"Spacerkiem o Academii","og_url":"https:\/\/pans.krosno.pl\/akjo\/spacerkiem-o-academii\/","og_site_name":"Academia - Kursy J\u0119zyk\u00f3w Obcych PANS w Kro\u015bnie","article_modified_time":"2022-09-08T09:26:45+00:00","twitter_card":"summary_large_image","twitter_misc":{"Szacowany czas czytania":"1 minuta"},"schema":{"@context":"https:\/\/schema.org","@graph":[{"@type":"WebPage","@id":"https:\/\/pans.krosno.pl\/akjo\/spacerkiem-o-academii\/","url":"https:\/\/pans.krosno.pl\/akjo\/spacerkiem-o-academii\/","name":"Spacerkiem o Academii - Academia - Kursy J\u0119zyk\u00f3w Obcych PANS w Kro\u015bnie","isPartOf":{"@id":"https:\/\/pans.krosno.pl\/akjo\/#website"},"datePublished":"2022-09-07T11:45:35+00:00","dateModified":"2022-09-08T09:26:45+00:00","breadcrumb":{"@id":"https:\/\/pans.krosno.pl\/akjo\/spacerkiem-o-academii\/#breadcrumb"},"inLanguage":"pl-PL","potentialAction":[{"@type":"ReadAction","target":["https:\/\/pans.krosno.pl\/akjo\/spacerkiem-o-academii\/"]}]},{"@type":"BreadcrumbList","@id":"https:\/\/pans.krosno.pl\/akjo\/spacerkiem-o-academii\/#breadcrumb","itemListElement":[{"@type":"ListItem","position":1,"name":"Strona g\u0142\u00f3wna","item":"https:\/\/pans.krosno.pl\/akjo\/"},{"@type":"ListItem","position":2,"name":"Spacerkiem o Academii"}]},{"@type":"WebSite","@id":"https:\/\/pans.krosno.pl\/akjo\/#website","url":"https:\/\/pans.krosno.pl\/akjo\/","name":"Academia - Kursy J\u0119zyk\u00f3w Obcych PANS w Kro\u015bnie","description":"Academia - Kursy J\u0119zyk\u00f3w Obcych - Pa\u0144stwowa Akademia Nauk Stosowanych","publisher":{"@id":"https:\/\/pans.krosno.pl\/akjo\/#organization"},"potentialAction":[{"@type":"SearchAction","target":{"@type":"EntryPoint","urlTemplate":"https:\/\/pans.krosno.pl\/akjo\/?s={search_term_string}"},"query-input":{"@type":"PropertyValueSpecification","valueRequired":true,"valueName":"search_term_string"}}],"inLanguage":"pl-PL"},{"@type":"Organization","@id":"https:\/\/pans.krosno.pl\/akjo\/#organization","name":"Academia - Kursy J\u0119zyk\u00f3w Obcych PANS w Kro\u015bnie","url":"https:\/\/pans.krosno.pl\/akjo\/","logo":{"@type":"ImageObject","inLanguage":"pl-PL","@id":"https:\/\/pans.krosno.pl\/akjo\/#\/schema\/logo\/image\/","url":"https:\/\/pans.krosno.pl\/akjo\/wp-content\/uploads\/sites\/40\/2023\/01\/Logo-PANS-2022-pelne.png","contentUrl":"https:\/\/pans.krosno.pl\/akjo\/wp-content\/uploads\/sites\/40\/2023\/01\/Logo-PANS-2022-pelne.png","width":3096,"height":696,"caption":"Academia - Kursy J\u0119zyk\u00f3w Obcych PANS w Kro\u015bnie"},"image":{"@id":"https:\/\/pans.krosno.pl\/akjo\/#\/schema\/logo\/image\/"}}]}},"_links":{"self":[{"href":"https:\/\/pans.krosno.pl\/akjo\/wp-json\/wp\/v2\/pages\/2978","targetHints":{"allow":["GET"]}}],"collection":[{"href":"https:\/\/pans.krosno.pl\/akjo\/wp-json\/wp\/v2\/pages"}],"about":[{"href":"https:\/\/pans.krosno.pl\/akjo\/wp-json\/wp\/v2\/types\/page"}],"author":[{"embeddable":true,"href":"https:\/\/pans.krosno.pl\/akjo\/wp-json\/wp\/v2\/users\/27"}],"replies":[{"embeddable":true,"href":"https:\/\/pans.krosno.pl\/akjo\/wp-json\/wp\/v2\/comments?post=2978"}],"version-history":[{"count":9,"href":"https:\/\/pans.krosno.pl\/akjo\/wp-json\/wp\/v2\/pages\/2978\/revisions"}],"predecessor-version":[{"id":2995,"href":"https:\/\/pans.krosno.pl\/akjo\/wp-json\/wp\/v2\/pages\/2978\/revisions\/2995"}],"wp:attachment":[{"href":"https:\/\/pans.krosno.pl\/akjo\/wp-json\/wp\/v2\/media?parent=2978"}],"curies":[{"name":"wp","href":"https:\/\/api.w.org\/{rel}","templated":true}]}}