{"id":17,"date":"2020-03-11T14:35:29","date_gmt":"2020-03-11T13:35:29","guid":{"rendered":"https:\/\/pans.krosno.pl\/akjo\/?page_id=17"},"modified":"2020-07-07T17:29:14","modified_gmt":"2020-07-07T15:29:14","slug":"kursy-dla-doroslych","status":"publish","type":"page","link":"https:\/\/pans.krosno.pl\/akjo\/kursy-dla-doroslych\/","title":{"rendered":"Kursy dla doros\u0142ych"},"content":{"rendered":"<p><strong>Kursy dla doros\u0142ych ( w grupach lub indywidualne) <\/strong><\/p>\n<p>Dla doros\u0142ych &nbsp;&nbsp;oferujemy kursy j\u0119zyka og\u00f3lnego i specjalistycznego ( j\u0119zyk techniczny, biznesowy,&nbsp; medyczny)<\/p>\n<p>Kursy j\u0119zyka og\u00f3lnego realizowane s\u0105 pi\u0119ciu poziomach:<\/p>\n<p><strong>A1 &#8211; kurs dla pocz\u0105tkuj\u0105cych&nbsp; <\/strong><br><strong>A2 &#8211; poziom ni\u017cszy \u015brednio zaawansowany;<\/strong><br><strong>B1&nbsp; &#8211; poziom \u015brednio zaawansowany;<\/strong><br><strong>B2&nbsp; &#8211; poziom wy\u017cszy \u015brednio zaawansowany.<\/strong><br><strong>C1 &#8211; poziom zaawansowany<\/strong><\/p>\n<p>Po zako\u0144czeniu kursu ka\u017cdy uczestnik otrzyma certyfikat potwierdzaj\u0105cy poziom zdobytej wiedzy.<br>Istnieje r\u00f3wnie\u017c mo\u017cliwo\u015b\u0107 zdobycia mi\u0119dzynarodowego certyfikatu Uniwersytetu Cambridge zdaj\u0105c jeden z egzamin\u00f3w oferowanych przez <a href=\"https:\/\/pans.krosno.pl\/woebc\/\">O\u015brodek Egzaminacyjny British Council<\/a> przy KPU w Kro\u015bnie.<br>Oferujemy r\u00f3wnie\u017c kursy przygotowawcze do wszystkich egzamin\u00f3w Uniwersytetu Cambridge.<\/p>\n\n\n<figure class=\"wp-block-image size-large is-resized\"><img loading=\"lazy\" decoding=\"async\" src=\"https:\/\/pans.krosno.pl\/akjo\/wp-content\/uploads\/sites\/40\/2020\/03\/Academia-Kursy-dla-doros\u0142ych.jpg\" alt=\"\" class=\"wp-image-148\" width=\"596\" height=\"396\" srcset=\"https:\/\/pans.krosno.pl\/akjo\/wp-content\/uploads\/sites\/40\/2020\/03\/Academia-Kursy-dla-doros\u0142ych.jpg 960w, https:\/\/pans.krosno.pl\/akjo\/wp-content\/uploads\/sites\/40\/2020\/03\/Academia-Kursy-dla-doros\u0142ych-300x200.jpg 300w, https:\/\/pans.krosno.pl\/akjo\/wp-content\/uploads\/sites\/40\/2020\/03\/Academia-Kursy-dla-doros\u0142ych-768x512.jpg 768w, https:\/\/pans.krosno.pl\/akjo\/wp-content\/uploads\/sites\/40\/2020\/03\/Academia-Kursy-dla-doros\u0142ych-800x533.jpg 800w\" sizes=\"auto, (max-width: 596px) 100vw, 596px\" \/><\/figure>\n\n\n\n<figure class=\"wp-block-image size-large is-resized\"><img loading=\"lazy\" decoding=\"async\" src=\"https:\/\/pans.krosno.pl\/akjo\/wp-content\/uploads\/sites\/40\/2020\/06\/105.jpg\" alt=\"\" class=\"wp-image-340\" width=\"591\" height=\"391\" srcset=\"https:\/\/pans.krosno.pl\/akjo\/wp-content\/uploads\/sites\/40\/2020\/06\/105.jpg 960w, https:\/\/pans.krosno.pl\/akjo\/wp-content\/uploads\/sites\/40\/2020\/06\/105-300x199.jpg 300w, https:\/\/pans.krosno.pl\/akjo\/wp-content\/uploads\/sites\/40\/2020\/06\/105-768x510.jpg 768w, https:\/\/pans.krosno.pl\/akjo\/wp-content\/uploads\/sites\/40\/2020\/06\/105-800x531.jpg 800w, https:\/\/pans.krosno.pl\/akjo\/wp-content\/uploads\/sites\/40\/2020\/06\/105-580x385.jpg 580w\" sizes=\"auto, (max-width: 591px) 100vw, 591px\" \/><\/figure>\n","protected":false},"excerpt":{"rendered":"<p>Kursy dla doros\u0142ych ( w grupach lub indywidualne) Dla doros\u0142ych &nbsp;&nbsp;oferujemy kursy j\u0119zyka og\u00f3lnego i specjalistycznego ( j\u0119zyk techniczny, biznesowy,&nbsp; medyczny) Kursy j\u0119zyka og\u00f3lnego realizowane s\u0105 pi\u0119ciu poziomach: A1 &#8211; kurs dla pocz\u0105tkuj\u0105cych&nbsp; A2 &#8211; poziom ni\u017cszy \u015brednio zaawansowany;B1&nbsp; &#8211; poziom \u015brednio zaawansowany;B2&nbsp; &#8211; poziom wy\u017cszy \u015brednio zaawansowany.C1 &#8211; poziom [\u2026] <\/p>\n<div class=\"clear\"><\/div>\n<p><a class=\"more_link clearfix\" href=\"https:\/\/pans.krosno.pl\/akjo\/kursy-dla-doroslych\/\" rel=\"nofollow\">Read More<\/a><\/p>\n","protected":false},"author":1,"featured_media":0,"parent":0,"menu_order":0,"comment_status":"closed","ping_status":"closed","template":"page-templates\/template-full-width.php","meta":{"ngg_post_thumbnail":0,"footnotes":""},"class_list":["post-17","page","type-page","status-publish","hentry"],"yoast_head":"<!-- This site is optimized with the Yoast SEO Premium plugin v27.3 (Yoast SEO v27.3) - https:\/\/yoast.com\/product\/yoast-seo-premium-wordpress\/ -->\n<title>Kursy dla doros\u0142ych - Academia - Kursy J\u0119zyk\u00f3w Obcych PANS w Kro\u015bnie<\/title>\n<meta name=\"robots\" content=\"index, follow, max-snippet:-1, max-image-preview:large, max-video-preview:-1\" \/>\n<link rel=\"canonical\" href=\"https:\/\/pans.krosno.pl\/akjo\/kursy-dla-doroslych\/\" \/>\n<meta property=\"og:locale\" content=\"pl_PL\" \/>\n<meta property=\"og:type\" content=\"article\" \/>\n<meta property=\"og:title\" content=\"Kursy dla doros\u0142ych\" \/>\n<meta property=\"og:description\" content=\"Kursy dla doros\u0142ych ( w grupach lub indywidualne) Dla doros\u0142ych &nbsp;&nbsp;oferujemy kursy j\u0119zyka og\u00f3lnego i specjalistycznego ( j\u0119zyk techniczny, biznesowy,&nbsp; medyczny) Kursy j\u0119zyka og\u00f3lnego realizowane s\u0105 pi\u0119ciu poziomach: A1 &#8211; kurs dla pocz\u0105tkuj\u0105cych&nbsp; A2 &#8211; poziom ni\u017cszy \u015brednio zaawansowany;B1&nbsp; &#8211; poziom \u015brednio zaawansowany;B2&nbsp; &#8211; poziom wy\u017cszy \u015brednio zaawansowany.C1 &#8211; poziom [\u2026] Read More\" \/>\n<meta property=\"og:url\" content=\"https:\/\/pans.krosno.pl\/akjo\/kursy-dla-doroslych\/\" \/>\n<meta property=\"og:site_name\" content=\"Academia - Kursy J\u0119zyk\u00f3w Obcych PANS w Kro\u015bnie\" \/>\n<meta property=\"article:modified_time\" content=\"2020-07-07T15:29:14+00:00\" \/>\n<meta property=\"og:image\" content=\"https:\/\/pans.krosno.pl\/akjo\/wp-content\/uploads\/sites\/40\/2020\/06\/105.jpg\" \/>\n<meta name=\"twitter:card\" content=\"summary_large_image\" \/>\n<meta name=\"twitter:label1\" content=\"Szacowany czas czytania\" \/>\n\t<meta name=\"twitter:data1\" content=\"1 minuta\" \/>\n<script type=\"application\/ld+json\" class=\"yoast-schema-graph\">{\"@context\":\"https:\\\/\\\/schema.org\",\"@graph\":[{\"@type\":\"WebPage\",\"@id\":\"https:\\\/\\\/pans.krosno.pl\\\/akjo\\\/kursy-dla-doroslych\\\/\",\"url\":\"https:\\\/\\\/pans.krosno.pl\\\/akjo\\\/kursy-dla-doroslych\\\/\",\"name\":\"Kursy dla doros\u0142ych - Academia - Kursy J\u0119zyk\u00f3w Obcych PANS w Kro\u015bnie\",\"isPartOf\":{\"@id\":\"https:\\\/\\\/pans.krosno.pl\\\/akjo\\\/#website\"},\"primaryImageOfPage\":{\"@id\":\"https:\\\/\\\/pans.krosno.pl\\\/akjo\\\/kursy-dla-doroslych\\\/#primaryimage\"},\"image\":{\"@id\":\"https:\\\/\\\/pans.krosno.pl\\\/akjo\\\/kursy-dla-doroslych\\\/#primaryimage\"},\"thumbnailUrl\":\"https:\\\/\\\/pans.krosno.pl\\\/akjo\\\/wp-content\\\/uploads\\\/sites\\\/40\\\/2020\\\/06\\\/105.jpg\",\"datePublished\":\"2020-03-11T13:35:29+00:00\",\"dateModified\":\"2020-07-07T15:29:14+00:00\",\"breadcrumb\":{\"@id\":\"https:\\\/\\\/pans.krosno.pl\\\/akjo\\\/kursy-dla-doroslych\\\/#breadcrumb\"},\"inLanguage\":\"pl-PL\",\"potentialAction\":[{\"@type\":\"ReadAction\",\"target\":[\"https:\\\/\\\/pans.krosno.pl\\\/akjo\\\/kursy-dla-doroslych\\\/\"]}]},{\"@type\":\"ImageObject\",\"inLanguage\":\"pl-PL\",\"@id\":\"https:\\\/\\\/pans.krosno.pl\\\/akjo\\\/kursy-dla-doroslych\\\/#primaryimage\",\"url\":\"https:\\\/\\\/pans.krosno.pl\\\/akjo\\\/wp-content\\\/uploads\\\/sites\\\/40\\\/2020\\\/06\\\/105.jpg\",\"contentUrl\":\"https:\\\/\\\/pans.krosno.pl\\\/akjo\\\/wp-content\\\/uploads\\\/sites\\\/40\\\/2020\\\/06\\\/105.jpg\",\"width\":960,\"height\":637},{\"@type\":\"BreadcrumbList\",\"@id\":\"https:\\\/\\\/pans.krosno.pl\\\/akjo\\\/kursy-dla-doroslych\\\/#breadcrumb\",\"itemListElement\":[{\"@type\":\"ListItem\",\"position\":1,\"name\":\"Strona g\u0142\u00f3wna\",\"item\":\"https:\\\/\\\/pans.krosno.pl\\\/akjo\\\/\"},{\"@type\":\"ListItem\",\"position\":2,\"name\":\"Kursy dla doros\u0142ych\"}]},{\"@type\":\"WebSite\",\"@id\":\"https:\\\/\\\/pans.krosno.pl\\\/akjo\\\/#website\",\"url\":\"https:\\\/\\\/pans.krosno.pl\\\/akjo\\\/\",\"name\":\"Academia - Kursy J\u0119zyk\u00f3w Obcych PANS w Kro\u015bnie\",\"description\":\"Academia - Kursy J\u0119zyk\u00f3w Obcych - Pa\u0144stwowa Akademia Nauk Stosowanych\",\"publisher\":{\"@id\":\"https:\\\/\\\/pans.krosno.pl\\\/akjo\\\/#organization\"},\"potentialAction\":[{\"@type\":\"SearchAction\",\"target\":{\"@type\":\"EntryPoint\",\"urlTemplate\":\"https:\\\/\\\/pans.krosno.pl\\\/akjo\\\/?s={search_term_string}\"},\"query-input\":{\"@type\":\"PropertyValueSpecification\",\"valueRequired\":true,\"valueName\":\"search_term_string\"}}],\"inLanguage\":\"pl-PL\"},{\"@type\":\"Organization\",\"@id\":\"https:\\\/\\\/pans.krosno.pl\\\/akjo\\\/#organization\",\"name\":\"Academia - Kursy J\u0119zyk\u00f3w Obcych PANS w Kro\u015bnie\",\"url\":\"https:\\\/\\\/pans.krosno.pl\\\/akjo\\\/\",\"logo\":{\"@type\":\"ImageObject\",\"inLanguage\":\"pl-PL\",\"@id\":\"https:\\\/\\\/pans.krosno.pl\\\/akjo\\\/#\\\/schema\\\/logo\\\/image\\\/\",\"url\":\"https:\\\/\\\/pans.krosno.pl\\\/akjo\\\/wp-content\\\/uploads\\\/sites\\\/40\\\/2023\\\/01\\\/Logo-PANS-2022-pelne.png\",\"contentUrl\":\"https:\\\/\\\/pans.krosno.pl\\\/akjo\\\/wp-content\\\/uploads\\\/sites\\\/40\\\/2023\\\/01\\\/Logo-PANS-2022-pelne.png\",\"width\":3096,\"height\":696,\"caption\":\"Academia - Kursy J\u0119zyk\u00f3w Obcych PANS w Kro\u015bnie\"},\"image\":{\"@id\":\"https:\\\/\\\/pans.krosno.pl\\\/akjo\\\/#\\\/schema\\\/logo\\\/image\\\/\"}}]}<\/script>\n<!-- \/ Yoast SEO Premium plugin. -->","yoast_head_json":{"title":"Kursy dla doros\u0142ych - Academia - Kursy J\u0119zyk\u00f3w Obcych PANS w Kro\u015bnie","robots":{"index":"index","follow":"follow","max-snippet":"max-snippet:-1","max-image-preview":"max-image-preview:large","max-video-preview":"max-video-preview:-1"},"canonical":"https:\/\/pans.krosno.pl\/akjo\/kursy-dla-doroslych\/","og_locale":"pl_PL","og_type":"article","og_title":"Kursy dla doros\u0142ych","og_description":"Kursy dla doros\u0142ych ( w grupach lub indywidualne) Dla doros\u0142ych &nbsp;&nbsp;oferujemy kursy j\u0119zyka og\u00f3lnego i specjalistycznego ( j\u0119zyk techniczny, biznesowy,&nbsp; medyczny) Kursy j\u0119zyka og\u00f3lnego realizowane s\u0105 pi\u0119ciu poziomach: A1 &#8211; kurs dla pocz\u0105tkuj\u0105cych&nbsp; A2 &#8211; poziom ni\u017cszy \u015brednio zaawansowany;B1&nbsp; &#8211; poziom \u015brednio zaawansowany;B2&nbsp; &#8211; poziom wy\u017cszy \u015brednio zaawansowany.C1 &#8211; poziom [\u2026] Read More","og_url":"https:\/\/pans.krosno.pl\/akjo\/kursy-dla-doroslych\/","og_site_name":"Academia - Kursy J\u0119zyk\u00f3w Obcych PANS w Kro\u015bnie","article_modified_time":"2020-07-07T15:29:14+00:00","og_image":[{"url":"https:\/\/pans.krosno.pl\/akjo\/wp-content\/uploads\/sites\/40\/2020\/06\/105.jpg","type":"","width":"","height":""}],"twitter_card":"summary_large_image","twitter_misc":{"Szacowany czas czytania":"1 minuta"},"schema":{"@context":"https:\/\/schema.org","@graph":[{"@type":"WebPage","@id":"https:\/\/pans.krosno.pl\/akjo\/kursy-dla-doroslych\/","url":"https:\/\/pans.krosno.pl\/akjo\/kursy-dla-doroslych\/","name":"Kursy dla doros\u0142ych - Academia - Kursy J\u0119zyk\u00f3w Obcych PANS w Kro\u015bnie","isPartOf":{"@id":"https:\/\/pans.krosno.pl\/akjo\/#website"},"primaryImageOfPage":{"@id":"https:\/\/pans.krosno.pl\/akjo\/kursy-dla-doroslych\/#primaryimage"},"image":{"@id":"https:\/\/pans.krosno.pl\/akjo\/kursy-dla-doroslych\/#primaryimage"},"thumbnailUrl":"https:\/\/pans.krosno.pl\/akjo\/wp-content\/uploads\/sites\/40\/2020\/06\/105.jpg","datePublished":"2020-03-11T13:35:29+00:00","dateModified":"2020-07-07T15:29:14+00:00","breadcrumb":{"@id":"https:\/\/pans.krosno.pl\/akjo\/kursy-dla-doroslych\/#breadcrumb"},"inLanguage":"pl-PL","potentialAction":[{"@type":"ReadAction","target":["https:\/\/pans.krosno.pl\/akjo\/kursy-dla-doroslych\/"]}]},{"@type":"ImageObject","inLanguage":"pl-PL","@id":"https:\/\/pans.krosno.pl\/akjo\/kursy-dla-doroslych\/#primaryimage","url":"https:\/\/pans.krosno.pl\/akjo\/wp-content\/uploads\/sites\/40\/2020\/06\/105.jpg","contentUrl":"https:\/\/pans.krosno.pl\/akjo\/wp-content\/uploads\/sites\/40\/2020\/06\/105.jpg","width":960,"height":637},{"@type":"BreadcrumbList","@id":"https:\/\/pans.krosno.pl\/akjo\/kursy-dla-doroslych\/#breadcrumb","itemListElement":[{"@type":"ListItem","position":1,"name":"Strona g\u0142\u00f3wna","item":"https:\/\/pans.krosno.pl\/akjo\/"},{"@type":"ListItem","position":2,"name":"Kursy dla doros\u0142ych"}]},{"@type":"WebSite","@id":"https:\/\/pans.krosno.pl\/akjo\/#website","url":"https:\/\/pans.krosno.pl\/akjo\/","name":"Academia - Kursy J\u0119zyk\u00f3w Obcych PANS w Kro\u015bnie","description":"Academia - Kursy J\u0119zyk\u00f3w Obcych - Pa\u0144stwowa Akademia Nauk Stosowanych","publisher":{"@id":"https:\/\/pans.krosno.pl\/akjo\/#organization"},"potentialAction":[{"@type":"SearchAction","target":{"@type":"EntryPoint","urlTemplate":"https:\/\/pans.krosno.pl\/akjo\/?s={search_term_string}"},"query-input":{"@type":"PropertyValueSpecification","valueRequired":true,"valueName":"search_term_string"}}],"inLanguage":"pl-PL"},{"@type":"Organization","@id":"https:\/\/pans.krosno.pl\/akjo\/#organization","name":"Academia - Kursy J\u0119zyk\u00f3w Obcych PANS w Kro\u015bnie","url":"https:\/\/pans.krosno.pl\/akjo\/","logo":{"@type":"ImageObject","inLanguage":"pl-PL","@id":"https:\/\/pans.krosno.pl\/akjo\/#\/schema\/logo\/image\/","url":"https:\/\/pans.krosno.pl\/akjo\/wp-content\/uploads\/sites\/40\/2023\/01\/Logo-PANS-2022-pelne.png","contentUrl":"https:\/\/pans.krosno.pl\/akjo\/wp-content\/uploads\/sites\/40\/2023\/01\/Logo-PANS-2022-pelne.png","width":3096,"height":696,"caption":"Academia - Kursy J\u0119zyk\u00f3w Obcych PANS w Kro\u015bnie"},"image":{"@id":"https:\/\/pans.krosno.pl\/akjo\/#\/schema\/logo\/image\/"}}]}},"_links":{"self":[{"href":"https:\/\/pans.krosno.pl\/akjo\/wp-json\/wp\/v2\/pages\/17","targetHints":{"allow":["GET"]}}],"collection":[{"href":"https:\/\/pans.krosno.pl\/akjo\/wp-json\/wp\/v2\/pages"}],"about":[{"href":"https:\/\/pans.krosno.pl\/akjo\/wp-json\/wp\/v2\/types\/page"}],"author":[{"embeddable":true,"href":"https:\/\/pans.krosno.pl\/akjo\/wp-json\/wp\/v2\/users\/1"}],"replies":[{"embeddable":true,"href":"https:\/\/pans.krosno.pl\/akjo\/wp-json\/wp\/v2\/comments?post=17"}],"version-history":[{"count":9,"href":"https:\/\/pans.krosno.pl\/akjo\/wp-json\/wp\/v2\/pages\/17\/revisions"}],"predecessor-version":[{"id":343,"href":"https:\/\/pans.krosno.pl\/akjo\/wp-json\/wp\/v2\/pages\/17\/revisions\/343"}],"wp:attachment":[{"href":"https:\/\/pans.krosno.pl\/akjo\/wp-json\/wp\/v2\/media?parent=17"}],"curies":[{"name":"wp","href":"https:\/\/api.w.org\/{rel}","templated":true}]}}