{"id":16,"date":"2020-03-11T14:35:29","date_gmt":"2020-03-11T13:35:29","guid":{"rendered":"https:\/\/pans.krosno.pl\/akjo\/?page_id=16"},"modified":"2020-07-07T17:28:58","modified_gmt":"2020-07-07T15:28:58","slug":"kursy-dla-mlodziezy-szkolnej","status":"publish","type":"page","link":"https:\/\/pans.krosno.pl\/akjo\/kursy-dla-mlodziezy-szkolnej\/","title":{"rendered":"Kursy dla m\u0142odzie\u017cy szkolnej"},"content":{"rendered":"<p>W Academii m\u0142odzie\u017c szkolna&nbsp; mo\u017ce&nbsp; przygotowa\u0107 si\u0119 do egzamin\u00f3w \u00f3smoklasisty i maturalnego. Do\u015bwiadczeni&nbsp; lektorzy realizuj\u0105 zadania pojawiaj\u0105ce si\u0119 na testach egzaminacyjnych, korzystaj\u0105c z materia\u0142\u00f3w dydaktycznych cenionych wydawnictw.<\/p>\n<p>Naszym m\u0142odym kursantom oferujemy r\u00f3wnie\u017c szans\u0119 zdawania egzamin\u00f3w mi\u0119dzynarodowych Cambridge w naszym Wewn\u0119trznym O\u015brodku Egzaminacyjnym.&nbsp;<\/p>\n<p>Oferowane egzaminy to: <a href=\"https:\/\/pans.krosno.pl\/woebc\/egzaminy-dla-mlodziezy-szkolnej\/\">A2 KET for Schools<\/a>, <a href=\"https:\/\/pans.krosno.pl\/woebc\/egzaminy-dla-mlodziezy-szkolnej\/\">B1 PET for Schools<\/a>&nbsp; i&nbsp; <a href=\"https:\/\/pans.krosno.pl\/woebc\/egzaminy-dla-mlodziezy-szkolnej\/\">B2 FCE for Schools<\/a><\/p>\n\n\n<figure class=\"wp-block-image size-large\"><img loading=\"lazy\" decoding=\"async\" width=\"960\" height=\"640\" src=\"https:\/\/pans.krosno.pl\/akjo\/wp-content\/uploads\/sites\/40\/2020\/03\/Academia-Kursy-dla-m\u0142odzie\u017cy.jpg\" alt=\"\" class=\"wp-image-146\" srcset=\"https:\/\/pans.krosno.pl\/akjo\/wp-content\/uploads\/sites\/40\/2020\/03\/Academia-Kursy-dla-m\u0142odzie\u017cy.jpg 960w, https:\/\/pans.krosno.pl\/akjo\/wp-content\/uploads\/sites\/40\/2020\/03\/Academia-Kursy-dla-m\u0142odzie\u017cy-300x200.jpg 300w, https:\/\/pans.krosno.pl\/akjo\/wp-content\/uploads\/sites\/40\/2020\/03\/Academia-Kursy-dla-m\u0142odzie\u017cy-768x512.jpg 768w, https:\/\/pans.krosno.pl\/akjo\/wp-content\/uploads\/sites\/40\/2020\/03\/Academia-Kursy-dla-m\u0142odzie\u017cy-800x533.jpg 800w, https:\/\/pans.krosno.pl\/akjo\/wp-content\/uploads\/sites\/40\/2020\/03\/Academia-Kursy-dla-m\u0142odzie\u017cy-580x387.jpg 580w\" sizes=\"auto, (max-width: 960px) 100vw, 960px\" \/><\/figure>\n\n\n\n<p><\/p>\n","protected":false},"excerpt":{"rendered":"<p>W Academii m\u0142odzie\u017c szkolna&nbsp; mo\u017ce&nbsp; przygotowa\u0107 si\u0119 do egzamin\u00f3w \u00f3smoklasisty i maturalnego. Do\u015bwiadczeni&nbsp; lektorzy realizuj\u0105 zadania pojawiaj\u0105ce si\u0119 na testach egzaminacyjnych, korzystaj\u0105c z materia\u0142\u00f3w dydaktycznych cenionych wydawnictw. Naszym m\u0142odym kursantom oferujemy r\u00f3wnie\u017c szans\u0119 zdawania egzamin\u00f3w mi\u0119dzynarodowych Cambridge w naszym Wewn\u0119trznym O\u015brodku Egzaminacyjnym.&nbsp; Oferowane egzaminy to: A2 KET for Schools, B1 [\u2026] <\/p>\n<div class=\"clear\"><\/div>\n<p><a class=\"more_link clearfix\" href=\"https:\/\/pans.krosno.pl\/akjo\/kursy-dla-mlodziezy-szkolnej\/\" rel=\"nofollow\">Read More<\/a><\/p>\n","protected":false},"author":1,"featured_media":0,"parent":0,"menu_order":0,"comment_status":"closed","ping_status":"closed","template":"page-templates\/template-full-width.php","meta":{"ngg_post_thumbnail":0,"footnotes":""},"class_list":["post-16","page","type-page","status-publish","hentry"],"yoast_head":"<!-- This site is optimized with the Yoast SEO Premium plugin v27.4 (Yoast SEO v27.4) - https:\/\/yoast.com\/product\/yoast-seo-premium-wordpress\/ -->\n<title>Kursy dla m\u0142odzie\u017cy szkolnej - Academia - Kursy J\u0119zyk\u00f3w Obcych PANS w Kro\u015bnie<\/title>\n<meta name=\"robots\" content=\"index, follow, max-snippet:-1, max-image-preview:large, max-video-preview:-1\" \/>\n<link rel=\"canonical\" href=\"https:\/\/pans.krosno.pl\/akjo\/kursy-dla-mlodziezy-szkolnej\/\" \/>\n<meta property=\"og:locale\" content=\"pl_PL\" \/>\n<meta property=\"og:type\" content=\"article\" \/>\n<meta property=\"og:title\" content=\"Kursy dla m\u0142odzie\u017cy szkolnej\" \/>\n<meta property=\"og:description\" content=\"W Academii m\u0142odzie\u017c szkolna&nbsp; mo\u017ce&nbsp; przygotowa\u0107 si\u0119 do egzamin\u00f3w \u00f3smoklasisty i maturalnego. Do\u015bwiadczeni&nbsp; lektorzy realizuj\u0105 zadania pojawiaj\u0105ce si\u0119 na testach egzaminacyjnych, korzystaj\u0105c z materia\u0142\u00f3w dydaktycznych cenionych wydawnictw. Naszym m\u0142odym kursantom oferujemy r\u00f3wnie\u017c szans\u0119 zdawania egzamin\u00f3w mi\u0119dzynarodowych Cambridge w naszym Wewn\u0119trznym O\u015brodku Egzaminacyjnym.&nbsp; Oferowane egzaminy to: A2 KET for Schools, B1 [\u2026] Read More\" \/>\n<meta property=\"og:url\" content=\"https:\/\/pans.krosno.pl\/akjo\/kursy-dla-mlodziezy-szkolnej\/\" \/>\n<meta property=\"og:site_name\" content=\"Academia - Kursy J\u0119zyk\u00f3w Obcych PANS w Kro\u015bnie\" \/>\n<meta property=\"article:modified_time\" content=\"2020-07-07T15:28:58+00:00\" \/>\n<meta name=\"twitter:card\" content=\"summary_large_image\" \/>\n<script type=\"application\/ld+json\" class=\"yoast-schema-graph\">{\"@context\":\"https:\\\/\\\/schema.org\",\"@graph\":[{\"@type\":\"WebPage\",\"@id\":\"https:\\\/\\\/pans.krosno.pl\\\/akjo\\\/kursy-dla-mlodziezy-szkolnej\\\/\",\"url\":\"https:\\\/\\\/pans.krosno.pl\\\/akjo\\\/kursy-dla-mlodziezy-szkolnej\\\/\",\"name\":\"Kursy dla m\u0142odzie\u017cy szkolnej - Academia - Kursy J\u0119zyk\u00f3w Obcych PANS w Kro\u015bnie\",\"isPartOf\":{\"@id\":\"https:\\\/\\\/pans.krosno.pl\\\/akjo\\\/#website\"},\"datePublished\":\"2020-03-11T13:35:29+00:00\",\"dateModified\":\"2020-07-07T15:28:58+00:00\",\"breadcrumb\":{\"@id\":\"https:\\\/\\\/pans.krosno.pl\\\/akjo\\\/kursy-dla-mlodziezy-szkolnej\\\/#breadcrumb\"},\"inLanguage\":\"pl-PL\",\"potentialAction\":[{\"@type\":\"ReadAction\",\"target\":[\"https:\\\/\\\/pans.krosno.pl\\\/akjo\\\/kursy-dla-mlodziezy-szkolnej\\\/\"]}]},{\"@type\":\"BreadcrumbList\",\"@id\":\"https:\\\/\\\/pans.krosno.pl\\\/akjo\\\/kursy-dla-mlodziezy-szkolnej\\\/#breadcrumb\",\"itemListElement\":[{\"@type\":\"ListItem\",\"position\":1,\"name\":\"Strona g\u0142\u00f3wna\",\"item\":\"https:\\\/\\\/pans.krosno.pl\\\/akjo\\\/\"},{\"@type\":\"ListItem\",\"position\":2,\"name\":\"Kursy dla m\u0142odzie\u017cy szkolnej\"}]},{\"@type\":\"WebSite\",\"@id\":\"https:\\\/\\\/pans.krosno.pl\\\/akjo\\\/#website\",\"url\":\"https:\\\/\\\/pans.krosno.pl\\\/akjo\\\/\",\"name\":\"Academia - Kursy J\u0119zyk\u00f3w Obcych PANS w Kro\u015bnie\",\"description\":\"Academia - Kursy J\u0119zyk\u00f3w Obcych - Pa\u0144stwowa Akademia Nauk Stosowanych\",\"publisher\":{\"@id\":\"https:\\\/\\\/pans.krosno.pl\\\/akjo\\\/#organization\"},\"potentialAction\":[{\"@type\":\"SearchAction\",\"target\":{\"@type\":\"EntryPoint\",\"urlTemplate\":\"https:\\\/\\\/pans.krosno.pl\\\/akjo\\\/?s={search_term_string}\"},\"query-input\":{\"@type\":\"PropertyValueSpecification\",\"valueRequired\":true,\"valueName\":\"search_term_string\"}}],\"inLanguage\":\"pl-PL\"},{\"@type\":\"Organization\",\"@id\":\"https:\\\/\\\/pans.krosno.pl\\\/akjo\\\/#organization\",\"name\":\"Academia - Kursy J\u0119zyk\u00f3w Obcych PANS w Kro\u015bnie\",\"url\":\"https:\\\/\\\/pans.krosno.pl\\\/akjo\\\/\",\"logo\":{\"@type\":\"ImageObject\",\"inLanguage\":\"pl-PL\",\"@id\":\"https:\\\/\\\/pans.krosno.pl\\\/akjo\\\/#\\\/schema\\\/logo\\\/image\\\/\",\"url\":\"https:\\\/\\\/pans.krosno.pl\\\/akjo\\\/wp-content\\\/uploads\\\/sites\\\/40\\\/2023\\\/01\\\/Logo-PANS-2022-pelne.png\",\"contentUrl\":\"https:\\\/\\\/pans.krosno.pl\\\/akjo\\\/wp-content\\\/uploads\\\/sites\\\/40\\\/2023\\\/01\\\/Logo-PANS-2022-pelne.png\",\"width\":3096,\"height\":696,\"caption\":\"Academia - Kursy J\u0119zyk\u00f3w Obcych PANS w Kro\u015bnie\"},\"image\":{\"@id\":\"https:\\\/\\\/pans.krosno.pl\\\/akjo\\\/#\\\/schema\\\/logo\\\/image\\\/\"}}]}<\/script>\n<!-- \/ Yoast SEO Premium plugin. -->","yoast_head_json":{"title":"Kursy dla m\u0142odzie\u017cy szkolnej - Academia - Kursy J\u0119zyk\u00f3w Obcych PANS w Kro\u015bnie","robots":{"index":"index","follow":"follow","max-snippet":"max-snippet:-1","max-image-preview":"max-image-preview:large","max-video-preview":"max-video-preview:-1"},"canonical":"https:\/\/pans.krosno.pl\/akjo\/kursy-dla-mlodziezy-szkolnej\/","og_locale":"pl_PL","og_type":"article","og_title":"Kursy dla m\u0142odzie\u017cy szkolnej","og_description":"W Academii m\u0142odzie\u017c szkolna&nbsp; mo\u017ce&nbsp; przygotowa\u0107 si\u0119 do egzamin\u00f3w \u00f3smoklasisty i maturalnego. Do\u015bwiadczeni&nbsp; lektorzy realizuj\u0105 zadania pojawiaj\u0105ce si\u0119 na testach egzaminacyjnych, korzystaj\u0105c z materia\u0142\u00f3w dydaktycznych cenionych wydawnictw. Naszym m\u0142odym kursantom oferujemy r\u00f3wnie\u017c szans\u0119 zdawania egzamin\u00f3w mi\u0119dzynarodowych Cambridge w naszym Wewn\u0119trznym O\u015brodku Egzaminacyjnym.&nbsp; Oferowane egzaminy to: A2 KET for Schools, B1 [\u2026] Read More","og_url":"https:\/\/pans.krosno.pl\/akjo\/kursy-dla-mlodziezy-szkolnej\/","og_site_name":"Academia - Kursy J\u0119zyk\u00f3w Obcych PANS w Kro\u015bnie","article_modified_time":"2020-07-07T15:28:58+00:00","twitter_card":"summary_large_image","schema":{"@context":"https:\/\/schema.org","@graph":[{"@type":"WebPage","@id":"https:\/\/pans.krosno.pl\/akjo\/kursy-dla-mlodziezy-szkolnej\/","url":"https:\/\/pans.krosno.pl\/akjo\/kursy-dla-mlodziezy-szkolnej\/","name":"Kursy dla m\u0142odzie\u017cy szkolnej - Academia - Kursy J\u0119zyk\u00f3w Obcych PANS w Kro\u015bnie","isPartOf":{"@id":"https:\/\/pans.krosno.pl\/akjo\/#website"},"datePublished":"2020-03-11T13:35:29+00:00","dateModified":"2020-07-07T15:28:58+00:00","breadcrumb":{"@id":"https:\/\/pans.krosno.pl\/akjo\/kursy-dla-mlodziezy-szkolnej\/#breadcrumb"},"inLanguage":"pl-PL","potentialAction":[{"@type":"ReadAction","target":["https:\/\/pans.krosno.pl\/akjo\/kursy-dla-mlodziezy-szkolnej\/"]}]},{"@type":"BreadcrumbList","@id":"https:\/\/pans.krosno.pl\/akjo\/kursy-dla-mlodziezy-szkolnej\/#breadcrumb","itemListElement":[{"@type":"ListItem","position":1,"name":"Strona g\u0142\u00f3wna","item":"https:\/\/pans.krosno.pl\/akjo\/"},{"@type":"ListItem","position":2,"name":"Kursy dla m\u0142odzie\u017cy szkolnej"}]},{"@type":"WebSite","@id":"https:\/\/pans.krosno.pl\/akjo\/#website","url":"https:\/\/pans.krosno.pl\/akjo\/","name":"Academia - Kursy J\u0119zyk\u00f3w Obcych PANS w Kro\u015bnie","description":"Academia - Kursy J\u0119zyk\u00f3w Obcych - Pa\u0144stwowa Akademia Nauk Stosowanych","publisher":{"@id":"https:\/\/pans.krosno.pl\/akjo\/#organization"},"potentialAction":[{"@type":"SearchAction","target":{"@type":"EntryPoint","urlTemplate":"https:\/\/pans.krosno.pl\/akjo\/?s={search_term_string}"},"query-input":{"@type":"PropertyValueSpecification","valueRequired":true,"valueName":"search_term_string"}}],"inLanguage":"pl-PL"},{"@type":"Organization","@id":"https:\/\/pans.krosno.pl\/akjo\/#organization","name":"Academia - Kursy J\u0119zyk\u00f3w Obcych PANS w Kro\u015bnie","url":"https:\/\/pans.krosno.pl\/akjo\/","logo":{"@type":"ImageObject","inLanguage":"pl-PL","@id":"https:\/\/pans.krosno.pl\/akjo\/#\/schema\/logo\/image\/","url":"https:\/\/pans.krosno.pl\/akjo\/wp-content\/uploads\/sites\/40\/2023\/01\/Logo-PANS-2022-pelne.png","contentUrl":"https:\/\/pans.krosno.pl\/akjo\/wp-content\/uploads\/sites\/40\/2023\/01\/Logo-PANS-2022-pelne.png","width":3096,"height":696,"caption":"Academia - Kursy J\u0119zyk\u00f3w Obcych PANS w Kro\u015bnie"},"image":{"@id":"https:\/\/pans.krosno.pl\/akjo\/#\/schema\/logo\/image\/"}}]}},"_links":{"self":[{"href":"https:\/\/pans.krosno.pl\/akjo\/wp-json\/wp\/v2\/pages\/16","targetHints":{"allow":["GET"]}}],"collection":[{"href":"https:\/\/pans.krosno.pl\/akjo\/wp-json\/wp\/v2\/pages"}],"about":[{"href":"https:\/\/pans.krosno.pl\/akjo\/wp-json\/wp\/v2\/types\/page"}],"author":[{"embeddable":true,"href":"https:\/\/pans.krosno.pl\/akjo\/wp-json\/wp\/v2\/users\/1"}],"replies":[{"embeddable":true,"href":"https:\/\/pans.krosno.pl\/akjo\/wp-json\/wp\/v2\/comments?post=16"}],"version-history":[{"count":5,"href":"https:\/\/pans.krosno.pl\/akjo\/wp-json\/wp\/v2\/pages\/16\/revisions"}],"predecessor-version":[{"id":231,"href":"https:\/\/pans.krosno.pl\/akjo\/wp-json\/wp\/v2\/pages\/16\/revisions\/231"}],"wp:attachment":[{"href":"https:\/\/pans.krosno.pl\/akjo\/wp-json\/wp\/v2\/media?parent=16"}],"curies":[{"name":"wp","href":"https:\/\/api.w.org\/{rel}","templated":true}]}}