{"id":15,"date":"2020-03-11T14:35:29","date_gmt":"2020-03-11T13:35:29","guid":{"rendered":"https:\/\/pans.krosno.pl\/akjo\/?page_id=15"},"modified":"2020-07-07T17:29:05","modified_gmt":"2020-07-07T15:29:05","slug":"kursy-dla-dzieci","status":"publish","type":"page","link":"https:\/\/pans.krosno.pl\/akjo\/kursy-dla-dzieci\/","title":{"rendered":"Kursy dla dzieci"},"content":{"rendered":"\n<figure class=\"wp-block-image size-large is-resized\"><img loading=\"lazy\" decoding=\"async\" src=\"https:\/\/pans.krosno.pl\/akjo\/wp-content\/uploads\/sites\/40\/2020\/03\/Academia-galeria-476-PWSZ.jpg\" alt=\"\" class=\"wp-image-71\" width=\"611\" height=\"406\" srcset=\"https:\/\/pans.krosno.pl\/akjo\/wp-content\/uploads\/sites\/40\/2020\/03\/Academia-galeria-476-PWSZ.jpg 960w, https:\/\/pans.krosno.pl\/akjo\/wp-content\/uploads\/sites\/40\/2020\/03\/Academia-galeria-476-PWSZ-300x200.jpg 300w, https:\/\/pans.krosno.pl\/akjo\/wp-content\/uploads\/sites\/40\/2020\/03\/Academia-galeria-476-PWSZ-768x512.jpg 768w, https:\/\/pans.krosno.pl\/akjo\/wp-content\/uploads\/sites\/40\/2020\/03\/Academia-galeria-476-PWSZ-800x533.jpg 800w\" sizes=\"auto, (max-width: 611px) 100vw, 611px\" \/><\/figure>\n\n\n<p>Lektorzy dok\u0142adaj\u0105 wszelkich stara\u0144 aby zmotywowa\u0107 naszych najm\u0142odszych kursant\u00f3w do nauki j\u0119zyka &#8211; program nauczania uwzgl\u0119dnia interesuj\u0105c\u0105 dla nich tematyk\u0119 i anga\u017cuj\u0105ce zmys\u0142y materia\u0142y nauczania i metody nauki j\u0119zyka.<br>&#8211; Dla najm\u0142odszych (od 6 roku \u017cycia) prowadzimy kursy z elementami zabawy, plastyki i muzyki.<br>&#8211; Dzieci w wieku od 7-12 mog\u0105 u nas zdawa\u0107 mi\u0119dzynarodowy egzamin Uniwersytetu Cambridge (YLE) na trzech r\u00f3\u017cnych poziomach <br>W trosce o przyjazn\u0105 atmosfer\u0119 sprzyjaj\u0105c\u0105 efektywnej nauce organizujemy dla naszych kursant\u00f3w cykliczne imprezy integruj\u0105ce \u2013 Halloween, Christmas Party oraz piknik, wyje\u017cd\u017camy na wsp\u00f3lne wycieczki i warsztaty, aran\u017cujemy dodatkowe przedsi\u0119wzi\u0119cia. Z dum\u0105 prezentujemy angloj\u0119zyczne teledyski, filmy video oraz spektakle.<\/p>\n\n\n<figure class=\"wp-block-image size-large\"><img loading=\"lazy\" decoding=\"async\" width=\"960\" height=\"640\" src=\"https:\/\/pans.krosno.pl\/akjo\/wp-content\/uploads\/sites\/40\/2020\/06\/104.jpg\" alt=\"\" class=\"wp-image-337\" srcset=\"https:\/\/pans.krosno.pl\/akjo\/wp-content\/uploads\/sites\/40\/2020\/06\/104.jpg 960w, https:\/\/pans.krosno.pl\/akjo\/wp-content\/uploads\/sites\/40\/2020\/06\/104-300x200.jpg 300w, https:\/\/pans.krosno.pl\/akjo\/wp-content\/uploads\/sites\/40\/2020\/06\/104-768x512.jpg 768w, https:\/\/pans.krosno.pl\/akjo\/wp-content\/uploads\/sites\/40\/2020\/06\/104-800x533.jpg 800w, https:\/\/pans.krosno.pl\/akjo\/wp-content\/uploads\/sites\/40\/2020\/06\/104-580x387.jpg 580w\" sizes=\"auto, (max-width: 960px) 100vw, 960px\" \/><\/figure>\n","protected":false},"excerpt":{"rendered":"<p>Lektorzy dok\u0142adaj\u0105 wszelkich stara\u0144 aby zmotywowa\u0107 naszych najm\u0142odszych kursant\u00f3w do nauki j\u0119zyka &#8211; program nauczania uwzgl\u0119dnia interesuj\u0105c\u0105 dla nich tematyk\u0119 i anga\u017cuj\u0105ce zmys\u0142y materia\u0142y nauczania i metody nauki j\u0119zyka.&#8211; Dla najm\u0142odszych (od 6 roku \u017cycia) prowadzimy kursy z elementami zabawy, plastyki i muzyki.&#8211; Dzieci w wieku od 7-12 mog\u0105 u [\u2026] <\/p>\n<div class=\"clear\"><\/div>\n<p><a class=\"more_link clearfix\" href=\"https:\/\/pans.krosno.pl\/akjo\/kursy-dla-dzieci\/\" rel=\"nofollow\">Read More<\/a><\/p>\n","protected":false},"author":1,"featured_media":0,"parent":0,"menu_order":0,"comment_status":"closed","ping_status":"closed","template":"page-templates\/template-full-width.php","meta":{"ngg_post_thumbnail":0,"footnotes":""},"class_list":["post-15","page","type-page","status-publish","hentry"],"yoast_head":"<!-- This site is optimized with the Yoast SEO Premium plugin v27.4 (Yoast SEO v27.4) - https:\/\/yoast.com\/product\/yoast-seo-premium-wordpress\/ -->\n<title>Kursy dla dzieci - Academia - Kursy J\u0119zyk\u00f3w Obcych PANS w Kro\u015bnie<\/title>\n<meta name=\"robots\" content=\"index, follow, max-snippet:-1, max-image-preview:large, max-video-preview:-1\" \/>\n<link rel=\"canonical\" href=\"https:\/\/pans.krosno.pl\/akjo\/kursy-dla-dzieci\/\" \/>\n<meta property=\"og:locale\" content=\"pl_PL\" \/>\n<meta property=\"og:type\" content=\"article\" \/>\n<meta property=\"og:title\" content=\"Kursy dla dzieci\" \/>\n<meta property=\"og:description\" content=\"Lektorzy dok\u0142adaj\u0105 wszelkich stara\u0144 aby zmotywowa\u0107 naszych najm\u0142odszych kursant\u00f3w do nauki j\u0119zyka &#8211; program nauczania uwzgl\u0119dnia interesuj\u0105c\u0105 dla nich tematyk\u0119 i anga\u017cuj\u0105ce zmys\u0142y materia\u0142y nauczania i metody nauki j\u0119zyka.&#8211; Dla najm\u0142odszych (od 6 roku \u017cycia) prowadzimy kursy z elementami zabawy, plastyki i muzyki.&#8211; Dzieci w wieku od 7-12 mog\u0105 u [\u2026] Read More\" \/>\n<meta property=\"og:url\" content=\"https:\/\/pans.krosno.pl\/akjo\/kursy-dla-dzieci\/\" \/>\n<meta property=\"og:site_name\" content=\"Academia - Kursy J\u0119zyk\u00f3w Obcych PANS w Kro\u015bnie\" \/>\n<meta property=\"article:modified_time\" content=\"2020-07-07T15:29:05+00:00\" \/>\n<meta property=\"og:image\" content=\"https:\/\/pans.krosno.pl\/akjo\/wp-content\/uploads\/sites\/40\/2020\/03\/Academia-galeria-476-PWSZ.jpg\" \/>\n<meta name=\"twitter:card\" content=\"summary_large_image\" \/>\n<meta name=\"twitter:label1\" content=\"Szacowany czas czytania\" \/>\n\t<meta name=\"twitter:data1\" content=\"1 minuta\" \/>\n<script type=\"application\/ld+json\" class=\"yoast-schema-graph\">{\"@context\":\"https:\\\/\\\/schema.org\",\"@graph\":[{\"@type\":\"WebPage\",\"@id\":\"https:\\\/\\\/pans.krosno.pl\\\/akjo\\\/kursy-dla-dzieci\\\/\",\"url\":\"https:\\\/\\\/pans.krosno.pl\\\/akjo\\\/kursy-dla-dzieci\\\/\",\"name\":\"Kursy dla dzieci - Academia - Kursy J\u0119zyk\u00f3w Obcych PANS w Kro\u015bnie\",\"isPartOf\":{\"@id\":\"https:\\\/\\\/pans.krosno.pl\\\/akjo\\\/#website\"},\"primaryImageOfPage\":{\"@id\":\"https:\\\/\\\/pans.krosno.pl\\\/akjo\\\/kursy-dla-dzieci\\\/#primaryimage\"},\"image\":{\"@id\":\"https:\\\/\\\/pans.krosno.pl\\\/akjo\\\/kursy-dla-dzieci\\\/#primaryimage\"},\"thumbnailUrl\":\"https:\\\/\\\/pans.krosno.pl\\\/akjo\\\/wp-content\\\/uploads\\\/sites\\\/40\\\/2020\\\/03\\\/Academia-galeria-476-PWSZ.jpg\",\"datePublished\":\"2020-03-11T13:35:29+00:00\",\"dateModified\":\"2020-07-07T15:29:05+00:00\",\"breadcrumb\":{\"@id\":\"https:\\\/\\\/pans.krosno.pl\\\/akjo\\\/kursy-dla-dzieci\\\/#breadcrumb\"},\"inLanguage\":\"pl-PL\",\"potentialAction\":[{\"@type\":\"ReadAction\",\"target\":[\"https:\\\/\\\/pans.krosno.pl\\\/akjo\\\/kursy-dla-dzieci\\\/\"]}]},{\"@type\":\"ImageObject\",\"inLanguage\":\"pl-PL\",\"@id\":\"https:\\\/\\\/pans.krosno.pl\\\/akjo\\\/kursy-dla-dzieci\\\/#primaryimage\",\"url\":\"https:\\\/\\\/pans.krosno.pl\\\/akjo\\\/wp-content\\\/uploads\\\/sites\\\/40\\\/2020\\\/03\\\/Academia-galeria-476-PWSZ.jpg\",\"contentUrl\":\"https:\\\/\\\/pans.krosno.pl\\\/akjo\\\/wp-content\\\/uploads\\\/sites\\\/40\\\/2020\\\/03\\\/Academia-galeria-476-PWSZ.jpg\",\"width\":960,\"height\":640},{\"@type\":\"BreadcrumbList\",\"@id\":\"https:\\\/\\\/pans.krosno.pl\\\/akjo\\\/kursy-dla-dzieci\\\/#breadcrumb\",\"itemListElement\":[{\"@type\":\"ListItem\",\"position\":1,\"name\":\"Strona g\u0142\u00f3wna\",\"item\":\"https:\\\/\\\/pans.krosno.pl\\\/akjo\\\/\"},{\"@type\":\"ListItem\",\"position\":2,\"name\":\"Kursy dla dzieci\"}]},{\"@type\":\"WebSite\",\"@id\":\"https:\\\/\\\/pans.krosno.pl\\\/akjo\\\/#website\",\"url\":\"https:\\\/\\\/pans.krosno.pl\\\/akjo\\\/\",\"name\":\"Academia - Kursy J\u0119zyk\u00f3w Obcych PANS w Kro\u015bnie\",\"description\":\"Academia - Kursy J\u0119zyk\u00f3w Obcych - Pa\u0144stwowa Akademia Nauk Stosowanych\",\"publisher\":{\"@id\":\"https:\\\/\\\/pans.krosno.pl\\\/akjo\\\/#organization\"},\"potentialAction\":[{\"@type\":\"SearchAction\",\"target\":{\"@type\":\"EntryPoint\",\"urlTemplate\":\"https:\\\/\\\/pans.krosno.pl\\\/akjo\\\/?s={search_term_string}\"},\"query-input\":{\"@type\":\"PropertyValueSpecification\",\"valueRequired\":true,\"valueName\":\"search_term_string\"}}],\"inLanguage\":\"pl-PL\"},{\"@type\":\"Organization\",\"@id\":\"https:\\\/\\\/pans.krosno.pl\\\/akjo\\\/#organization\",\"name\":\"Academia - Kursy J\u0119zyk\u00f3w Obcych PANS w Kro\u015bnie\",\"url\":\"https:\\\/\\\/pans.krosno.pl\\\/akjo\\\/\",\"logo\":{\"@type\":\"ImageObject\",\"inLanguage\":\"pl-PL\",\"@id\":\"https:\\\/\\\/pans.krosno.pl\\\/akjo\\\/#\\\/schema\\\/logo\\\/image\\\/\",\"url\":\"https:\\\/\\\/pans.krosno.pl\\\/akjo\\\/wp-content\\\/uploads\\\/sites\\\/40\\\/2023\\\/01\\\/Logo-PANS-2022-pelne.png\",\"contentUrl\":\"https:\\\/\\\/pans.krosno.pl\\\/akjo\\\/wp-content\\\/uploads\\\/sites\\\/40\\\/2023\\\/01\\\/Logo-PANS-2022-pelne.png\",\"width\":3096,\"height\":696,\"caption\":\"Academia - Kursy J\u0119zyk\u00f3w Obcych PANS w Kro\u015bnie\"},\"image\":{\"@id\":\"https:\\\/\\\/pans.krosno.pl\\\/akjo\\\/#\\\/schema\\\/logo\\\/image\\\/\"}}]}<\/script>\n<!-- \/ Yoast SEO Premium plugin. -->","yoast_head_json":{"title":"Kursy dla dzieci - Academia - Kursy J\u0119zyk\u00f3w Obcych PANS w Kro\u015bnie","robots":{"index":"index","follow":"follow","max-snippet":"max-snippet:-1","max-image-preview":"max-image-preview:large","max-video-preview":"max-video-preview:-1"},"canonical":"https:\/\/pans.krosno.pl\/akjo\/kursy-dla-dzieci\/","og_locale":"pl_PL","og_type":"article","og_title":"Kursy dla dzieci","og_description":"Lektorzy dok\u0142adaj\u0105 wszelkich stara\u0144 aby zmotywowa\u0107 naszych najm\u0142odszych kursant\u00f3w do nauki j\u0119zyka &#8211; program nauczania uwzgl\u0119dnia interesuj\u0105c\u0105 dla nich tematyk\u0119 i anga\u017cuj\u0105ce zmys\u0142y materia\u0142y nauczania i metody nauki j\u0119zyka.&#8211; Dla najm\u0142odszych (od 6 roku \u017cycia) prowadzimy kursy z elementami zabawy, plastyki i muzyki.&#8211; Dzieci w wieku od 7-12 mog\u0105 u [\u2026] Read More","og_url":"https:\/\/pans.krosno.pl\/akjo\/kursy-dla-dzieci\/","og_site_name":"Academia - Kursy J\u0119zyk\u00f3w Obcych PANS w Kro\u015bnie","article_modified_time":"2020-07-07T15:29:05+00:00","og_image":[{"url":"https:\/\/pans.krosno.pl\/akjo\/wp-content\/uploads\/sites\/40\/2020\/03\/Academia-galeria-476-PWSZ.jpg","type":"","width":"","height":""}],"twitter_card":"summary_large_image","twitter_misc":{"Szacowany czas czytania":"1 minuta"},"schema":{"@context":"https:\/\/schema.org","@graph":[{"@type":"WebPage","@id":"https:\/\/pans.krosno.pl\/akjo\/kursy-dla-dzieci\/","url":"https:\/\/pans.krosno.pl\/akjo\/kursy-dla-dzieci\/","name":"Kursy dla dzieci - Academia - Kursy J\u0119zyk\u00f3w Obcych PANS w Kro\u015bnie","isPartOf":{"@id":"https:\/\/pans.krosno.pl\/akjo\/#website"},"primaryImageOfPage":{"@id":"https:\/\/pans.krosno.pl\/akjo\/kursy-dla-dzieci\/#primaryimage"},"image":{"@id":"https:\/\/pans.krosno.pl\/akjo\/kursy-dla-dzieci\/#primaryimage"},"thumbnailUrl":"https:\/\/pans.krosno.pl\/akjo\/wp-content\/uploads\/sites\/40\/2020\/03\/Academia-galeria-476-PWSZ.jpg","datePublished":"2020-03-11T13:35:29+00:00","dateModified":"2020-07-07T15:29:05+00:00","breadcrumb":{"@id":"https:\/\/pans.krosno.pl\/akjo\/kursy-dla-dzieci\/#breadcrumb"},"inLanguage":"pl-PL","potentialAction":[{"@type":"ReadAction","target":["https:\/\/pans.krosno.pl\/akjo\/kursy-dla-dzieci\/"]}]},{"@type":"ImageObject","inLanguage":"pl-PL","@id":"https:\/\/pans.krosno.pl\/akjo\/kursy-dla-dzieci\/#primaryimage","url":"https:\/\/pans.krosno.pl\/akjo\/wp-content\/uploads\/sites\/40\/2020\/03\/Academia-galeria-476-PWSZ.jpg","contentUrl":"https:\/\/pans.krosno.pl\/akjo\/wp-content\/uploads\/sites\/40\/2020\/03\/Academia-galeria-476-PWSZ.jpg","width":960,"height":640},{"@type":"BreadcrumbList","@id":"https:\/\/pans.krosno.pl\/akjo\/kursy-dla-dzieci\/#breadcrumb","itemListElement":[{"@type":"ListItem","position":1,"name":"Strona g\u0142\u00f3wna","item":"https:\/\/pans.krosno.pl\/akjo\/"},{"@type":"ListItem","position":2,"name":"Kursy dla dzieci"}]},{"@type":"WebSite","@id":"https:\/\/pans.krosno.pl\/akjo\/#website","url":"https:\/\/pans.krosno.pl\/akjo\/","name":"Academia - Kursy J\u0119zyk\u00f3w Obcych PANS w Kro\u015bnie","description":"Academia - Kursy J\u0119zyk\u00f3w Obcych - Pa\u0144stwowa Akademia Nauk Stosowanych","publisher":{"@id":"https:\/\/pans.krosno.pl\/akjo\/#organization"},"potentialAction":[{"@type":"SearchAction","target":{"@type":"EntryPoint","urlTemplate":"https:\/\/pans.krosno.pl\/akjo\/?s={search_term_string}"},"query-input":{"@type":"PropertyValueSpecification","valueRequired":true,"valueName":"search_term_string"}}],"inLanguage":"pl-PL"},{"@type":"Organization","@id":"https:\/\/pans.krosno.pl\/akjo\/#organization","name":"Academia - Kursy J\u0119zyk\u00f3w Obcych PANS w Kro\u015bnie","url":"https:\/\/pans.krosno.pl\/akjo\/","logo":{"@type":"ImageObject","inLanguage":"pl-PL","@id":"https:\/\/pans.krosno.pl\/akjo\/#\/schema\/logo\/image\/","url":"https:\/\/pans.krosno.pl\/akjo\/wp-content\/uploads\/sites\/40\/2023\/01\/Logo-PANS-2022-pelne.png","contentUrl":"https:\/\/pans.krosno.pl\/akjo\/wp-content\/uploads\/sites\/40\/2023\/01\/Logo-PANS-2022-pelne.png","width":3096,"height":696,"caption":"Academia - Kursy J\u0119zyk\u00f3w Obcych PANS w Kro\u015bnie"},"image":{"@id":"https:\/\/pans.krosno.pl\/akjo\/#\/schema\/logo\/image\/"}}]}},"_links":{"self":[{"href":"https:\/\/pans.krosno.pl\/akjo\/wp-json\/wp\/v2\/pages\/15","targetHints":{"allow":["GET"]}}],"collection":[{"href":"https:\/\/pans.krosno.pl\/akjo\/wp-json\/wp\/v2\/pages"}],"about":[{"href":"https:\/\/pans.krosno.pl\/akjo\/wp-json\/wp\/v2\/types\/page"}],"author":[{"embeddable":true,"href":"https:\/\/pans.krosno.pl\/akjo\/wp-json\/wp\/v2\/users\/1"}],"replies":[{"embeddable":true,"href":"https:\/\/pans.krosno.pl\/akjo\/wp-json\/wp\/v2\/comments?post=15"}],"version-history":[{"count":8,"href":"https:\/\/pans.krosno.pl\/akjo\/wp-json\/wp\/v2\/pages\/15\/revisions"}],"predecessor-version":[{"id":339,"href":"https:\/\/pans.krosno.pl\/akjo\/wp-json\/wp\/v2\/pages\/15\/revisions\/339"}],"wp:attachment":[{"href":"https:\/\/pans.krosno.pl\/akjo\/wp-json\/wp\/v2\/media?parent=15"}],"curies":[{"name":"wp","href":"https:\/\/api.w.org\/{rel}","templated":true}]}}