{"id":51,"date":"2020-09-14T14:53:16","date_gmt":"2020-09-14T12:53:16","guid":{"rendered":"https:\/\/pans.krosno.pl\/air\/?page_id=51"},"modified":"2024-11-05T02:29:37","modified_gmt":"2024-11-05T01:29:37","slug":"praktyki-zawodowe-kpu-air","status":"publish","type":"page","link":"https:\/\/pans.krosno.pl\/air\/praktyki-zawodowe-kpu-air\/","title":{"rendered":"Praktyki zawodowe"},"content":{"rendered":"\n<p>W zwi\u0105zku z praktycznym profilem kszta\u0142cenia, studenci PANS s\u0105 zobowi\u0105zani do odbywania w trakcie studi\u00f3w praktyk studenckich.<\/p>\n\n\n\n<p>Aktualnie obowi\u0105zuj\u0105ce formularze zwi\u0105zane Praktykami s\u0105 dost\u0119pne na stronie uczelni:<\/p>\n\n\n\n<figure class=\"wp-block-embed is-type-wp-embed is-provider-centrum-technologiczne-inkubator-pans-w-kro-nie wp-block-embed-centrum-technologiczne-inkubator-pans-w-kro-nie is-provider-biuro-karier\"><div class=\"wp-block-embed__wrapper\">\n<blockquote class=\"wp-embedded-content\" data-secret=\"Br4jerb1Te\"><a href=\"https:\/\/pans.krosno.pl\/cti\/praktyki\/druki-na-praktyki-do-pobrania\/\">Druki na praktyki \u2013 do pobrania<\/a><\/blockquote><iframe loading=\"lazy\" class=\"wp-embedded-content\" sandbox=\"allow-scripts\" security=\"restricted\" style=\"position: absolute; clip: rect(1px, 1px, 1px, 1px);\" title=\"&#8222;Druki na praktyki \u2013 do pobrania&#8221; &#8212; Centrum Technologiczne Inkubator PANS w Kro\u015bnie\" src=\"https:\/\/pans.krosno.pl\/cti\/praktyki\/druki-na-praktyki-do-pobrania\/embed\/#?secret=xDEtjYWwLz#?secret=Br4jerb1Te\" data-secret=\"Br4jerb1Te\" width=\"600\" height=\"338\" frameborder=\"0\" marginwidth=\"0\" marginheight=\"0\" scrolling=\"no\"><\/iframe>\n<\/div><\/figure>\n\n\n\n<p>Najpierw nale\u017cy zg\u0142osi\u0107 si\u0119 do Opiekuna Praktyk po wype\u0142niony druk &#8222;Skierowanie na praktyk\u0119&#8221;. Wype\u0142niony formularz nale\u017cy przed\u0142o\u017cy\u0107 do firmy w kt\u00f3rej planuj\u0105 Pa\u0144stwo realizowa\u0107 praktyk\u0119 zgodnie z Planem Studi\u00f3w dla w\u0142a\u015bciwego cyklu kszta\u0142cenia.<\/p>\n\n\n\n<h2 class=\"wp-block-heading\" id=\"h-program-praktyk-na-kierunku-automatyka-i-robotyka\">Program Praktyk na kierunku Automatyka i Robotyka<\/h2>\n\n\n\n<div class=\"wp-block-file\"><a id=\"wp-block-file--media-9cc701c6-4e9c-4668-9dab-d5308bd7d9a5\" href=\"https:\/\/pans.krosno.pl\/air\/wp-content\/uploads\/sites\/52\/2024\/04\/20222023_Ramowy-program-praktyk-cz.1_AiR_PANS.pdf\">Ramowy program praktyk cz.1 I Rok AiR PANS<\/a><a href=\"https:\/\/pans.krosno.pl\/air\/wp-content\/uploads\/sites\/52\/2024\/04\/20222023_Ramowy-program-praktyk-cz.1_AiR_PANS.pdf\" class=\"wp-block-file__button wp-element-button\" download aria-describedby=\"wp-block-file--media-9cc701c6-4e9c-4668-9dab-d5308bd7d9a5\">Pobierz<\/a><\/div>\n\n\n\n<div class=\"wp-block-file\"><a id=\"wp-block-file--media-eb7b7f35-64de-46ef-a094-1ca992fe5bf2\" href=\"https:\/\/pans.krosno.pl\/air\/wp-content\/uploads\/sites\/52\/2024\/04\/20222023_Ramowy-program-praktyk-cz.2_AiR_PANS.pdf\">Ramowy program praktyk cz.2_II Rok AiR PANS<\/a><a href=\"https:\/\/pans.krosno.pl\/air\/wp-content\/uploads\/sites\/52\/2024\/04\/20222023_Ramowy-program-praktyk-cz.2_AiR_PANS.pdf\" class=\"wp-block-file__button wp-element-button\" download aria-describedby=\"wp-block-file--media-eb7b7f35-64de-46ef-a094-1ca992fe5bf2\">Pobierz<\/a><\/div>\n\n\n\n<div class=\"wp-block-file\"><a id=\"wp-block-file--media-27d960bf-b5bb-407c-92f5-fdb3f8b380d5\" href=\"https:\/\/pans.krosno.pl\/air\/wp-content\/uploads\/sites\/52\/2024\/04\/20222023_Ramowy-program-praktyk-cz.3_AiR_new.pdf\">Ramowy program praktyk cz.3 III Rok AiR PANS<\/a><a href=\"https:\/\/pans.krosno.pl\/air\/wp-content\/uploads\/sites\/52\/2024\/04\/20222023_Ramowy-program-praktyk-cz.3_AiR_new.pdf\" class=\"wp-block-file__button wp-element-button\" download aria-describedby=\"wp-block-file--media-27d960bf-b5bb-407c-92f5-fdb3f8b380d5\">Pobierz<\/a><\/div>\n\n\n\n<h2 class=\"wp-block-heading\" id=\"h-efekty-uczenia-praktyka-zawodowa\">Efekty uczenia Praktyka Zawodowa<\/h2>\n\n\n\n<div class=\"wp-block-file\"><a id=\"wp-block-file--media-4627b8d0-2eb4-40ae-9a47-4205b81ced82\" href=\"https:\/\/pans.krosno.pl\/air\/wp-content\/uploads\/sites\/52\/2024\/04\/20202021_Efekty-uczenia-sie_praktyka_zawodowa-I_AiR.pdf\">Efekty uczenia sie &#8211; praktyka zawodowa cz. 1 &#8211; IRok AiR<\/a><a href=\"https:\/\/pans.krosno.pl\/air\/wp-content\/uploads\/sites\/52\/2024\/04\/20202021_Efekty-uczenia-sie_praktyka_zawodowa-I_AiR.pdf\" class=\"wp-block-file__button wp-element-button\" download aria-describedby=\"wp-block-file--media-4627b8d0-2eb4-40ae-9a47-4205b81ced82\">Pobierz<\/a><\/div>\n\n\n\n<div class=\"wp-block-file\"><a id=\"wp-block-file--media-2373a488-31b8-4914-893f-07b57f622046\" href=\"https:\/\/pans.krosno.pl\/air\/wp-content\/uploads\/sites\/52\/2024\/04\/20202021_Efekty-uczenia-sie_praktyka_zawodowa-II_AiR.pdf\">Efekty uczenia sie &#8211; praktyka_zawodowa cz. 2 &#8211; IIRok AiR<\/a><a href=\"https:\/\/pans.krosno.pl\/air\/wp-content\/uploads\/sites\/52\/2024\/04\/20202021_Efekty-uczenia-sie_praktyka_zawodowa-II_AiR.pdf\" class=\"wp-block-file__button wp-element-button\" download aria-describedby=\"wp-block-file--media-2373a488-31b8-4914-893f-07b57f622046\">Pobierz<\/a><\/div>\n\n\n\n<div class=\"wp-block-file\"><a id=\"wp-block-file--media-c0a705b2-4154-4ce9-854b-48b57c02d66e\" href=\"https:\/\/pans.krosno.pl\/air\/wp-content\/uploads\/sites\/52\/2024\/04\/2020_2024_Efekty-uczenia-sie_praktyka_zawodowa-III_AiR.pdf\">Efekty uczenia sie praktyka zawodowa cz. 3 &#8211; III i IV Rok AiR<\/a><a href=\"https:\/\/pans.krosno.pl\/air\/wp-content\/uploads\/sites\/52\/2024\/04\/2020_2024_Efekty-uczenia-sie_praktyka_zawodowa-III_AiR.pdf\" class=\"wp-block-file__button wp-element-button\" download aria-describedby=\"wp-block-file--media-c0a705b2-4154-4ce9-854b-48b57c02d66e\">Pobierz<\/a><\/div>\n\n\n\n<p><strong>Cykl kszta\u0142cenia od 2021\/2022 do 2024\/2025,<\/strong><\/p>\n\n\n\n<p><strong>Cykl kszta\u0142cenia 2022\/2023 do 2025\/2026<\/strong>,<\/p>\n\n\n\n<p><strong>Cykl kszta\u0142cenia od 2023\/2024 do 2026\/2027<\/strong><\/p>\n\n\n\n<p><strong>Cykl kszta\u0142cenia od 2024\/2025 do 2027\/2028<\/strong><\/p>\n\n\n\n<div class=\"wp-block-file\"><a id=\"wp-block-file--media-30e37211-f5c6-44f8-be97-8900656d0817\" href=\"https:\/\/pans.krosno.pl\/air\/wp-content\/uploads\/sites\/52\/2022\/10\/Karta-Przedmiotu-Praktyka-zawodowa-cz-1-cz-2-cz-3-kierunek-AiR.pdf\">Karta Przedmiotu Praktyka zawodowa cz. 1, cz. 2, cz. 3, kierunek AiR<\/a><a href=\"https:\/\/pans.krosno.pl\/air\/wp-content\/uploads\/sites\/52\/2022\/10\/Karta-Przedmiotu-Praktyka-zawodowa-cz-1-cz-2-cz-3-kierunek-AiR.pdf\" class=\"wp-block-file__button wp-element-button\" download aria-describedby=\"wp-block-file--media-30e37211-f5c6-44f8-be97-8900656d0817\">Pobierz<\/a><\/div>\n\n\n\n<div class=\"wp-block-file\"><a id=\"wp-block-file--media-b3687102-96f7-4264-b43d-1792a5f6426c\" href=\"https:\/\/pans.krosno.pl\/air\/wp-content\/uploads\/sites\/52\/2022\/10\/Ramowy-Program-Praktyk-Kierunek-AiR-Praktyka-zawodowa-cz-1.pdf\">Ramowy Program Praktyk Kierunek AiR, Praktyka zawodowa cz. 1<\/a><a href=\"https:\/\/pans.krosno.pl\/air\/wp-content\/uploads\/sites\/52\/2022\/10\/Ramowy-Program-Praktyk-Kierunek-AiR-Praktyka-zawodowa-cz-1.pdf\" class=\"wp-block-file__button wp-element-button\" download aria-describedby=\"wp-block-file--media-b3687102-96f7-4264-b43d-1792a5f6426c\">Pobierz<\/a><\/div>\n\n\n\n<div class=\"wp-block-file\"><a id=\"wp-block-file--media-9f3ad57f-e7d2-4486-9b95-c0b2a4b39d67\" href=\"https:\/\/pans.krosno.pl\/air\/wp-content\/uploads\/sites\/52\/2022\/10\/Efekty-uczenia-Praktyka-zawodowa-cz-1-kierunek-Automatyka-i-Robotyka.pdf\">Efekty uczenia Praktyka zawodowa cz. 1., kierunek Automatyka i Robotyka<\/a><a href=\"https:\/\/pans.krosno.pl\/air\/wp-content\/uploads\/sites\/52\/2022\/10\/Efekty-uczenia-Praktyka-zawodowa-cz-1-kierunek-Automatyka-i-Robotyka.pdf\" class=\"wp-block-file__button wp-element-button\" download aria-describedby=\"wp-block-file--media-9f3ad57f-e7d2-4486-9b95-c0b2a4b39d67\">Pobierz<\/a><\/div>\n\n\n\n<div class=\"wp-block-file\"><a id=\"wp-block-file--media-ca79c54a-bd23-44a4-9c7e-cd02ec1b10c1\" href=\"https:\/\/pans.krosno.pl\/air\/wp-content\/uploads\/sites\/52\/2022\/10\/Ramowy-Program-Praktyk-Kierunek-AiR-Praktyka-zawodowa-cz-2.pdf\">Ramowy Program Praktyk Kierunek AiR, Praktyka zawodowa cz. 2<\/a><a href=\"https:\/\/pans.krosno.pl\/air\/wp-content\/uploads\/sites\/52\/2022\/10\/Ramowy-Program-Praktyk-Kierunek-AiR-Praktyka-zawodowa-cz-2.pdf\" class=\"wp-block-file__button wp-element-button\" download aria-describedby=\"wp-block-file--media-ca79c54a-bd23-44a4-9c7e-cd02ec1b10c1\">Pobierz<\/a><\/div>\n\n\n\n<div class=\"wp-block-file\"><a id=\"wp-block-file--media-f254e6a5-dc0e-436f-b6cc-59202f904ebb\" href=\"https:\/\/pans.krosno.pl\/air\/wp-content\/uploads\/sites\/52\/2022\/10\/Efekty-uczenia-Praktyka-zawodowa-cz-2-kierunek-Automatyka-i-Robotyka.pdf\">Efekty uczenia Praktyka zawodowa cz. 2., kierunek Automatyka i Robotyka<\/a><a href=\"https:\/\/pans.krosno.pl\/air\/wp-content\/uploads\/sites\/52\/2022\/10\/Efekty-uczenia-Praktyka-zawodowa-cz-2-kierunek-Automatyka-i-Robotyka.pdf\" class=\"wp-block-file__button wp-element-button\" download aria-describedby=\"wp-block-file--media-f254e6a5-dc0e-436f-b6cc-59202f904ebb\">Pobierz<\/a><\/div>\n\n\n\n<div class=\"wp-block-file\"><a id=\"wp-block-file--media-dd3d7d8c-b543-427e-826a-efdf69dc18c5\" href=\"https:\/\/pans.krosno.pl\/air\/wp-content\/uploads\/sites\/52\/2024\/11\/20222023_Ramowy-program-praktyk-cz.3_AiR_new.pdf\">Ramowy Program Praktyk Kierunek AiR, Praktyka zawodowa cz. 3<\/a><a href=\"https:\/\/pans.krosno.pl\/air\/wp-content\/uploads\/sites\/52\/2024\/11\/20222023_Ramowy-program-praktyk-cz.3_AiR_new.pdf\" class=\"wp-block-file__button wp-element-button\" download aria-describedby=\"wp-block-file--media-dd3d7d8c-b543-427e-826a-efdf69dc18c5\">Pobierz<\/a><\/div>\n\n\n\n<div class=\"wp-block-file\"><a id=\"wp-block-file--media-f5ba02ea-2fe0-4c28-8778-e563367151fb\" href=\"https:\/\/pans.krosno.pl\/air\/wp-content\/uploads\/sites\/52\/2024\/11\/2020_2024_Efekty-uczenia-sie_praktyka_zawodowa-III_AiR.pdf\">Efekty uczenia Praktyka zawodowa cz. 3, kierunek Automatyka i Robotyka<\/a><a href=\"https:\/\/pans.krosno.pl\/air\/wp-content\/uploads\/sites\/52\/2024\/11\/2020_2024_Efekty-uczenia-sie_praktyka_zawodowa-III_AiR.pdf\" class=\"wp-block-file__button wp-element-button\" download aria-describedby=\"wp-block-file--media-f5ba02ea-2fe0-4c28-8778-e563367151fb\">Pobierz<\/a><\/div>\n\n\n\n<p>W razie pyta\u0144 prosz\u0119 o kontakt z Kierownikiem Zak\u0142adu<\/p>\n","protected":false},"excerpt":{"rendered":"<p>W zwi\u0105zku z praktycznym profilem kszta\u0142cenia, studenci PANS s\u0105 zobowi\u0105zani do odbywania w trakcie studi\u00f3w praktyk studenckich. Aktualnie obowi\u0105zuj\u0105ce formularze zwi\u0105zane Praktykami s\u0105 dost\u0119pne na stronie uczelni: Najpierw nale\u017cy zg\u0142osi\u0107 si\u0119 do Opiekuna Praktyk po wype\u0142niony druk &#8222;Skierowanie na praktyk\u0119&#8221;. Wype\u0142niony formularz nale\u017cy przed\u0142o\u017cy\u0107 do firmy w kt\u00f3rej planuj\u0105 Pa\u0144stwo [\u2026] <\/p>\n<div class=\"clear\"><\/div>\n<p><a class=\"more_link clearfix\" href=\"https:\/\/pans.krosno.pl\/air\/praktyki-zawodowe-kpu-air\/\" rel=\"nofollow\">Read More<\/a><\/p>\n","protected":false},"author":27,"featured_media":0,"parent":0,"menu_order":0,"comment_status":"closed","ping_status":"closed","template":"","meta":{"ngg_post_thumbnail":0,"footnotes":""},"class_list":["post-51","page","type-page","status-publish","hentry"],"yoast_head":"<!-- This site is optimized with the Yoast SEO Premium plugin v27.4 (Yoast SEO v27.4) - https:\/\/yoast.com\/product\/yoast-seo-premium-wordpress\/ -->\n<title>Praktyki zawodowe - Automatyka i robotyka PANS w Kro\u015bnie<\/title>\n<meta name=\"robots\" content=\"index, follow, max-snippet:-1, max-image-preview:large, max-video-preview:-1\" \/>\n<link rel=\"canonical\" href=\"https:\/\/pans.krosno.pl\/air\/praktyki-zawodowe-kpu-air\/\" \/>\n<meta property=\"og:locale\" content=\"pl_PL\" \/>\n<meta property=\"og:type\" content=\"article\" \/>\n<meta property=\"og:title\" content=\"Praktyki zawodowe\" \/>\n<meta property=\"og:description\" content=\"W zwi\u0105zku z praktycznym profilem kszta\u0142cenia, studenci PANS s\u0105 zobowi\u0105zani do odbywania w trakcie studi\u00f3w praktyk studenckich. Aktualnie obowi\u0105zuj\u0105ce formularze zwi\u0105zane Praktykami s\u0105 dost\u0119pne na stronie uczelni: Najpierw nale\u017cy zg\u0142osi\u0107 si\u0119 do Opiekuna Praktyk po wype\u0142niony druk &#8222;Skierowanie na praktyk\u0119&#8221;. Wype\u0142niony formularz nale\u017cy przed\u0142o\u017cy\u0107 do firmy w kt\u00f3rej planuj\u0105 Pa\u0144stwo [\u2026] Read More\" \/>\n<meta property=\"og:url\" content=\"https:\/\/pans.krosno.pl\/air\/praktyki-zawodowe-kpu-air\/\" \/>\n<meta property=\"og:site_name\" content=\"Automatyka i robotyka PANS w Kro\u015bnie\" \/>\n<meta property=\"article:publisher\" content=\"https:\/\/www.facebook.com\/StudiaKrosno\/\" \/>\n<meta property=\"article:modified_time\" content=\"2024-11-05T01:29:37+00:00\" \/>\n<meta name=\"twitter:card\" content=\"summary_large_image\" \/>\n<meta name=\"twitter:label1\" content=\"Szacowany czas czytania\" \/>\n\t<meta name=\"twitter:data1\" content=\"2 minuty\" \/>\n<script type=\"application\/ld+json\" class=\"yoast-schema-graph\">{\"@context\":\"https:\\\/\\\/schema.org\",\"@graph\":[{\"@type\":\"WebPage\",\"@id\":\"https:\\\/\\\/pans.krosno.pl\\\/air\\\/praktyki-zawodowe-kpu-air\\\/\",\"url\":\"https:\\\/\\\/pans.krosno.pl\\\/air\\\/praktyki-zawodowe-kpu-air\\\/\",\"name\":\"Praktyki zawodowe - Automatyka i robotyka PANS w Kro\u015bnie\",\"isPartOf\":{\"@id\":\"https:\\\/\\\/pans.krosno.pl\\\/air\\\/#website\"},\"datePublished\":\"2020-09-14T12:53:16+00:00\",\"dateModified\":\"2024-11-05T01:29:37+00:00\",\"breadcrumb\":{\"@id\":\"https:\\\/\\\/pans.krosno.pl\\\/air\\\/praktyki-zawodowe-kpu-air\\\/#breadcrumb\"},\"inLanguage\":\"pl-PL\",\"potentialAction\":[{\"@type\":\"ReadAction\",\"target\":[\"https:\\\/\\\/pans.krosno.pl\\\/air\\\/praktyki-zawodowe-kpu-air\\\/\"]}]},{\"@type\":\"BreadcrumbList\",\"@id\":\"https:\\\/\\\/pans.krosno.pl\\\/air\\\/praktyki-zawodowe-kpu-air\\\/#breadcrumb\",\"itemListElement\":[{\"@type\":\"ListItem\",\"position\":1,\"name\":\"Strona g\u0142\u00f3wna\",\"item\":\"https:\\\/\\\/pans.krosno.pl\\\/air\\\/\"},{\"@type\":\"ListItem\",\"position\":2,\"name\":\"Praktyki zawodowe\"}]},{\"@type\":\"WebSite\",\"@id\":\"https:\\\/\\\/pans.krosno.pl\\\/air\\\/#website\",\"url\":\"https:\\\/\\\/pans.krosno.pl\\\/air\\\/\",\"name\":\"KPU w Kro\u015bnie\",\"description\":\"Automatyka i robotyka - Pa\u0144stwowa Akademia Nauk Stosowanych\",\"publisher\":{\"@id\":\"https:\\\/\\\/pans.krosno.pl\\\/air\\\/#organization\"},\"potentialAction\":[{\"@type\":\"SearchAction\",\"target\":{\"@type\":\"EntryPoint\",\"urlTemplate\":\"https:\\\/\\\/pans.krosno.pl\\\/air\\\/?s={search_term_string}\"},\"query-input\":{\"@type\":\"PropertyValueSpecification\",\"valueRequired\":true,\"valueName\":\"search_term_string\"}}],\"inLanguage\":\"pl-PL\"},{\"@type\":\"Organization\",\"@id\":\"https:\\\/\\\/pans.krosno.pl\\\/air\\\/#organization\",\"name\":\"Karpacka Pa\u0144stwowa Uczelnia w Kro\u015bnie\",\"url\":\"https:\\\/\\\/pans.krosno.pl\\\/air\\\/\",\"logo\":{\"@type\":\"ImageObject\",\"inLanguage\":\"pl-PL\",\"@id\":\"https:\\\/\\\/pans.krosno.pl\\\/air\\\/#\\\/schema\\\/logo\\\/image\\\/\",\"url\":\"\",\"contentUrl\":\"\",\"caption\":\"Karpacka Pa\u0144stwowa Uczelnia w Kro\u015bnie\"},\"image\":{\"@id\":\"https:\\\/\\\/pans.krosno.pl\\\/air\\\/#\\\/schema\\\/logo\\\/image\\\/\"},\"sameAs\":[\"https:\\\/\\\/www.facebook.com\\\/StudiaKrosno\\\/\",\"https:\\\/\\\/www.instagram.com\\\/studia.krosno\",\"https:\\\/\\\/pl.linkedin.com\\\/company\\\/pwsz-krosno\",\"https:\\\/\\\/www.youtube.com\\\/user\\\/pwszkrosno\\\/\",\"https:\\\/\\\/pl.wikipedia.org\\\/wiki\\\/Pa\u0144stwowa_Wy\u017csza_Szko\u0142a_Zawodowa_im._Stanis\u0142awa_Pigonia_w_Kro\u015bnie\"]}]}<\/script>\n<!-- \/ Yoast SEO Premium plugin. -->","yoast_head_json":{"title":"Praktyki zawodowe - Automatyka i robotyka PANS w Kro\u015bnie","robots":{"index":"index","follow":"follow","max-snippet":"max-snippet:-1","max-image-preview":"max-image-preview:large","max-video-preview":"max-video-preview:-1"},"canonical":"https:\/\/pans.krosno.pl\/air\/praktyki-zawodowe-kpu-air\/","og_locale":"pl_PL","og_type":"article","og_title":"Praktyki zawodowe","og_description":"W zwi\u0105zku z praktycznym profilem kszta\u0142cenia, studenci PANS s\u0105 zobowi\u0105zani do odbywania w trakcie studi\u00f3w praktyk studenckich. Aktualnie obowi\u0105zuj\u0105ce formularze zwi\u0105zane Praktykami s\u0105 dost\u0119pne na stronie uczelni: Najpierw nale\u017cy zg\u0142osi\u0107 si\u0119 do Opiekuna Praktyk po wype\u0142niony druk &#8222;Skierowanie na praktyk\u0119&#8221;. Wype\u0142niony formularz nale\u017cy przed\u0142o\u017cy\u0107 do firmy w kt\u00f3rej planuj\u0105 Pa\u0144stwo [\u2026] Read More","og_url":"https:\/\/pans.krosno.pl\/air\/praktyki-zawodowe-kpu-air\/","og_site_name":"Automatyka i robotyka PANS w Kro\u015bnie","article_publisher":"https:\/\/www.facebook.com\/StudiaKrosno\/","article_modified_time":"2024-11-05T01:29:37+00:00","twitter_card":"summary_large_image","twitter_misc":{"Szacowany czas czytania":"2 minuty"},"schema":{"@context":"https:\/\/schema.org","@graph":[{"@type":"WebPage","@id":"https:\/\/pans.krosno.pl\/air\/praktyki-zawodowe-kpu-air\/","url":"https:\/\/pans.krosno.pl\/air\/praktyki-zawodowe-kpu-air\/","name":"Praktyki zawodowe - Automatyka i robotyka PANS w Kro\u015bnie","isPartOf":{"@id":"https:\/\/pans.krosno.pl\/air\/#website"},"datePublished":"2020-09-14T12:53:16+00:00","dateModified":"2024-11-05T01:29:37+00:00","breadcrumb":{"@id":"https:\/\/pans.krosno.pl\/air\/praktyki-zawodowe-kpu-air\/#breadcrumb"},"inLanguage":"pl-PL","potentialAction":[{"@type":"ReadAction","target":["https:\/\/pans.krosno.pl\/air\/praktyki-zawodowe-kpu-air\/"]}]},{"@type":"BreadcrumbList","@id":"https:\/\/pans.krosno.pl\/air\/praktyki-zawodowe-kpu-air\/#breadcrumb","itemListElement":[{"@type":"ListItem","position":1,"name":"Strona g\u0142\u00f3wna","item":"https:\/\/pans.krosno.pl\/air\/"},{"@type":"ListItem","position":2,"name":"Praktyki zawodowe"}]},{"@type":"WebSite","@id":"https:\/\/pans.krosno.pl\/air\/#website","url":"https:\/\/pans.krosno.pl\/air\/","name":"KPU w Kro\u015bnie","description":"Automatyka i robotyka - Pa\u0144stwowa Akademia Nauk Stosowanych","publisher":{"@id":"https:\/\/pans.krosno.pl\/air\/#organization"},"potentialAction":[{"@type":"SearchAction","target":{"@type":"EntryPoint","urlTemplate":"https:\/\/pans.krosno.pl\/air\/?s={search_term_string}"},"query-input":{"@type":"PropertyValueSpecification","valueRequired":true,"valueName":"search_term_string"}}],"inLanguage":"pl-PL"},{"@type":"Organization","@id":"https:\/\/pans.krosno.pl\/air\/#organization","name":"Karpacka Pa\u0144stwowa Uczelnia w Kro\u015bnie","url":"https:\/\/pans.krosno.pl\/air\/","logo":{"@type":"ImageObject","inLanguage":"pl-PL","@id":"https:\/\/pans.krosno.pl\/air\/#\/schema\/logo\/image\/","url":"","contentUrl":"","caption":"Karpacka Pa\u0144stwowa Uczelnia w Kro\u015bnie"},"image":{"@id":"https:\/\/pans.krosno.pl\/air\/#\/schema\/logo\/image\/"},"sameAs":["https:\/\/www.facebook.com\/StudiaKrosno\/","https:\/\/www.instagram.com\/studia.krosno","https:\/\/pl.linkedin.com\/company\/pwsz-krosno","https:\/\/www.youtube.com\/user\/pwszkrosno\/","https:\/\/pl.wikipedia.org\/wiki\/Pa\u0144stwowa_Wy\u017csza_Szko\u0142a_Zawodowa_im._Stanis\u0142awa_Pigonia_w_Kro\u015bnie"]}]}},"_links":{"self":[{"href":"https:\/\/pans.krosno.pl\/air\/wp-json\/wp\/v2\/pages\/51","targetHints":{"allow":["GET"]}}],"collection":[{"href":"https:\/\/pans.krosno.pl\/air\/wp-json\/wp\/v2\/pages"}],"about":[{"href":"https:\/\/pans.krosno.pl\/air\/wp-json\/wp\/v2\/types\/page"}],"author":[{"embeddable":true,"href":"https:\/\/pans.krosno.pl\/air\/wp-json\/wp\/v2\/users\/27"}],"replies":[{"embeddable":true,"href":"https:\/\/pans.krosno.pl\/air\/wp-json\/wp\/v2\/comments?post=51"}],"version-history":[{"count":16,"href":"https:\/\/pans.krosno.pl\/air\/wp-json\/wp\/v2\/pages\/51\/revisions"}],"predecessor-version":[{"id":979,"href":"https:\/\/pans.krosno.pl\/air\/wp-json\/wp\/v2\/pages\/51\/revisions\/979"}],"wp:attachment":[{"href":"https:\/\/pans.krosno.pl\/air\/wp-json\/wp\/v2\/media?parent=51"}],"curies":[{"name":"wp","href":"https:\/\/api.w.org\/{rel}","templated":true}]}}