{"id":50,"date":"2020-09-14T14:53:16","date_gmt":"2020-09-14T12:53:16","guid":{"rendered":"https:\/\/pans.krosno.pl\/air\/?page_id=50"},"modified":"2025-06-04T09:40:37","modified_gmt":"2025-06-04T07:40:37","slug":"pracownicy","status":"publish","type":"page","link":"https:\/\/pans.krosno.pl\/air\/pracownicy\/","title":{"rendered":"Pracownicy"},"content":{"rendered":"\n<ul class=\"wp-block-list\">\n<li><a href=\"https:\/\/pans.krosno.pl\/pracownicy\/radoslaw-kruk\/\">mgr in\u017c. Rados\u0142aw Kruk<\/a> &#8211; Kierownik Zak\u0142adu Automatyki i Robotyki<\/li>\n\n\n\n<li><a href=\"https:\/\/pans.krosno.pl\/pracownicy\/robert-baranski\/\">dr hab. in\u017c. Robert Bara\u0144ski, prof. PANS<\/a><\/li>\n\n\n\n<li>dr hab. in\u017c. Tomasz Korbiel, prof. PANS<\/li>\n\n\n\n<li><a href=\"https:\/\/pans.krosno.pl\/pracownicy\/wieslaw-wszolek\/\" target=\"_blank\" rel=\"noreferrer noopener\">dr hab. in\u017c. Wies\u0142aw Wszo\u0142ek, prof. PANS<\/a><\/li>\n\n\n\n<li><a href=\"https:\/\/pans.krosno.pl\/pracownicy\/katarzyna-czupinska\/\" target=\"_blank\" rel=\"noreferrer noopener\"><\/a><a href=\"https:\/\/pans.krosno.pl\/pracownicy\/katarzyna-czupinska\/\" target=\"_blank\" rel=\"noreferrer noopener\">dr Katarzyna Czupi\u0144ska<\/a><\/li>\n\n\n\n<li><a href=\"https:\/\/pans.krosno.pl\/pracownicy\/renata-bal\/\" target=\"_blank\" rel=\"noreferrer noopener\">dr Renata Bal<\/a><\/li>\n\n\n\n<li><a href=\"https:\/\/pans.krosno.pl\/pracownicy\/wojciech-berezowski\/\" target=\"_blank\" rel=\"noreferrer noopener\">mgr in\u017c. Wojciech Berezowski<\/a><\/li>\n<\/ul>\n\n\n\n<h2 class=\"wp-block-heading\" id=\"h-kadra-wspomagajaca-proces-dydaktyczny\">Kadra wspomagaj\u0105ca proces dydaktyczny<\/h2>\n\n\n\n<ul class=\"wp-block-list\">\n<li><a href=\"https:\/\/pans.krosno.pl\/pracownicy\/kazimierz-krupa\/\">dr hab. in\u017c. Kazimierz Krupa, prof. PANS<\/a><\/li>\n\n\n\n<li><a href=\"https:\/\/pans.krosno.pl\/pracownicy\/tadeusz-wszolek\/\">dr hab. in\u017c. Tadeusz Wszo\u0142ek, prof. PANS<\/a><\/li>\n\n\n\n<li><a href=\"https:\/\/pans.krosno.pl\/pracownicy\/liliana-mierzwinska\/\" target=\"_blank\" rel=\"noreferrer noopener\">dr Liliana Mierzwi\u0144ska<\/a><\/li>\n\n\n\n<li><a href=\"https:\/\/pans.krosno.pl\/pracownicy\/wieslaw-niedoba\/\" target=\"_blank\" rel=\"noreferrer noopener\">dr Wies\u0142aw Niedoba<\/a><\/li>\n\n\n\n<li><a href=\"https:\/\/pans.krosno.pl\/pracownicy\/boguslaw-wisniewski\/\">dr in\u017c. Bogus\u0142aw Wi\u015bniewski<\/a><\/li>\n\n\n\n<li><a href=\"https:\/\/pans.krosno.pl\/pracownicy\/dorota-chodorowska\/\">dr in\u017c. Dorota Chodorowska<\/a><\/li>\n\n\n\n<li><a href=\"https:\/\/pans.krosno.pl\/pracownicy\/malgorzata-gorka\/\" target=\"_blank\" rel=\"noreferrer noopener\">dr in\u017c. Ma\u0142gorzata G\u00f3rka<\/a><\/li>\n\n\n\n<li><a href=\"https:\/\/pans.krosno.pl\/pracownicy\/jerzy-borcz\/\">mgr Jerzy Borcz<\/a><\/li>\n\n\n\n<li><a href=\"https:\/\/pans.krosno.pl\/pracownicy\/pawel-milan\/\">mgr in\u017c. Pawe\u0142 Milan<\/a><\/li>\n<\/ul>\n","protected":false},"excerpt":{"rendered":"<p>Kadra wspomagaj\u0105ca proces dydaktyczny<\/p>\n","protected":false},"author":27,"featured_media":0,"parent":0,"menu_order":0,"comment_status":"closed","ping_status":"closed","template":"page-templates\/template-full-width.php","meta":{"ngg_post_thumbnail":0,"footnotes":""},"class_list":["post-50","page","type-page","status-publish","hentry"],"yoast_head":"<!-- This site is optimized with the Yoast SEO Premium plugin v27.4 (Yoast SEO v27.4) - https:\/\/yoast.com\/product\/yoast-seo-premium-wordpress\/ -->\n<title>Pracownicy - Automatyka i robotyka PANS w Kro\u015bnie<\/title>\n<meta name=\"robots\" content=\"index, follow, max-snippet:-1, max-image-preview:large, max-video-preview:-1\" \/>\n<link rel=\"canonical\" href=\"https:\/\/pans.krosno.pl\/air\/pracownicy\/\" \/>\n<meta property=\"og:locale\" content=\"pl_PL\" \/>\n<meta property=\"og:type\" content=\"article\" \/>\n<meta property=\"og:title\" content=\"Pracownicy\" \/>\n<meta property=\"og:description\" content=\"Kadra wspomagaj\u0105ca proces dydaktyczny\" \/>\n<meta property=\"og:url\" content=\"https:\/\/pans.krosno.pl\/air\/pracownicy\/\" \/>\n<meta property=\"og:site_name\" content=\"Automatyka i robotyka PANS w Kro\u015bnie\" \/>\n<meta property=\"article:publisher\" content=\"https:\/\/www.facebook.com\/StudiaKrosno\/\" \/>\n<meta property=\"article:modified_time\" content=\"2025-06-04T07:40:37+00:00\" \/>\n<meta name=\"twitter:card\" content=\"summary_large_image\" \/>\n<meta name=\"twitter:label1\" content=\"Szacowany czas czytania\" \/>\n\t<meta name=\"twitter:data1\" content=\"1 minuta\" \/>\n<script type=\"application\/ld+json\" class=\"yoast-schema-graph\">{\"@context\":\"https:\\\/\\\/schema.org\",\"@graph\":[{\"@type\":\"WebPage\",\"@id\":\"https:\\\/\\\/pans.krosno.pl\\\/air\\\/pracownicy\\\/\",\"url\":\"https:\\\/\\\/pans.krosno.pl\\\/air\\\/pracownicy\\\/\",\"name\":\"Pracownicy - Automatyka i robotyka PANS w Kro\u015bnie\",\"isPartOf\":{\"@id\":\"https:\\\/\\\/pans.krosno.pl\\\/air\\\/#website\"},\"datePublished\":\"2020-09-14T12:53:16+00:00\",\"dateModified\":\"2025-06-04T07:40:37+00:00\",\"breadcrumb\":{\"@id\":\"https:\\\/\\\/pans.krosno.pl\\\/air\\\/pracownicy\\\/#breadcrumb\"},\"inLanguage\":\"pl-PL\",\"potentialAction\":[{\"@type\":\"ReadAction\",\"target\":[\"https:\\\/\\\/pans.krosno.pl\\\/air\\\/pracownicy\\\/\"]}]},{\"@type\":\"BreadcrumbList\",\"@id\":\"https:\\\/\\\/pans.krosno.pl\\\/air\\\/pracownicy\\\/#breadcrumb\",\"itemListElement\":[{\"@type\":\"ListItem\",\"position\":1,\"name\":\"Strona g\u0142\u00f3wna\",\"item\":\"https:\\\/\\\/pans.krosno.pl\\\/air\\\/\"},{\"@type\":\"ListItem\",\"position\":2,\"name\":\"Pracownicy\"}]},{\"@type\":\"WebSite\",\"@id\":\"https:\\\/\\\/pans.krosno.pl\\\/air\\\/#website\",\"url\":\"https:\\\/\\\/pans.krosno.pl\\\/air\\\/\",\"name\":\"KPU w Kro\u015bnie\",\"description\":\"Automatyka i robotyka - Pa\u0144stwowa Akademia Nauk Stosowanych\",\"publisher\":{\"@id\":\"https:\\\/\\\/pans.krosno.pl\\\/air\\\/#organization\"},\"potentialAction\":[{\"@type\":\"SearchAction\",\"target\":{\"@type\":\"EntryPoint\",\"urlTemplate\":\"https:\\\/\\\/pans.krosno.pl\\\/air\\\/?s={search_term_string}\"},\"query-input\":{\"@type\":\"PropertyValueSpecification\",\"valueRequired\":true,\"valueName\":\"search_term_string\"}}],\"inLanguage\":\"pl-PL\"},{\"@type\":\"Organization\",\"@id\":\"https:\\\/\\\/pans.krosno.pl\\\/air\\\/#organization\",\"name\":\"Karpacka Pa\u0144stwowa Uczelnia w Kro\u015bnie\",\"url\":\"https:\\\/\\\/pans.krosno.pl\\\/air\\\/\",\"logo\":{\"@type\":\"ImageObject\",\"inLanguage\":\"pl-PL\",\"@id\":\"https:\\\/\\\/pans.krosno.pl\\\/air\\\/#\\\/schema\\\/logo\\\/image\\\/\",\"url\":\"\",\"contentUrl\":\"\",\"caption\":\"Karpacka Pa\u0144stwowa Uczelnia w Kro\u015bnie\"},\"image\":{\"@id\":\"https:\\\/\\\/pans.krosno.pl\\\/air\\\/#\\\/schema\\\/logo\\\/image\\\/\"},\"sameAs\":[\"https:\\\/\\\/www.facebook.com\\\/StudiaKrosno\\\/\",\"https:\\\/\\\/www.instagram.com\\\/studia.krosno\",\"https:\\\/\\\/pl.linkedin.com\\\/company\\\/pwsz-krosno\",\"https:\\\/\\\/www.youtube.com\\\/user\\\/pwszkrosno\\\/\",\"https:\\\/\\\/pl.wikipedia.org\\\/wiki\\\/Pa\u0144stwowa_Wy\u017csza_Szko\u0142a_Zawodowa_im._Stanis\u0142awa_Pigonia_w_Kro\u015bnie\"]}]}<\/script>\n<!-- \/ Yoast SEO Premium plugin. -->","yoast_head_json":{"title":"Pracownicy - Automatyka i robotyka PANS w Kro\u015bnie","robots":{"index":"index","follow":"follow","max-snippet":"max-snippet:-1","max-image-preview":"max-image-preview:large","max-video-preview":"max-video-preview:-1"},"canonical":"https:\/\/pans.krosno.pl\/air\/pracownicy\/","og_locale":"pl_PL","og_type":"article","og_title":"Pracownicy","og_description":"Kadra wspomagaj\u0105ca proces dydaktyczny","og_url":"https:\/\/pans.krosno.pl\/air\/pracownicy\/","og_site_name":"Automatyka i robotyka PANS w Kro\u015bnie","article_publisher":"https:\/\/www.facebook.com\/StudiaKrosno\/","article_modified_time":"2025-06-04T07:40:37+00:00","twitter_card":"summary_large_image","twitter_misc":{"Szacowany czas czytania":"1 minuta"},"schema":{"@context":"https:\/\/schema.org","@graph":[{"@type":"WebPage","@id":"https:\/\/pans.krosno.pl\/air\/pracownicy\/","url":"https:\/\/pans.krosno.pl\/air\/pracownicy\/","name":"Pracownicy - Automatyka i robotyka PANS w Kro\u015bnie","isPartOf":{"@id":"https:\/\/pans.krosno.pl\/air\/#website"},"datePublished":"2020-09-14T12:53:16+00:00","dateModified":"2025-06-04T07:40:37+00:00","breadcrumb":{"@id":"https:\/\/pans.krosno.pl\/air\/pracownicy\/#breadcrumb"},"inLanguage":"pl-PL","potentialAction":[{"@type":"ReadAction","target":["https:\/\/pans.krosno.pl\/air\/pracownicy\/"]}]},{"@type":"BreadcrumbList","@id":"https:\/\/pans.krosno.pl\/air\/pracownicy\/#breadcrumb","itemListElement":[{"@type":"ListItem","position":1,"name":"Strona g\u0142\u00f3wna","item":"https:\/\/pans.krosno.pl\/air\/"},{"@type":"ListItem","position":2,"name":"Pracownicy"}]},{"@type":"WebSite","@id":"https:\/\/pans.krosno.pl\/air\/#website","url":"https:\/\/pans.krosno.pl\/air\/","name":"KPU w Kro\u015bnie","description":"Automatyka i robotyka - Pa\u0144stwowa Akademia Nauk Stosowanych","publisher":{"@id":"https:\/\/pans.krosno.pl\/air\/#organization"},"potentialAction":[{"@type":"SearchAction","target":{"@type":"EntryPoint","urlTemplate":"https:\/\/pans.krosno.pl\/air\/?s={search_term_string}"},"query-input":{"@type":"PropertyValueSpecification","valueRequired":true,"valueName":"search_term_string"}}],"inLanguage":"pl-PL"},{"@type":"Organization","@id":"https:\/\/pans.krosno.pl\/air\/#organization","name":"Karpacka Pa\u0144stwowa Uczelnia w Kro\u015bnie","url":"https:\/\/pans.krosno.pl\/air\/","logo":{"@type":"ImageObject","inLanguage":"pl-PL","@id":"https:\/\/pans.krosno.pl\/air\/#\/schema\/logo\/image\/","url":"","contentUrl":"","caption":"Karpacka Pa\u0144stwowa Uczelnia w Kro\u015bnie"},"image":{"@id":"https:\/\/pans.krosno.pl\/air\/#\/schema\/logo\/image\/"},"sameAs":["https:\/\/www.facebook.com\/StudiaKrosno\/","https:\/\/www.instagram.com\/studia.krosno","https:\/\/pl.linkedin.com\/company\/pwsz-krosno","https:\/\/www.youtube.com\/user\/pwszkrosno\/","https:\/\/pl.wikipedia.org\/wiki\/Pa\u0144stwowa_Wy\u017csza_Szko\u0142a_Zawodowa_im._Stanis\u0142awa_Pigonia_w_Kro\u015bnie"]}]}},"_links":{"self":[{"href":"https:\/\/pans.krosno.pl\/air\/wp-json\/wp\/v2\/pages\/50","targetHints":{"allow":["GET"]}}],"collection":[{"href":"https:\/\/pans.krosno.pl\/air\/wp-json\/wp\/v2\/pages"}],"about":[{"href":"https:\/\/pans.krosno.pl\/air\/wp-json\/wp\/v2\/types\/page"}],"author":[{"embeddable":true,"href":"https:\/\/pans.krosno.pl\/air\/wp-json\/wp\/v2\/users\/27"}],"replies":[{"embeddable":true,"href":"https:\/\/pans.krosno.pl\/air\/wp-json\/wp\/v2\/comments?post=50"}],"version-history":[{"count":36,"href":"https:\/\/pans.krosno.pl\/air\/wp-json\/wp\/v2\/pages\/50\/revisions"}],"predecessor-version":[{"id":1043,"href":"https:\/\/pans.krosno.pl\/air\/wp-json\/wp\/v2\/pages\/50\/revisions\/1043"}],"wp:attachment":[{"href":"https:\/\/pans.krosno.pl\/air\/wp-json\/wp\/v2\/media?parent=50"}],"curies":[{"name":"wp","href":"https:\/\/api.w.org\/{rel}","templated":true}]}}