{"id":47,"date":"2020-09-14T14:53:16","date_gmt":"2020-09-14T12:53:16","guid":{"rendered":"https:\/\/pans.krosno.pl\/air\/?page_id=47"},"modified":"2026-02-13T11:31:11","modified_gmt":"2026-02-13T10:31:11","slug":"harmonogram-zajec","status":"publish","type":"page","link":"https:\/\/pans.krosno.pl\/air\/harmonogram-zajec\/","title":{"rendered":"Harmonogram zaj\u0119\u0107"},"content":{"rendered":"\n<p>Poni\u017cej linki do harmonogram\u00f3w zaj\u0119\u0107 w semestrze letnim roku akademickiego 2025\/26.<\/p>\n\n\n\n<p><a href=\"https:\/\/usos.kpu.krosno.pl\/kontroler.php?_action=katalog2\/przedmioty\/pokazPlanGrupyPrzedmiotow&amp;grupa_kod=AR-S-25-S2&amp;cdyd_kod=2025L&amp;plan_format=html&amp;plan_showStartTime=1&amp;plan_showEndTime=1&amp;plan_showTypeShort=0&amp;plan_showTypeFull=1&amp;plan_showGroupNumber=1&amp;plan_showCourseName=1&amp;plan_showCourseCode=0&amp;plan_showRoom=1&amp;plan_showBuildingCode=0&amp;plan_showLecturers=1&amp;plan_overridePrintWidth=1&amp;plan_colorScheme=default\">I Rok <\/a><\/p>\n\n\n\n<p><a href=\"https:\/\/usos.kpu.krosno.pl\/kontroler.php?_action=katalog2\/przedmioty\/pokazPlanGrupyPrzedmiotow&amp;grupa_kod=AR-S-25-S4&amp;cdyd_kod=2025L&amp;plan_format=html&amp;plan_showStartTime=1&amp;plan_showEndTime=1&amp;plan_showTypeShort=0&amp;plan_showTypeFull=1&amp;plan_showGroupNumber=1&amp;plan_showCourseName=1&amp;plan_showCourseCode=0&amp;plan_showRoom=1&amp;plan_showBuildingCode=0&amp;plan_showLecturers=1&amp;plan_overridePrintWidth=1&amp;plan_colorScheme=default\">II Rok<\/a><\/p>\n\n\n\n<p><a href=\"https:\/\/usos.kpu.krosno.pl\/kontroler.php?_action=katalog2\/przedmioty\/pokazPlanGrupyPrzedmiotow&amp;grupa_kod=AR-S-25-S6&amp;cdyd_kod=2025L&amp;plan_format=html&amp;plan_showStartTime=1&amp;plan_showEndTime=1&amp;plan_showTypeShort=0&amp;plan_showTypeFull=1&amp;plan_showGroupNumber=1&amp;plan_showCourseName=1&amp;plan_showCourseCode=0&amp;plan_showRoom=1&amp;plan_showBuildingCode=0&amp;plan_showLecturers=1&amp;plan_overridePrintWidth=1&amp;plan_colorScheme=default\">III Rok<\/a><\/p>\n\n\n\n<p class=\"has-medium-font-size\"><strong>Poni\u017cej obowi\u0105zuj\u0105cy kalendarz semestru letniego 2025\/2026<\/strong><\/p>\n\n\n\n<figure class=\"wp-block-image size-full\"><img loading=\"lazy\" decoding=\"async\" width=\"702\" height=\"966\" src=\"https:\/\/pans.krosno.pl\/air\/wp-content\/uploads\/sites\/52\/2026\/02\/image.png\" alt=\"\" class=\"wp-image-1121\" srcset=\"https:\/\/pans.krosno.pl\/air\/wp-content\/uploads\/sites\/52\/2026\/02\/image.png 702w, https:\/\/pans.krosno.pl\/air\/wp-content\/uploads\/sites\/52\/2026\/02\/image-218x300.png 218w, https:\/\/pans.krosno.pl\/air\/wp-content\/uploads\/sites\/52\/2026\/02\/image-580x798.png 580w\" sizes=\"auto, (max-width: 702px) 100vw, 702px\" \/><\/figure>\n\n\n\n<p><a href=\"https:\/\/pans.krosno.pl\/kalendarz-akademicki\/kalendarz-akademicki-2024-2025\/\">Szczeg\u00f3\u0142y kalendarza na stronie g\u0142\u00f3wnej PANS<\/a><\/p>\n\n\n\n<p><\/p>\n\n\n\n<h3 class=\"wp-block-heading\" id=\"h-kalendarz-zajec-semestr-zimowy-2025-2026\">Kalendarz zaj\u0119\u0107 &#8211; semestr zimowy 2025\/2026<\/h3>\n\n\n\n<p>Tygodnie A (nieparzyste) &#8211; Zaj\u0119cia dydaktyczne co 2 tyg. &#8211; w dniach: 1-5.10, 13-19.10, 27.10-31.10, 10-16.11, 24.11-30.11, 08-14.12, 07-11.01, 19-25.01, 29.01 i 30.01<\/p>\n\n\n\n<p>Tygodnie B (parzyste) &#8211; Zaj\u0119cia dydaktyczne co 2 tyg. &#8211; w dniach: 06-12.10, 20-26.10, 03-09.11, 17-23.11, 01-07.12, 15-21.12, 12-18.01, 26-28.01 i 31.01<\/p>\n\n\n\n<p>W dniu 22.01.2025 realizowane s\u0105 zaj\u0119cia jak z poniedzia\u0142ku w tygodniu A<br>W dniu 28.01.2025 realizowane s\u0105 zaj\u0119cia jak z poniedzia\u0142ku w tygodniu A<br>W dniu 30.01.2025 realizowane s\u0105 zaj\u0119cia jak z pi\u0105tku w tygodniu A<\/p>\n","protected":false},"excerpt":{"rendered":"<p>Poni\u017cej linki do harmonogram\u00f3w zaj\u0119\u0107 w semestrze letnim roku akademickiego 2025\/26. I Rok II Rok III Rok Poni\u017cej obowi\u0105zuj\u0105cy kalendarz semestru letniego 2025\/2026 Szczeg\u00f3\u0142y kalendarza na stronie g\u0142\u00f3wnej PANS Kalendarz zaj\u0119\u0107 &#8211; semestr zimowy 2025\/2026 Tygodnie A (nieparzyste) &#8211; Zaj\u0119cia dydaktyczne co 2 tyg. &#8211; w dniach: 1-5.10, 13-19.10, 27.10-31.10, [\u2026] <\/p>\n<div class=\"clear\"><\/div>\n<p><a class=\"more_link clearfix\" href=\"https:\/\/pans.krosno.pl\/air\/harmonogram-zajec\/\" rel=\"nofollow\">Read More<\/a><\/p>\n","protected":false},"author":27,"featured_media":0,"parent":0,"menu_order":0,"comment_status":"closed","ping_status":"closed","template":"","meta":{"ngg_post_thumbnail":0,"footnotes":""},"class_list":["post-47","page","type-page","status-publish","hentry"],"yoast_head":"<!-- This site is optimized with the Yoast SEO Premium plugin v27.3 (Yoast SEO v27.3) - https:\/\/yoast.com\/product\/yoast-seo-premium-wordpress\/ -->\n<title>Harmonogram zaj\u0119\u0107 - Automatyka i robotyka PANS w Kro\u015bnie<\/title>\n<meta name=\"robots\" content=\"index, follow, max-snippet:-1, max-image-preview:large, max-video-preview:-1\" \/>\n<link rel=\"canonical\" href=\"https:\/\/pans.krosno.pl\/air\/harmonogram-zajec\/\" \/>\n<meta property=\"og:locale\" content=\"pl_PL\" \/>\n<meta property=\"og:type\" content=\"article\" \/>\n<meta property=\"og:title\" content=\"Harmonogram zaj\u0119\u0107\" \/>\n<meta property=\"og:description\" content=\"Poni\u017cej linki do harmonogram\u00f3w zaj\u0119\u0107 w semestrze letnim roku akademickiego 2025\/26. I Rok II Rok III Rok Poni\u017cej obowi\u0105zuj\u0105cy kalendarz semestru letniego 2025\/2026 Szczeg\u00f3\u0142y kalendarza na stronie g\u0142\u00f3wnej PANS Kalendarz zaj\u0119\u0107 &#8211; semestr zimowy 2025\/2026 Tygodnie A (nieparzyste) &#8211; Zaj\u0119cia dydaktyczne co 2 tyg. &#8211; w dniach: 1-5.10, 13-19.10, 27.10-31.10, [\u2026] Read More\" \/>\n<meta property=\"og:url\" content=\"https:\/\/pans.krosno.pl\/air\/harmonogram-zajec\/\" \/>\n<meta property=\"og:site_name\" content=\"Automatyka i robotyka PANS w Kro\u015bnie\" \/>\n<meta property=\"article:publisher\" content=\"https:\/\/www.facebook.com\/StudiaKrosno\/\" \/>\n<meta property=\"article:modified_time\" content=\"2026-02-13T10:31:11+00:00\" \/>\n<meta property=\"og:image\" content=\"https:\/\/pans.krosno.pl\/air\/wp-content\/uploads\/sites\/52\/2026\/02\/image.png\" \/>\n\t<meta property=\"og:image:width\" content=\"702\" \/>\n\t<meta property=\"og:image:height\" content=\"966\" \/>\n\t<meta property=\"og:image:type\" content=\"image\/png\" \/>\n<meta name=\"twitter:card\" content=\"summary_large_image\" \/>\n<meta name=\"twitter:label1\" content=\"Szacowany czas czytania\" \/>\n\t<meta name=\"twitter:data1\" content=\"1 minuta\" \/>\n<script type=\"application\/ld+json\" class=\"yoast-schema-graph\">{\"@context\":\"https:\\\/\\\/schema.org\",\"@graph\":[{\"@type\":\"WebPage\",\"@id\":\"https:\\\/\\\/pans.krosno.pl\\\/air\\\/harmonogram-zajec\\\/\",\"url\":\"https:\\\/\\\/pans.krosno.pl\\\/air\\\/harmonogram-zajec\\\/\",\"name\":\"Harmonogram zaj\u0119\u0107 - Automatyka i robotyka PANS w Kro\u015bnie\",\"isPartOf\":{\"@id\":\"https:\\\/\\\/pans.krosno.pl\\\/air\\\/#website\"},\"primaryImageOfPage\":{\"@id\":\"https:\\\/\\\/pans.krosno.pl\\\/air\\\/harmonogram-zajec\\\/#primaryimage\"},\"image\":{\"@id\":\"https:\\\/\\\/pans.krosno.pl\\\/air\\\/harmonogram-zajec\\\/#primaryimage\"},\"thumbnailUrl\":\"https:\\\/\\\/pans.krosno.pl\\\/air\\\/wp-content\\\/uploads\\\/sites\\\/52\\\/2026\\\/02\\\/image.png\",\"datePublished\":\"2020-09-14T12:53:16+00:00\",\"dateModified\":\"2026-02-13T10:31:11+00:00\",\"breadcrumb\":{\"@id\":\"https:\\\/\\\/pans.krosno.pl\\\/air\\\/harmonogram-zajec\\\/#breadcrumb\"},\"inLanguage\":\"pl-PL\",\"potentialAction\":[{\"@type\":\"ReadAction\",\"target\":[\"https:\\\/\\\/pans.krosno.pl\\\/air\\\/harmonogram-zajec\\\/\"]}]},{\"@type\":\"ImageObject\",\"inLanguage\":\"pl-PL\",\"@id\":\"https:\\\/\\\/pans.krosno.pl\\\/air\\\/harmonogram-zajec\\\/#primaryimage\",\"url\":\"https:\\\/\\\/pans.krosno.pl\\\/air\\\/wp-content\\\/uploads\\\/sites\\\/52\\\/2026\\\/02\\\/image.png\",\"contentUrl\":\"https:\\\/\\\/pans.krosno.pl\\\/air\\\/wp-content\\\/uploads\\\/sites\\\/52\\\/2026\\\/02\\\/image.png\",\"width\":702,\"height\":966},{\"@type\":\"BreadcrumbList\",\"@id\":\"https:\\\/\\\/pans.krosno.pl\\\/air\\\/harmonogram-zajec\\\/#breadcrumb\",\"itemListElement\":[{\"@type\":\"ListItem\",\"position\":1,\"name\":\"Strona g\u0142\u00f3wna\",\"item\":\"https:\\\/\\\/pans.krosno.pl\\\/air\\\/\"},{\"@type\":\"ListItem\",\"position\":2,\"name\":\"Harmonogram zaj\u0119\u0107\"}]},{\"@type\":\"WebSite\",\"@id\":\"https:\\\/\\\/pans.krosno.pl\\\/air\\\/#website\",\"url\":\"https:\\\/\\\/pans.krosno.pl\\\/air\\\/\",\"name\":\"KPU w Kro\u015bnie\",\"description\":\"Automatyka i robotyka - Pa\u0144stwowa Akademia Nauk Stosowanych\",\"publisher\":{\"@id\":\"https:\\\/\\\/pans.krosno.pl\\\/air\\\/#organization\"},\"potentialAction\":[{\"@type\":\"SearchAction\",\"target\":{\"@type\":\"EntryPoint\",\"urlTemplate\":\"https:\\\/\\\/pans.krosno.pl\\\/air\\\/?s={search_term_string}\"},\"query-input\":{\"@type\":\"PropertyValueSpecification\",\"valueRequired\":true,\"valueName\":\"search_term_string\"}}],\"inLanguage\":\"pl-PL\"},{\"@type\":\"Organization\",\"@id\":\"https:\\\/\\\/pans.krosno.pl\\\/air\\\/#organization\",\"name\":\"Karpacka Pa\u0144stwowa Uczelnia w Kro\u015bnie\",\"url\":\"https:\\\/\\\/pans.krosno.pl\\\/air\\\/\",\"logo\":{\"@type\":\"ImageObject\",\"inLanguage\":\"pl-PL\",\"@id\":\"https:\\\/\\\/pans.krosno.pl\\\/air\\\/#\\\/schema\\\/logo\\\/image\\\/\",\"url\":\"\",\"contentUrl\":\"\",\"caption\":\"Karpacka Pa\u0144stwowa Uczelnia w Kro\u015bnie\"},\"image\":{\"@id\":\"https:\\\/\\\/pans.krosno.pl\\\/air\\\/#\\\/schema\\\/logo\\\/image\\\/\"},\"sameAs\":[\"https:\\\/\\\/www.facebook.com\\\/StudiaKrosno\\\/\",\"https:\\\/\\\/www.instagram.com\\\/studia.krosno\",\"https:\\\/\\\/pl.linkedin.com\\\/company\\\/pwsz-krosno\",\"https:\\\/\\\/www.youtube.com\\\/user\\\/pwszkrosno\\\/\",\"https:\\\/\\\/pl.wikipedia.org\\\/wiki\\\/Pa\u0144stwowa_Wy\u017csza_Szko\u0142a_Zawodowa_im._Stanis\u0142awa_Pigonia_w_Kro\u015bnie\"]}]}<\/script>\n<!-- \/ Yoast SEO Premium plugin. -->","yoast_head_json":{"title":"Harmonogram zaj\u0119\u0107 - Automatyka i robotyka PANS w Kro\u015bnie","robots":{"index":"index","follow":"follow","max-snippet":"max-snippet:-1","max-image-preview":"max-image-preview:large","max-video-preview":"max-video-preview:-1"},"canonical":"https:\/\/pans.krosno.pl\/air\/harmonogram-zajec\/","og_locale":"pl_PL","og_type":"article","og_title":"Harmonogram zaj\u0119\u0107","og_description":"Poni\u017cej linki do harmonogram\u00f3w zaj\u0119\u0107 w semestrze letnim roku akademickiego 2025\/26. I Rok II Rok III Rok Poni\u017cej obowi\u0105zuj\u0105cy kalendarz semestru letniego 2025\/2026 Szczeg\u00f3\u0142y kalendarza na stronie g\u0142\u00f3wnej PANS Kalendarz zaj\u0119\u0107 &#8211; semestr zimowy 2025\/2026 Tygodnie A (nieparzyste) &#8211; Zaj\u0119cia dydaktyczne co 2 tyg. &#8211; w dniach: 1-5.10, 13-19.10, 27.10-31.10, [\u2026] Read More","og_url":"https:\/\/pans.krosno.pl\/air\/harmonogram-zajec\/","og_site_name":"Automatyka i robotyka PANS w Kro\u015bnie","article_publisher":"https:\/\/www.facebook.com\/StudiaKrosno\/","article_modified_time":"2026-02-13T10:31:11+00:00","og_image":[{"width":702,"height":966,"url":"https:\/\/pans.krosno.pl\/air\/wp-content\/uploads\/sites\/52\/2026\/02\/image.png","type":"image\/png"}],"twitter_card":"summary_large_image","twitter_misc":{"Szacowany czas czytania":"1 minuta"},"schema":{"@context":"https:\/\/schema.org","@graph":[{"@type":"WebPage","@id":"https:\/\/pans.krosno.pl\/air\/harmonogram-zajec\/","url":"https:\/\/pans.krosno.pl\/air\/harmonogram-zajec\/","name":"Harmonogram zaj\u0119\u0107 - Automatyka i robotyka PANS w Kro\u015bnie","isPartOf":{"@id":"https:\/\/pans.krosno.pl\/air\/#website"},"primaryImageOfPage":{"@id":"https:\/\/pans.krosno.pl\/air\/harmonogram-zajec\/#primaryimage"},"image":{"@id":"https:\/\/pans.krosno.pl\/air\/harmonogram-zajec\/#primaryimage"},"thumbnailUrl":"https:\/\/pans.krosno.pl\/air\/wp-content\/uploads\/sites\/52\/2026\/02\/image.png","datePublished":"2020-09-14T12:53:16+00:00","dateModified":"2026-02-13T10:31:11+00:00","breadcrumb":{"@id":"https:\/\/pans.krosno.pl\/air\/harmonogram-zajec\/#breadcrumb"},"inLanguage":"pl-PL","potentialAction":[{"@type":"ReadAction","target":["https:\/\/pans.krosno.pl\/air\/harmonogram-zajec\/"]}]},{"@type":"ImageObject","inLanguage":"pl-PL","@id":"https:\/\/pans.krosno.pl\/air\/harmonogram-zajec\/#primaryimage","url":"https:\/\/pans.krosno.pl\/air\/wp-content\/uploads\/sites\/52\/2026\/02\/image.png","contentUrl":"https:\/\/pans.krosno.pl\/air\/wp-content\/uploads\/sites\/52\/2026\/02\/image.png","width":702,"height":966},{"@type":"BreadcrumbList","@id":"https:\/\/pans.krosno.pl\/air\/harmonogram-zajec\/#breadcrumb","itemListElement":[{"@type":"ListItem","position":1,"name":"Strona g\u0142\u00f3wna","item":"https:\/\/pans.krosno.pl\/air\/"},{"@type":"ListItem","position":2,"name":"Harmonogram zaj\u0119\u0107"}]},{"@type":"WebSite","@id":"https:\/\/pans.krosno.pl\/air\/#website","url":"https:\/\/pans.krosno.pl\/air\/","name":"KPU w Kro\u015bnie","description":"Automatyka i robotyka - Pa\u0144stwowa Akademia Nauk Stosowanych","publisher":{"@id":"https:\/\/pans.krosno.pl\/air\/#organization"},"potentialAction":[{"@type":"SearchAction","target":{"@type":"EntryPoint","urlTemplate":"https:\/\/pans.krosno.pl\/air\/?s={search_term_string}"},"query-input":{"@type":"PropertyValueSpecification","valueRequired":true,"valueName":"search_term_string"}}],"inLanguage":"pl-PL"},{"@type":"Organization","@id":"https:\/\/pans.krosno.pl\/air\/#organization","name":"Karpacka Pa\u0144stwowa Uczelnia w Kro\u015bnie","url":"https:\/\/pans.krosno.pl\/air\/","logo":{"@type":"ImageObject","inLanguage":"pl-PL","@id":"https:\/\/pans.krosno.pl\/air\/#\/schema\/logo\/image\/","url":"","contentUrl":"","caption":"Karpacka Pa\u0144stwowa Uczelnia w Kro\u015bnie"},"image":{"@id":"https:\/\/pans.krosno.pl\/air\/#\/schema\/logo\/image\/"},"sameAs":["https:\/\/www.facebook.com\/StudiaKrosno\/","https:\/\/www.instagram.com\/studia.krosno","https:\/\/pl.linkedin.com\/company\/pwsz-krosno","https:\/\/www.youtube.com\/user\/pwszkrosno\/","https:\/\/pl.wikipedia.org\/wiki\/Pa\u0144stwowa_Wy\u017csza_Szko\u0142a_Zawodowa_im._Stanis\u0142awa_Pigonia_w_Kro\u015bnie"]}]}},"_links":{"self":[{"href":"https:\/\/pans.krosno.pl\/air\/wp-json\/wp\/v2\/pages\/47","targetHints":{"allow":["GET"]}}],"collection":[{"href":"https:\/\/pans.krosno.pl\/air\/wp-json\/wp\/v2\/pages"}],"about":[{"href":"https:\/\/pans.krosno.pl\/air\/wp-json\/wp\/v2\/types\/page"}],"author":[{"embeddable":true,"href":"https:\/\/pans.krosno.pl\/air\/wp-json\/wp\/v2\/users\/27"}],"replies":[{"embeddable":true,"href":"https:\/\/pans.krosno.pl\/air\/wp-json\/wp\/v2\/comments?post=47"}],"version-history":[{"count":99,"href":"https:\/\/pans.krosno.pl\/air\/wp-json\/wp\/v2\/pages\/47\/revisions"}],"predecessor-version":[{"id":1123,"href":"https:\/\/pans.krosno.pl\/air\/wp-json\/wp\/v2\/pages\/47\/revisions\/1123"}],"wp:attachment":[{"href":"https:\/\/pans.krosno.pl\/air\/wp-json\/wp\/v2\/media?parent=47"}],"curies":[{"name":"wp","href":"https:\/\/api.w.org\/{rel}","templated":true}]}}