{"id":46,"date":"2020-09-14T14:53:16","date_gmt":"2020-09-14T12:53:16","guid":{"rendered":"https:\/\/pans.krosno.pl\/air\/?page_id=46"},"modified":"2025-03-21T14:26:55","modified_gmt":"2025-03-21T13:26:55","slug":"egzamin-dyplomowy","status":"publish","type":"page","link":"https:\/\/pans.krosno.pl\/air\/egzamin-dyplomowy\/","title":{"rendered":"Egzamin dyplomowy"},"content":{"rendered":"\n<h3 class=\"wp-block-heading\" id=\"h-procedura-dyplomowania\">Procedura dyplomowania<\/h3>\n\n\n\n<div class=\"wp-block-file\"><a id=\"wp-block-file--media-5829a8d4-b385-4e2f-90db-46d959756bb3\" href=\"https:\/\/pans.krosno.pl\/air\/wp-content\/uploads\/sites\/52\/2025\/03\/6-procedura-dyplomowania-wydanie-5.doc\">6-procedura-dyplomowania-wydanie-5<\/a><a href=\"https:\/\/pans.krosno.pl\/air\/wp-content\/uploads\/sites\/52\/2025\/03\/6-procedura-dyplomowania-wydanie-5.doc\" class=\"wp-block-file__button wp-element-button\" download aria-describedby=\"wp-block-file--media-5829a8d4-b385-4e2f-90db-46d959756bb3\">Pobierz<\/a><\/div>\n\n\n\n<div class=\"wp-block-file\"><a id=\"wp-block-file--media-6dd3ed71-2fb5-4d28-aba8-eeb111c47003\" href=\"https:\/\/pans.krosno.pl\/air\/wp-content\/uploads\/sites\/52\/2025\/03\/Wzor-strony-tytulowej-PANS-1.doc\">Wzor-strony-tytulowej-PANS-1<\/a><a href=\"https:\/\/pans.krosno.pl\/air\/wp-content\/uploads\/sites\/52\/2025\/03\/Wzor-strony-tytulowej-PANS-1.doc\" class=\"wp-block-file__button wp-element-button\" download aria-describedby=\"wp-block-file--media-6dd3ed71-2fb5-4d28-aba8-eeb111c47003\">Pobierz<\/a><\/div>\n\n\n\n<h3 class=\"wp-block-heading\" id=\"h-zestaw-pytan-na-egzamin-dyplomowy\">Zestaw pyta\u0144 na egzamin dyplomowy<\/h3>\n\n\n\n<p>Podane pytania s\u0105 oparte na efektach uczenia si\u0119, jakie Studenci kierunku Automatyka i Robotyka uzyskuj\u0105 w czasie studi\u00f3w. Z tego zbioru Student losuje trzy pytania, na kt\u00f3re musi udzieli\u0107 odpowiedzi w czasie egzaminu dyplomowego.<\/p>\n\n\n\n<div class=\"wp-block-file\"><a id=\"wp-block-file--media-f79e16b1-4e9e-4aa5-8d48-fb2021ca8cf2\" href=\"https:\/\/pans.krosno.pl\/air\/wp-content\/uploads\/sites\/52\/2025\/03\/Pytania-do-egzaminu-dyplomowego-kierunek-Automatyka-i-robotyka-1.pdf\">Pytania do egzaminu dyplomowego kierunek Automatyka i robotyka<\/a><a href=\"https:\/\/pans.krosno.pl\/air\/wp-content\/uploads\/sites\/52\/2025\/03\/Pytania-do-egzaminu-dyplomowego-kierunek-Automatyka-i-robotyka-1.pdf\" class=\"wp-block-file__button wp-element-button\" download aria-describedby=\"wp-block-file--media-f79e16b1-4e9e-4aa5-8d48-fb2021ca8cf2\">Pobierz<\/a><\/div>\n\n\n\n<h4 class=\"wp-block-heading\" id=\"h-szczegolowe-kryteria-oceny-czesci-pierwszej-egzaminu-dyplomowego\">Szczeg\u00f3\u0142owe kryteria oceny cz\u0119\u015bci pierwszej egzaminu dyplomowego<\/h4>\n\n\n\n<div class=\"wp-block-file\"><a id=\"wp-block-file--media-b172e1b7-a602-454e-b13d-0e5b35e85131\" href=\"https:\/\/pans.krosno.pl\/air\/wp-content\/uploads\/sites\/52\/2025\/03\/Szczegolowe-kryteria-oceny-egzamin-dyplomowy_Kierunek-Automatyka-i-Robotyka.pdf\">Szczeg\u00f3\u0142owe kryteria oceny egzamin dyplomowy_Kierunek Automatyka i Robotyka<\/a><a href=\"https:\/\/pans.krosno.pl\/air\/wp-content\/uploads\/sites\/52\/2025\/03\/Szczegolowe-kryteria-oceny-egzamin-dyplomowy_Kierunek-Automatyka-i-Robotyka.pdf\" class=\"wp-block-file__button wp-element-button\" download aria-describedby=\"wp-block-file--media-b172e1b7-a602-454e-b13d-0e5b35e85131\">Pobierz<\/a><\/div>\n\n\n\n<p><\/p>\n","protected":false},"excerpt":{"rendered":"<p>Procedura dyplomowania Zestaw pyta\u0144 na egzamin dyplomowy Podane pytania s\u0105 oparte na efektach uczenia si\u0119, jakie Studenci kierunku Automatyka i Robotyka uzyskuj\u0105 w czasie studi\u00f3w. Z tego zbioru Student losuje trzy pytania, na kt\u00f3re musi udzieli\u0107 odpowiedzi w czasie egzaminu dyplomowego. Szczeg\u00f3\u0142owe kryteria oceny cz\u0119\u015bci pierwszej egzaminu dyplomowego<\/p>\n","protected":false},"author":27,"featured_media":0,"parent":0,"menu_order":0,"comment_status":"closed","ping_status":"closed","template":"","meta":{"ngg_post_thumbnail":0,"footnotes":""},"class_list":["post-46","page","type-page","status-publish","hentry"],"yoast_head":"<!-- This site is optimized with the Yoast SEO Premium plugin v27.4 (Yoast SEO v27.4) - https:\/\/yoast.com\/product\/yoast-seo-premium-wordpress\/ -->\n<title>Egzamin dyplomowy - Automatyka i robotyka PANS w Kro\u015bnie<\/title>\n<meta name=\"robots\" content=\"index, follow, max-snippet:-1, max-image-preview:large, max-video-preview:-1\" \/>\n<link rel=\"canonical\" href=\"https:\/\/pans.krosno.pl\/air\/egzamin-dyplomowy\/\" \/>\n<meta property=\"og:locale\" content=\"pl_PL\" \/>\n<meta property=\"og:type\" content=\"article\" \/>\n<meta property=\"og:title\" content=\"Egzamin dyplomowy\" \/>\n<meta property=\"og:description\" content=\"Procedura dyplomowania Zestaw pyta\u0144 na egzamin dyplomowy Podane pytania s\u0105 oparte na efektach uczenia si\u0119, jakie Studenci kierunku Automatyka i Robotyka uzyskuj\u0105 w czasie studi\u00f3w. Z tego zbioru Student losuje trzy pytania, na kt\u00f3re musi udzieli\u0107 odpowiedzi w czasie egzaminu dyplomowego. Szczeg\u00f3\u0142owe kryteria oceny cz\u0119\u015bci pierwszej egzaminu dyplomowego\" \/>\n<meta property=\"og:url\" content=\"https:\/\/pans.krosno.pl\/air\/egzamin-dyplomowy\/\" \/>\n<meta property=\"og:site_name\" content=\"Automatyka i robotyka PANS w Kro\u015bnie\" \/>\n<meta property=\"article:publisher\" content=\"https:\/\/www.facebook.com\/StudiaKrosno\/\" \/>\n<meta property=\"article:modified_time\" content=\"2025-03-21T13:26:55+00:00\" \/>\n<meta name=\"twitter:card\" content=\"summary_large_image\" \/>\n<meta name=\"twitter:label1\" content=\"Szacowany czas czytania\" \/>\n\t<meta name=\"twitter:data1\" content=\"1 minuta\" \/>\n<script type=\"application\/ld+json\" class=\"yoast-schema-graph\">{\"@context\":\"https:\\\/\\\/schema.org\",\"@graph\":[{\"@type\":\"WebPage\",\"@id\":\"https:\\\/\\\/pans.krosno.pl\\\/air\\\/egzamin-dyplomowy\\\/\",\"url\":\"https:\\\/\\\/pans.krosno.pl\\\/air\\\/egzamin-dyplomowy\\\/\",\"name\":\"Egzamin dyplomowy - Automatyka i robotyka PANS w Kro\u015bnie\",\"isPartOf\":{\"@id\":\"https:\\\/\\\/pans.krosno.pl\\\/air\\\/#website\"},\"datePublished\":\"2020-09-14T12:53:16+00:00\",\"dateModified\":\"2025-03-21T13:26:55+00:00\",\"breadcrumb\":{\"@id\":\"https:\\\/\\\/pans.krosno.pl\\\/air\\\/egzamin-dyplomowy\\\/#breadcrumb\"},\"inLanguage\":\"pl-PL\",\"potentialAction\":[{\"@type\":\"ReadAction\",\"target\":[\"https:\\\/\\\/pans.krosno.pl\\\/air\\\/egzamin-dyplomowy\\\/\"]}]},{\"@type\":\"BreadcrumbList\",\"@id\":\"https:\\\/\\\/pans.krosno.pl\\\/air\\\/egzamin-dyplomowy\\\/#breadcrumb\",\"itemListElement\":[{\"@type\":\"ListItem\",\"position\":1,\"name\":\"Strona g\u0142\u00f3wna\",\"item\":\"https:\\\/\\\/pans.krosno.pl\\\/air\\\/\"},{\"@type\":\"ListItem\",\"position\":2,\"name\":\"Egzamin dyplomowy\"}]},{\"@type\":\"WebSite\",\"@id\":\"https:\\\/\\\/pans.krosno.pl\\\/air\\\/#website\",\"url\":\"https:\\\/\\\/pans.krosno.pl\\\/air\\\/\",\"name\":\"KPU w Kro\u015bnie\",\"description\":\"Automatyka i robotyka - Pa\u0144stwowa Akademia Nauk Stosowanych\",\"publisher\":{\"@id\":\"https:\\\/\\\/pans.krosno.pl\\\/air\\\/#organization\"},\"potentialAction\":[{\"@type\":\"SearchAction\",\"target\":{\"@type\":\"EntryPoint\",\"urlTemplate\":\"https:\\\/\\\/pans.krosno.pl\\\/air\\\/?s={search_term_string}\"},\"query-input\":{\"@type\":\"PropertyValueSpecification\",\"valueRequired\":true,\"valueName\":\"search_term_string\"}}],\"inLanguage\":\"pl-PL\"},{\"@type\":\"Organization\",\"@id\":\"https:\\\/\\\/pans.krosno.pl\\\/air\\\/#organization\",\"name\":\"Karpacka Pa\u0144stwowa Uczelnia w Kro\u015bnie\",\"url\":\"https:\\\/\\\/pans.krosno.pl\\\/air\\\/\",\"logo\":{\"@type\":\"ImageObject\",\"inLanguage\":\"pl-PL\",\"@id\":\"https:\\\/\\\/pans.krosno.pl\\\/air\\\/#\\\/schema\\\/logo\\\/image\\\/\",\"url\":\"\",\"contentUrl\":\"\",\"caption\":\"Karpacka Pa\u0144stwowa Uczelnia w Kro\u015bnie\"},\"image\":{\"@id\":\"https:\\\/\\\/pans.krosno.pl\\\/air\\\/#\\\/schema\\\/logo\\\/image\\\/\"},\"sameAs\":[\"https:\\\/\\\/www.facebook.com\\\/StudiaKrosno\\\/\",\"https:\\\/\\\/www.instagram.com\\\/studia.krosno\",\"https:\\\/\\\/pl.linkedin.com\\\/company\\\/pwsz-krosno\",\"https:\\\/\\\/www.youtube.com\\\/user\\\/pwszkrosno\\\/\",\"https:\\\/\\\/pl.wikipedia.org\\\/wiki\\\/Pa\u0144stwowa_Wy\u017csza_Szko\u0142a_Zawodowa_im._Stanis\u0142awa_Pigonia_w_Kro\u015bnie\"]}]}<\/script>\n<!-- \/ Yoast SEO Premium plugin. -->","yoast_head_json":{"title":"Egzamin dyplomowy - Automatyka i robotyka PANS w Kro\u015bnie","robots":{"index":"index","follow":"follow","max-snippet":"max-snippet:-1","max-image-preview":"max-image-preview:large","max-video-preview":"max-video-preview:-1"},"canonical":"https:\/\/pans.krosno.pl\/air\/egzamin-dyplomowy\/","og_locale":"pl_PL","og_type":"article","og_title":"Egzamin dyplomowy","og_description":"Procedura dyplomowania Zestaw pyta\u0144 na egzamin dyplomowy Podane pytania s\u0105 oparte na efektach uczenia si\u0119, jakie Studenci kierunku Automatyka i Robotyka uzyskuj\u0105 w czasie studi\u00f3w. Z tego zbioru Student losuje trzy pytania, na kt\u00f3re musi udzieli\u0107 odpowiedzi w czasie egzaminu dyplomowego. Szczeg\u00f3\u0142owe kryteria oceny cz\u0119\u015bci pierwszej egzaminu dyplomowego","og_url":"https:\/\/pans.krosno.pl\/air\/egzamin-dyplomowy\/","og_site_name":"Automatyka i robotyka PANS w Kro\u015bnie","article_publisher":"https:\/\/www.facebook.com\/StudiaKrosno\/","article_modified_time":"2025-03-21T13:26:55+00:00","twitter_card":"summary_large_image","twitter_misc":{"Szacowany czas czytania":"1 minuta"},"schema":{"@context":"https:\/\/schema.org","@graph":[{"@type":"WebPage","@id":"https:\/\/pans.krosno.pl\/air\/egzamin-dyplomowy\/","url":"https:\/\/pans.krosno.pl\/air\/egzamin-dyplomowy\/","name":"Egzamin dyplomowy - Automatyka i robotyka PANS w Kro\u015bnie","isPartOf":{"@id":"https:\/\/pans.krosno.pl\/air\/#website"},"datePublished":"2020-09-14T12:53:16+00:00","dateModified":"2025-03-21T13:26:55+00:00","breadcrumb":{"@id":"https:\/\/pans.krosno.pl\/air\/egzamin-dyplomowy\/#breadcrumb"},"inLanguage":"pl-PL","potentialAction":[{"@type":"ReadAction","target":["https:\/\/pans.krosno.pl\/air\/egzamin-dyplomowy\/"]}]},{"@type":"BreadcrumbList","@id":"https:\/\/pans.krosno.pl\/air\/egzamin-dyplomowy\/#breadcrumb","itemListElement":[{"@type":"ListItem","position":1,"name":"Strona g\u0142\u00f3wna","item":"https:\/\/pans.krosno.pl\/air\/"},{"@type":"ListItem","position":2,"name":"Egzamin dyplomowy"}]},{"@type":"WebSite","@id":"https:\/\/pans.krosno.pl\/air\/#website","url":"https:\/\/pans.krosno.pl\/air\/","name":"KPU w Kro\u015bnie","description":"Automatyka i robotyka - Pa\u0144stwowa Akademia Nauk Stosowanych","publisher":{"@id":"https:\/\/pans.krosno.pl\/air\/#organization"},"potentialAction":[{"@type":"SearchAction","target":{"@type":"EntryPoint","urlTemplate":"https:\/\/pans.krosno.pl\/air\/?s={search_term_string}"},"query-input":{"@type":"PropertyValueSpecification","valueRequired":true,"valueName":"search_term_string"}}],"inLanguage":"pl-PL"},{"@type":"Organization","@id":"https:\/\/pans.krosno.pl\/air\/#organization","name":"Karpacka Pa\u0144stwowa Uczelnia w Kro\u015bnie","url":"https:\/\/pans.krosno.pl\/air\/","logo":{"@type":"ImageObject","inLanguage":"pl-PL","@id":"https:\/\/pans.krosno.pl\/air\/#\/schema\/logo\/image\/","url":"","contentUrl":"","caption":"Karpacka Pa\u0144stwowa Uczelnia w Kro\u015bnie"},"image":{"@id":"https:\/\/pans.krosno.pl\/air\/#\/schema\/logo\/image\/"},"sameAs":["https:\/\/www.facebook.com\/StudiaKrosno\/","https:\/\/www.instagram.com\/studia.krosno","https:\/\/pl.linkedin.com\/company\/pwsz-krosno","https:\/\/www.youtube.com\/user\/pwszkrosno\/","https:\/\/pl.wikipedia.org\/wiki\/Pa\u0144stwowa_Wy\u017csza_Szko\u0142a_Zawodowa_im._Stanis\u0142awa_Pigonia_w_Kro\u015bnie"]}]}},"_links":{"self":[{"href":"https:\/\/pans.krosno.pl\/air\/wp-json\/wp\/v2\/pages\/46","targetHints":{"allow":["GET"]}}],"collection":[{"href":"https:\/\/pans.krosno.pl\/air\/wp-json\/wp\/v2\/pages"}],"about":[{"href":"https:\/\/pans.krosno.pl\/air\/wp-json\/wp\/v2\/types\/page"}],"author":[{"embeddable":true,"href":"https:\/\/pans.krosno.pl\/air\/wp-json\/wp\/v2\/users\/27"}],"replies":[{"embeddable":true,"href":"https:\/\/pans.krosno.pl\/air\/wp-json\/wp\/v2\/comments?post=46"}],"version-history":[{"count":5,"href":"https:\/\/pans.krosno.pl\/air\/wp-json\/wp\/v2\/pages\/46\/revisions"}],"predecessor-version":[{"id":1029,"href":"https:\/\/pans.krosno.pl\/air\/wp-json\/wp\/v2\/pages\/46\/revisions\/1029"}],"wp:attachment":[{"href":"https:\/\/pans.krosno.pl\/air\/wp-json\/wp\/v2\/media?parent=46"}],"curies":[{"name":"wp","href":"https:\/\/api.w.org\/{rel}","templated":true}]}}