{"id":45,"date":"2020-09-14T14:53:16","date_gmt":"2020-09-14T12:53:16","guid":{"rendered":"https:\/\/pans.krosno.pl\/air\/?page_id=45"},"modified":"2025-11-24T11:40:31","modified_gmt":"2025-11-24T10:40:31","slug":"dyzury-pracownikow","status":"publish","type":"page","link":"https:\/\/pans.krosno.pl\/air\/dyzury-pracownikow\/","title":{"rendered":"Dy\u017cury pracownik\u00f3w"},"content":{"rendered":"\n<figure class=\"wp-block-table is-style-stripes\"><table class=\"has-fixed-layout\"><thead><tr><th class=\"has-text-align-left\" data-align=\"left\">Pracownicy<\/th><th class=\"has-text-align-left\" data-align=\"left\">Dzie\u0144<\/th><th class=\"has-text-align-left\" data-align=\"left\">Godzina<\/th><th class=\"has-text-align-left\" data-align=\"left\">Miejsce<\/th><th class=\"has-text-align-left\" data-align=\"left\">Dane online<\/th><\/tr><\/thead><tbody><tr><td class=\"has-text-align-left\" data-align=\"left\"><a href=\"https:\/\/pans.krosno.pl\/pracownicy\/robert-baranski\/\">dr hab. in\u017c. Robert Bara\u0144ski, prof. PANS<\/a><\/td><td class=\"has-text-align-left\" data-align=\"left\">Pi\u0105tki A<\/td><td class=\"has-text-align-left\" data-align=\"left\">14:00-15:00<\/td><td class=\"has-text-align-left\" data-align=\"left\">\u017bwirki i Wigury 9A, sala 27A<\/td><td class=\"has-text-align-left\" data-align=\"left\">MS Teams, po uprzednim ustaleniu terminu drog\u0105 elektroniczn\u0105<\/td><\/tr><tr><td class=\"has-text-align-left\" data-align=\"left\">dr hab. in\u017c. Tomasz Korbiel, prof. PANS<\/td><td class=\"has-text-align-left\" data-align=\"left\">Poniedzia\u0142ki: 20.10, 3.11,\u00a0 17.11, 1.12, 15.12, 12.0, 19.01<\/td><td class=\"has-text-align-left\" data-align=\"left\"><br>14:00-15:00<br><\/td><td class=\"has-text-align-left\" data-align=\"left\"><br>\u017bwirki i Wigury 9A, sala 27A<br><\/td><td class=\"has-text-align-left\" data-align=\"left\"><br>MS Teams, po uprzednim ustaleniu terminu drog\u0105 elektroniczn\u0105<br><\/td><\/tr><tr><td class=\"has-text-align-left\" data-align=\"left\"><a href=\"https:\/\/pans.krosno.pl\/pracownicy\/tadeusz-wszolek\/\" target=\"_blank\" rel=\"noreferrer noopener\">dr hab. in\u017c. Tadeusz Wszo\u0142ek, prof. PANS<\/a><\/td><td class=\"has-text-align-left\" data-align=\"left\">1) Pi\u0105tki A<br>2) Soboty B<\/td><td class=\"has-text-align-left\" data-align=\"left\">1) 13:00-15:00<br>2) 16:30-17:30<\/td><td class=\"has-text-align-left\" data-align=\"left\">\u017bwirki i Wigury 9A, sala 27A<\/td><td class=\"has-text-align-left\" data-align=\"left\">MS Teams, po uprzednim ustaleniu terminu drog\u0105 elektroniczn\u0105<\/td><\/tr><tr><td class=\"has-text-align-left\" data-align=\"left\"><a href=\"https:\/\/pans.krosno.pl\/pracownicy\/wieslaw-wszolek\/\" target=\"_blank\" rel=\"noreferrer noopener\">dr hab. in\u017c. Wies\u0142aw Wszo\u0142ek, prof. PANS<\/a><\/td><td class=\"has-text-align-left\" data-align=\"left\">pi\u0105tki A<\/td><td class=\"has-text-align-left\" data-align=\"left\">11:30-13:30<\/td><td class=\"has-text-align-left\" data-align=\"left\">\u017bwirki i Wigury 9A, sala 27A<\/td><td class=\"has-text-align-left\" data-align=\"left\">MS Teams, po uprzednim ustaleniu terminu drog\u0105 elektroniczn\u0105<\/td><\/tr><tr><td class=\"has-text-align-left\" data-align=\"left\"><a href=\"https:\/\/pans.krosno.pl\/pracownicy\/katarzyna-czupinska\/\" target=\"_blank\" rel=\"noreferrer noopener\">dr Katarzyna Czupi\u0144ska<\/a><\/td><td class=\"has-text-align-left\" data-align=\"left\">1) Poniedzia\u0142ki <br>2) \u015arody<\/td><td class=\"has-text-align-left\" data-align=\"left\">1) 11:30-12:30<br>2) 15:30-16:30<\/td><td class=\"has-text-align-left\" data-align=\"left\"><br>1) \u017bwirki i Wigury 9A, sala 1<br>2) Dmochowskiego 12<\/td><td class=\"has-text-align-left\" data-align=\"left\">MS Teams, po uprzednim ustaleniu terminu drog\u0105 elektroniczn\u0105<\/td><\/tr><tr><td class=\"has-text-align-left\" data-align=\"left\"><a href=\"https:\/\/pans.krosno.pl\/pracownicy\/renata-bal\/\" target=\"_blank\" rel=\"noreferrer noopener\">dr Renata Bal<\/a><\/td><td class=\"has-text-align-left\" data-align=\"left\">pi\u0105tki<\/td><td class=\"has-text-align-left\" data-align=\"left\">13:00-15:00<\/td><td class=\"has-text-align-left\" data-align=\"left\">\u017bwirki i Wigury 9A, sala 23A<\/td><td class=\"has-text-align-left\" data-align=\"left\">MS Teams, po uprzednim ustaleniu terminu drog\u0105 elektroniczn\u0105<\/td><\/tr><tr><td class=\"has-text-align-left\" data-align=\"left\"><a href=\"https:\/\/pans.krosno.pl\/pracownicy\/wieslaw-niedoba\/\" target=\"_blank\" rel=\"noreferrer noopener\">dr Wies\u0142aw Niedoba<\/a><\/td><td class=\"has-text-align-left\" data-align=\"left\">czwartki<\/td><td class=\"has-text-align-left\" data-align=\"left\">15:00-16:30<\/td><td class=\"has-text-align-left\" data-align=\"left\">Wyspia\u0144skiego 20, sala 10<\/td><td class=\"has-text-align-left\" data-align=\"left\"><\/td><\/tr><tr><td class=\"has-text-align-left\" data-align=\"left\"><a href=\"https:\/\/pans.krosno.pl\/pracownicy\/mikhael-hakim\/\">dr in\u017c. Mikhael Hakim<\/a><\/td><td class=\"has-text-align-left\" data-align=\"left\">pi\u0105tki<\/td><td class=\"has-text-align-left\" data-align=\"left\">13:00-15:00<\/td><td class=\"has-text-align-left\" data-align=\"left\">Dmochowskiego 12, sala 2, Bud. B<\/td><td class=\"has-text-align-left\" data-align=\"left\"><\/td><\/tr><tr><td class=\"has-text-align-left\" data-align=\"left\"><a href=\"https:\/\/pans.krosno.pl\/pracownicy\/magdalena-dykiel\/\">dr in\u017c. Magdalena Dykiel<\/a><\/td><td class=\"has-text-align-left\" data-align=\"left\"><strong>\u015broda B<\/strong><br><strong>daty\u00a0<\/strong>8.10, 22.10, 5.11, 19.11, 3.12<br><strong>godz.\u00a0<\/strong>12.30-14.30<br><strong>pi\u0105tek A<\/strong><br><strong>daty\u00a0<\/strong>31.10, 14.11, 28.11, 12.12, 9.01,\u00a0<br><strong>godz.\u00a0<\/strong>12.30-14.30<br><strong>pi\u0105tek A<\/strong><br><strong>daty\u00a0<\/strong>3.10, 17.10, 23.01<br><strong>godz.\u00a0<\/strong>17.00-19.00<br><strong>pi\u0105tek B<\/strong><br><strong>daty<\/strong>\u00a021.11, 19.12<br><strong>godz.\u00a0<\/strong>13.20-15.20<br><br><\/td><td class=\"has-text-align-left\" data-align=\"left\"><\/td><td class=\"has-text-align-left\" data-align=\"left\">Dmochowskiego 12, Bud. A<\/td><td class=\"has-text-align-left\" data-align=\"left\"><\/td><\/tr><tr><td class=\"has-text-align-left\" data-align=\"left\"><a href=\"https:\/\/pans.krosno.pl\/pracownicy\/robert-rajs\/\">mgr Robert Rajs<\/a><\/td><td class=\"has-text-align-left\" data-align=\"left\">1) Czwartki<br>2) Soboty B<\/td><td class=\"has-text-align-left\" data-align=\"left\">1) 12:00-13:15<br>2) 9:00-10:00<\/td><td class=\"has-text-align-left\" data-align=\"left\">Wyspia\u0144skiego 20, p. 1A<\/td><td class=\"has-text-align-left\" data-align=\"left\"><\/td><\/tr><tr><td class=\"has-text-align-left\" data-align=\"left\"><a href=\"https:\/\/pans.krosno.pl\/pracownicy\/krzysztof-topolski\/\">dr in\u017c. Krzysztof Topolski<\/a><\/td><td class=\"has-text-align-left\" data-align=\"left\">Poniedzia\u0142ki A<\/td><td class=\"has-text-align-left\" data-align=\"left\">15:00-16:00<\/td><td class=\"has-text-align-left\" data-align=\"left\">Dmochowskiego 12, s. 24, bud. 2<\/td><td class=\"has-text-align-left\" data-align=\"left\"><\/td><\/tr><tr><td class=\"has-text-align-left\" data-align=\"left\"><a href=\"https:\/\/pans.krosno.pl\/pracownicy\/radoslaw-kruk\/\">mgr in\u017c. Rados\u0142aw Kruk<\/a><\/td><td class=\"has-text-align-left\" data-align=\"left\">\u015arody<br>Pi\u0105tki<\/td><td class=\"has-text-align-left\" data-align=\"left\">14:00-15:00<\/td><td class=\"has-text-align-left\" data-align=\"left\">\u017bwirki i Wigury 9A, sala 28A<\/td><td class=\"has-text-align-left\" data-align=\"left\">MS Teams, po uprzednim ustaleniu terminu drog\u0105 elektroniczn\u0105<\/td><\/tr><tr><td class=\"has-text-align-left\" data-align=\"left\"><a href=\"https:\/\/pans.krosno.pl\/pracownicy\/wojciech-berezowski\/\">mgr in\u017c. Wojciech Berezowski<\/a><\/td><td class=\"has-text-align-left\" data-align=\"left\">1) Wtorki A <br>2) \u015arody B<br><\/td><td class=\"has-text-align-left\" data-align=\"left\">1) 13:00-15:00<br>2) 13:30-15:30<br><\/td><td class=\"has-text-align-left\" data-align=\"left\">\u017bwirki i Wigury 9A<\/td><td class=\"has-text-align-left\" data-align=\"left\">MS Teams, po uprzednim ustaleniu terminu drog\u0105 elektroniczn\u0105<\/td><\/tr><\/tbody><\/table><\/figure>\n\n\n\n<p><\/p>\n","protected":false},"excerpt":{"rendered":"<p>Pracownicy Dzie\u0144 Godzina Miejsce Dane online dr hab. in\u017c. Robert Bara\u0144ski, prof. PANS Pi\u0105tki A 14:00-15:00 \u017bwirki i Wigury 9A, sala 27A MS Teams, po uprzednim ustaleniu terminu drog\u0105 elektroniczn\u0105 dr hab. in\u017c. Tomasz Korbiel, prof. PANS Poniedzia\u0142ki: 20.10, 3.11,\u00a0 17.11, 1.12, 15.12, 12.0, 19.01 14:00-15:00 \u017bwirki i Wigury 9A, [\u2026] <\/p>\n<div class=\"clear\"><\/div>\n<p><a class=\"more_link clearfix\" href=\"https:\/\/pans.krosno.pl\/air\/dyzury-pracownikow\/\" rel=\"nofollow\">Read More<\/a><\/p>\n","protected":false},"author":27,"featured_media":0,"parent":0,"menu_order":0,"comment_status":"closed","ping_status":"closed","template":"page-templates\/template-full-width.php","meta":{"ngg_post_thumbnail":0,"footnotes":""},"class_list":["post-45","page","type-page","status-publish","hentry"],"yoast_head":"<!-- This site is optimized with the Yoast SEO Premium plugin v27.4 (Yoast SEO v27.4) - https:\/\/yoast.com\/product\/yoast-seo-premium-wordpress\/ -->\n<title>Dy\u017cury pracownik\u00f3w - Automatyka i robotyka PANS w Kro\u015bnie<\/title>\n<meta name=\"robots\" content=\"index, follow, max-snippet:-1, max-image-preview:large, max-video-preview:-1\" \/>\n<link rel=\"canonical\" href=\"https:\/\/pans.krosno.pl\/air\/dyzury-pracownikow\/\" \/>\n<meta property=\"og:locale\" content=\"pl_PL\" \/>\n<meta property=\"og:type\" content=\"article\" \/>\n<meta property=\"og:title\" content=\"Dy\u017cury pracownik\u00f3w\" \/>\n<meta property=\"og:description\" content=\"Pracownicy Dzie\u0144 Godzina Miejsce Dane online dr hab. in\u017c. Robert Bara\u0144ski, prof. PANS Pi\u0105tki A 14:00-15:00 \u017bwirki i Wigury 9A, sala 27A MS Teams, po uprzednim ustaleniu terminu drog\u0105 elektroniczn\u0105 dr hab. in\u017c. Tomasz Korbiel, prof. PANS Poniedzia\u0142ki: 20.10, 3.11,\u00a0 17.11, 1.12, 15.12, 12.0, 19.01 14:00-15:00 \u017bwirki i Wigury 9A, [\u2026] Read More\" \/>\n<meta property=\"og:url\" content=\"https:\/\/pans.krosno.pl\/air\/dyzury-pracownikow\/\" \/>\n<meta property=\"og:site_name\" content=\"Automatyka i robotyka PANS w Kro\u015bnie\" \/>\n<meta property=\"article:publisher\" content=\"https:\/\/www.facebook.com\/StudiaKrosno\/\" \/>\n<meta property=\"article:modified_time\" content=\"2025-11-24T10:40:31+00:00\" \/>\n<meta name=\"twitter:card\" content=\"summary_large_image\" \/>\n<meta name=\"twitter:label1\" content=\"Szacowany czas czytania\" \/>\n\t<meta name=\"twitter:data1\" content=\"2 minuty\" \/>\n<script type=\"application\/ld+json\" class=\"yoast-schema-graph\">{\"@context\":\"https:\\\/\\\/schema.org\",\"@graph\":[{\"@type\":\"WebPage\",\"@id\":\"https:\\\/\\\/pans.krosno.pl\\\/air\\\/dyzury-pracownikow\\\/\",\"url\":\"https:\\\/\\\/pans.krosno.pl\\\/air\\\/dyzury-pracownikow\\\/\",\"name\":\"Dy\u017cury pracownik\u00f3w - Automatyka i robotyka PANS w Kro\u015bnie\",\"isPartOf\":{\"@id\":\"https:\\\/\\\/pans.krosno.pl\\\/air\\\/#website\"},\"datePublished\":\"2020-09-14T12:53:16+00:00\",\"dateModified\":\"2025-11-24T10:40:31+00:00\",\"breadcrumb\":{\"@id\":\"https:\\\/\\\/pans.krosno.pl\\\/air\\\/dyzury-pracownikow\\\/#breadcrumb\"},\"inLanguage\":\"pl-PL\",\"potentialAction\":[{\"@type\":\"ReadAction\",\"target\":[\"https:\\\/\\\/pans.krosno.pl\\\/air\\\/dyzury-pracownikow\\\/\"]}]},{\"@type\":\"BreadcrumbList\",\"@id\":\"https:\\\/\\\/pans.krosno.pl\\\/air\\\/dyzury-pracownikow\\\/#breadcrumb\",\"itemListElement\":[{\"@type\":\"ListItem\",\"position\":1,\"name\":\"Strona g\u0142\u00f3wna\",\"item\":\"https:\\\/\\\/pans.krosno.pl\\\/air\\\/\"},{\"@type\":\"ListItem\",\"position\":2,\"name\":\"Dy\u017cury pracownik\u00f3w\"}]},{\"@type\":\"WebSite\",\"@id\":\"https:\\\/\\\/pans.krosno.pl\\\/air\\\/#website\",\"url\":\"https:\\\/\\\/pans.krosno.pl\\\/air\\\/\",\"name\":\"KPU w Kro\u015bnie\",\"description\":\"Automatyka i robotyka - Pa\u0144stwowa Akademia Nauk Stosowanych\",\"publisher\":{\"@id\":\"https:\\\/\\\/pans.krosno.pl\\\/air\\\/#organization\"},\"potentialAction\":[{\"@type\":\"SearchAction\",\"target\":{\"@type\":\"EntryPoint\",\"urlTemplate\":\"https:\\\/\\\/pans.krosno.pl\\\/air\\\/?s={search_term_string}\"},\"query-input\":{\"@type\":\"PropertyValueSpecification\",\"valueRequired\":true,\"valueName\":\"search_term_string\"}}],\"inLanguage\":\"pl-PL\"},{\"@type\":\"Organization\",\"@id\":\"https:\\\/\\\/pans.krosno.pl\\\/air\\\/#organization\",\"name\":\"Karpacka Pa\u0144stwowa Uczelnia w Kro\u015bnie\",\"url\":\"https:\\\/\\\/pans.krosno.pl\\\/air\\\/\",\"logo\":{\"@type\":\"ImageObject\",\"inLanguage\":\"pl-PL\",\"@id\":\"https:\\\/\\\/pans.krosno.pl\\\/air\\\/#\\\/schema\\\/logo\\\/image\\\/\",\"url\":\"\",\"contentUrl\":\"\",\"caption\":\"Karpacka Pa\u0144stwowa Uczelnia w Kro\u015bnie\"},\"image\":{\"@id\":\"https:\\\/\\\/pans.krosno.pl\\\/air\\\/#\\\/schema\\\/logo\\\/image\\\/\"},\"sameAs\":[\"https:\\\/\\\/www.facebook.com\\\/StudiaKrosno\\\/\",\"https:\\\/\\\/www.instagram.com\\\/studia.krosno\",\"https:\\\/\\\/pl.linkedin.com\\\/company\\\/pwsz-krosno\",\"https:\\\/\\\/www.youtube.com\\\/user\\\/pwszkrosno\\\/\",\"https:\\\/\\\/pl.wikipedia.org\\\/wiki\\\/Pa\u0144stwowa_Wy\u017csza_Szko\u0142a_Zawodowa_im._Stanis\u0142awa_Pigonia_w_Kro\u015bnie\"]}]}<\/script>\n<!-- \/ Yoast SEO Premium plugin. -->","yoast_head_json":{"title":"Dy\u017cury pracownik\u00f3w - Automatyka i robotyka PANS w Kro\u015bnie","robots":{"index":"index","follow":"follow","max-snippet":"max-snippet:-1","max-image-preview":"max-image-preview:large","max-video-preview":"max-video-preview:-1"},"canonical":"https:\/\/pans.krosno.pl\/air\/dyzury-pracownikow\/","og_locale":"pl_PL","og_type":"article","og_title":"Dy\u017cury pracownik\u00f3w","og_description":"Pracownicy Dzie\u0144 Godzina Miejsce Dane online dr hab. in\u017c. Robert Bara\u0144ski, prof. PANS Pi\u0105tki A 14:00-15:00 \u017bwirki i Wigury 9A, sala 27A MS Teams, po uprzednim ustaleniu terminu drog\u0105 elektroniczn\u0105 dr hab. in\u017c. Tomasz Korbiel, prof. PANS Poniedzia\u0142ki: 20.10, 3.11,\u00a0 17.11, 1.12, 15.12, 12.0, 19.01 14:00-15:00 \u017bwirki i Wigury 9A, [\u2026] Read More","og_url":"https:\/\/pans.krosno.pl\/air\/dyzury-pracownikow\/","og_site_name":"Automatyka i robotyka PANS w Kro\u015bnie","article_publisher":"https:\/\/www.facebook.com\/StudiaKrosno\/","article_modified_time":"2025-11-24T10:40:31+00:00","twitter_card":"summary_large_image","twitter_misc":{"Szacowany czas czytania":"2 minuty"},"schema":{"@context":"https:\/\/schema.org","@graph":[{"@type":"WebPage","@id":"https:\/\/pans.krosno.pl\/air\/dyzury-pracownikow\/","url":"https:\/\/pans.krosno.pl\/air\/dyzury-pracownikow\/","name":"Dy\u017cury pracownik\u00f3w - Automatyka i robotyka PANS w Kro\u015bnie","isPartOf":{"@id":"https:\/\/pans.krosno.pl\/air\/#website"},"datePublished":"2020-09-14T12:53:16+00:00","dateModified":"2025-11-24T10:40:31+00:00","breadcrumb":{"@id":"https:\/\/pans.krosno.pl\/air\/dyzury-pracownikow\/#breadcrumb"},"inLanguage":"pl-PL","potentialAction":[{"@type":"ReadAction","target":["https:\/\/pans.krosno.pl\/air\/dyzury-pracownikow\/"]}]},{"@type":"BreadcrumbList","@id":"https:\/\/pans.krosno.pl\/air\/dyzury-pracownikow\/#breadcrumb","itemListElement":[{"@type":"ListItem","position":1,"name":"Strona g\u0142\u00f3wna","item":"https:\/\/pans.krosno.pl\/air\/"},{"@type":"ListItem","position":2,"name":"Dy\u017cury pracownik\u00f3w"}]},{"@type":"WebSite","@id":"https:\/\/pans.krosno.pl\/air\/#website","url":"https:\/\/pans.krosno.pl\/air\/","name":"KPU w Kro\u015bnie","description":"Automatyka i robotyka - Pa\u0144stwowa Akademia Nauk Stosowanych","publisher":{"@id":"https:\/\/pans.krosno.pl\/air\/#organization"},"potentialAction":[{"@type":"SearchAction","target":{"@type":"EntryPoint","urlTemplate":"https:\/\/pans.krosno.pl\/air\/?s={search_term_string}"},"query-input":{"@type":"PropertyValueSpecification","valueRequired":true,"valueName":"search_term_string"}}],"inLanguage":"pl-PL"},{"@type":"Organization","@id":"https:\/\/pans.krosno.pl\/air\/#organization","name":"Karpacka Pa\u0144stwowa Uczelnia w Kro\u015bnie","url":"https:\/\/pans.krosno.pl\/air\/","logo":{"@type":"ImageObject","inLanguage":"pl-PL","@id":"https:\/\/pans.krosno.pl\/air\/#\/schema\/logo\/image\/","url":"","contentUrl":"","caption":"Karpacka Pa\u0144stwowa Uczelnia w Kro\u015bnie"},"image":{"@id":"https:\/\/pans.krosno.pl\/air\/#\/schema\/logo\/image\/"},"sameAs":["https:\/\/www.facebook.com\/StudiaKrosno\/","https:\/\/www.instagram.com\/studia.krosno","https:\/\/pl.linkedin.com\/company\/pwsz-krosno","https:\/\/www.youtube.com\/user\/pwszkrosno\/","https:\/\/pl.wikipedia.org\/wiki\/Pa\u0144stwowa_Wy\u017csza_Szko\u0142a_Zawodowa_im._Stanis\u0142awa_Pigonia_w_Kro\u015bnie"]}]}},"_links":{"self":[{"href":"https:\/\/pans.krosno.pl\/air\/wp-json\/wp\/v2\/pages\/45","targetHints":{"allow":["GET"]}}],"collection":[{"href":"https:\/\/pans.krosno.pl\/air\/wp-json\/wp\/v2\/pages"}],"about":[{"href":"https:\/\/pans.krosno.pl\/air\/wp-json\/wp\/v2\/types\/page"}],"author":[{"embeddable":true,"href":"https:\/\/pans.krosno.pl\/air\/wp-json\/wp\/v2\/users\/27"}],"replies":[{"embeddable":true,"href":"https:\/\/pans.krosno.pl\/air\/wp-json\/wp\/v2\/comments?post=45"}],"version-history":[{"count":115,"href":"https:\/\/pans.krosno.pl\/air\/wp-json\/wp\/v2\/pages\/45\/revisions"}],"predecessor-version":[{"id":1113,"href":"https:\/\/pans.krosno.pl\/air\/wp-json\/wp\/v2\/pages\/45\/revisions\/1113"}],"wp:attachment":[{"href":"https:\/\/pans.krosno.pl\/air\/wp-json\/wp\/v2\/media?parent=45"}],"curies":[{"name":"wp","href":"https:\/\/api.w.org\/{rel}","templated":true}]}}