{"id":43,"date":"2020-09-14T14:53:16","date_gmt":"2020-09-14T12:53:16","guid":{"rendered":"https:\/\/pans.krosno.pl\/air\/?page_id=43"},"modified":"2025-07-24T13:21:54","modified_gmt":"2025-07-24T11:21:54","slug":"aktualnosci-air","status":"publish","type":"page","link":"https:\/\/pans.krosno.pl\/air\/aktualnosci-air\/","title":{"rendered":"Aktualno\u015bci"},"content":{"rendered":"<ul class=\"wp-block-latest-posts__list has-dates wp-block-latest-posts\"><li><a class=\"wp-block-latest-posts__post-title\" href=\"https:\/\/pans.krosno.pl\/air\/2025\/09\/25\/dni-adaptacyjne-dla-i-roku-2\/\">Dni Adaptacyjne dla I Roku<\/a><time datetime=\"2025-09-25T16:05:32+02:00\" class=\"wp-block-latest-posts__post-date\">25 wrze\u015bnia 2025<\/time><div class=\"wp-block-latest-posts__post-excerpt\">Automatyka i Robotyka \u2013 studia popo\u0142udniowe 26+ Kiedy? 04.10.2025 (sobota) Gdzie? Kampus PANS Krosno przy ul. Wyspia\u0144skiego 20 Szczeg\u00f3\u0142owy plan: 9.00 \u2013 10.30 Pedagogika studiowania \u2013 Turasz\u00f3wka, ul. Wyspia\u0144skiego 20, s. 108B11.00 \u2013 12.30 Spotkanie z samorz\u0105dem studenckim oraz spotkanie w sprawie zaj\u0119\u0107 WF\u2013 Turasz\u00f3wka, ul. Wyspia\u0144skiego 20, s. 108B13.00 \u2013 14.30 Spotkanie z kierownikiem [\u2026] <div class=\"clear\"><\/div><a class=\"more_link clearfix\" href=\"https:\/\/pans.krosno.pl\/air\/2025\/09\/25\/dni-adaptacyjne-dla-i-roku-2\/\" rel=\"nofollow\">Read More<\/a><\/div><\/li>\n<li><div class=\"wp-block-latest-posts__featured-image alignleft\"><img loading=\"lazy\" decoding=\"async\" width=\"150\" height=\"150\" src=\"https:\/\/pans.krosno.pl\/air\/wp-content\/uploads\/sites\/52\/2025\/08\/IMG_8476-150x150.jpg\" class=\"attachment-thumbnail size-thumbnail wp-post-image\" alt=\"\" style=\"max-width:150px;max-height:150px;\" \/><\/div><a class=\"wp-block-latest-posts__post-title\" href=\"https:\/\/pans.krosno.pl\/air\/2025\/08\/06\/sterowniki-plc\/\">Sterowniki PLC na PANS Krosno<\/a><time datetime=\"2025-08-06T08:00:00+02:00\" class=\"wp-block-latest-posts__post-date\">6 sierpnia 2025<\/time><div class=\"wp-block-latest-posts__post-excerpt\">Budowa uk\u0142ad\u00f3w automatyki bez sterownik\u00f3w jest dzi\u015b nie mo\u017cliwa. Zak\u0142ad Automatyki i Robotyki realizuje projekty dydaktyczne z wykorzystaniem r\u00f3\u017cnych platform. Przyk\u0142ad przestawia poni\u017csze zdj\u0119cie. Podstawowe zadania przycisk\u00f3w, prze\u0142\u0105cznik\u00f3w oraz panelu HMI realizujemy z pomoc\u0105 zaprojektowanego przez naszych pracownik\u00f3w i student\u00f3w panelu&#8230; Jest sprz\u0119t, czyli Hardware, to musi by\u0107 Software. Do realizacji skomplikowanych sekwencji logicznych i [\u2026] <div class=\"clear\"><\/div><a class=\"more_link clearfix\" href=\"https:\/\/pans.krosno.pl\/air\/2025\/08\/06\/sterowniki-plc\/\" rel=\"nofollow\">Read More<\/a><\/div><\/li>\n<li><div class=\"wp-block-latest-posts__featured-image alignleft\"><img loading=\"lazy\" decoding=\"async\" width=\"150\" height=\"150\" src=\"https:\/\/pans.krosno.pl\/air\/wp-content\/uploads\/sites\/52\/2025\/08\/Download-150x150.jpeg\" class=\"attachment-thumbnail size-thumbnail wp-post-image\" alt=\"\" style=\"max-width:150px;max-height:150px;\" \/><\/div><a class=\"wp-block-latest-posts__post-title\" href=\"https:\/\/pans.krosno.pl\/air\/2025\/08\/05\/studenci-pans-krosno-na-wymianie-erasmus-na-tu-clausthal-w-niemczech\/\">Studenci AiR PANS Krosno na wymianie ERASMUS+ na TU Clausthal w Niemczech<\/a><time datetime=\"2025-08-05T18:09:10+02:00\" class=\"wp-block-latest-posts__post-date\">5 sierpnia 2025<\/time><div class=\"wp-block-latest-posts__post-excerpt\">Dw\u00f3ch Student\u00f3w III Roku kierunku Automatyka i Robotyka PANS Krosno wyjecha\u0142o na semestr letni 2024\/2025 w ramach programu ERASMUS+. Na zdj\u0119ciu Student przed Rektoratem Technicznego Uniwersytetu Clausthal (#TUClausthal). Taka wymiana pozwoli\u0142a zdoby\u0107 do\u015bwiadczenie zwi\u0105zane z prac\u0105 in\u017cyniera w mi\u0119dzynarodowych zespo\u0142ach, pozna\u0107 ciekawych ludzi i stawi\u0107 czo\u0142a r\u00f3\u017cnym projektom. Na zdj\u0119ciu wida\u0107 Studenta prezentuj\u0105cego zrealizowany projekt [\u2026] <div class=\"clear\"><\/div><a class=\"more_link clearfix\" href=\"https:\/\/pans.krosno.pl\/air\/2025\/08\/05\/studenci-pans-krosno-na-wymianie-erasmus-na-tu-clausthal-w-niemczech\/\" rel=\"nofollow\">Read More<\/a><\/div><\/li>\n<li><div class=\"wp-block-latest-posts__featured-image alignleft\"><img loading=\"lazy\" decoding=\"async\" width=\"150\" height=\"150\" src=\"https:\/\/pans.krosno.pl\/air\/wp-content\/uploads\/sites\/52\/2025\/08\/IMG_8471-150x150.jpg\" class=\"attachment-thumbnail size-thumbnail wp-post-image\" alt=\"\" style=\"max-width:150px;max-height:150px;\" \/><\/div><a class=\"wp-block-latest-posts__post-title\" href=\"https:\/\/pans.krosno.pl\/air\/2025\/08\/05\/cobot-w-laboratorium-air-pans\/\">COBOT w laboratorium AiR PANS<\/a><time datetime=\"2025-08-05T16:43:42+02:00\" class=\"wp-block-latest-posts__post-date\">5 sierpnia 2025<\/time><div class=\"wp-block-latest-posts__post-excerpt\">Przedstawiamy robota wsp\u00f3\u0142pracuj\u0105cego COBOTa z laboratorium Automatyki i Robotyki, PANS Krosno. Cobot jest wykorzystywany jako praktyczne narz\u0119dzie dydaktyczne. Do programowania ruch\u00f3w robota wykorzystywane jest narz\u0119dzie zwane panelem operatorskim lub Teach Pendant Obok programowania mo\u017cemy pozna\u0107 budow\u0119 samego robota i zobaczy\u0107 jak wygl\u0105da jego wn\u0119trze&#8230; Do pracy cobot lub robot potrzebuje chwytaka. Kolejne zdj\u0119cie prezentuje chwytak [\u2026] <div class=\"clear\"><\/div><a class=\"more_link clearfix\" href=\"https:\/\/pans.krosno.pl\/air\/2025\/08\/05\/cobot-w-laboratorium-air-pans\/\" rel=\"nofollow\">Read More<\/a><\/div><\/li>\n<li><div class=\"wp-block-latest-posts__featured-image alignleft\"><img loading=\"lazy\" decoding=\"async\" width=\"110\" height=\"90\" src=\"https:\/\/pans.krosno.pl\/air\/wp-content\/uploads\/sites\/52\/2023\/09\/DSC_3462-1024x684-1-110x90-1.jpg\" class=\"attachment-thumbnail size-thumbnail wp-post-image\" alt=\"\" style=\"max-width:150px;max-height:150px;\" \/><\/div><a class=\"wp-block-latest-posts__post-title\" href=\"https:\/\/pans.krosno.pl\/air\/2023\/09\/23\/dni-adaptacyjne-dla-i-roku\/\">Dni adaptacyjne dla I roku<\/a><time datetime=\"2023-09-23T12:23:07+02:00\" class=\"wp-block-latest-posts__post-date\">23 wrze\u015bnia 2023<\/time><div class=\"wp-block-latest-posts__post-excerpt\">Dni adaptacyjne obejmuj\u0105: &#8211; spotkanie z kierownikiem zak\u0142adu i opiekunem rocznika \u2013 3 h &#8211; pedagogik\u0119 studiowania &#8211; 3 h &#8211; spotkanie z Samorz\u0105dem Studenckim- 2h 2.10.2023 (poniedzia\u0142ek)16.15 \u2013 18.30 Pedagogika studiowania \u2013 Turasz\u00f3wka, ul Wyspia\u0144skiego 20, s. 108B 3.10.2023 (wtorek)9.00 \u2013 11.15 Spotkanie z kierownikiem zak\u0142adu i opiekunem roku \u2013 Turasz\u00f3wka, ul Wyspia\u0144skiego 20, [\u2026] <div class=\"clear\"><\/div><a class=\"more_link clearfix\" href=\"https:\/\/pans.krosno.pl\/air\/2023\/09\/23\/dni-adaptacyjne-dla-i-roku\/\" rel=\"nofollow\">Read More<\/a><\/div><\/li>\n<\/ul>","protected":false},"excerpt":{"rendered":"","protected":false},"author":27,"featured_media":0,"parent":0,"menu_order":0,"comment_status":"closed","ping_status":"closed","template":"","meta":{"ngg_post_thumbnail":0,"footnotes":""},"class_list":["post-43","page","type-page","status-publish","hentry"],"yoast_head":"<!-- This site is optimized with the Yoast SEO Premium plugin v27.3 (Yoast SEO v27.3) - https:\/\/yoast.com\/product\/yoast-seo-premium-wordpress\/ -->\n<title>Aktualno\u015bci - Automatyka i robotyka PANS w Kro\u015bnie<\/title>\n<meta name=\"robots\" content=\"index, follow, max-snippet:-1, max-image-preview:large, max-video-preview:-1\" \/>\n<link rel=\"canonical\" href=\"https:\/\/pans.krosno.pl\/air\/aktualnosci-air\/\" \/>\n<meta property=\"og:locale\" content=\"pl_PL\" \/>\n<meta property=\"og:type\" content=\"article\" \/>\n<meta property=\"og:title\" content=\"Aktualno\u015bci\" \/>\n<meta property=\"og:url\" content=\"https:\/\/pans.krosno.pl\/air\/aktualnosci-air\/\" \/>\n<meta property=\"og:site_name\" content=\"Automatyka i robotyka PANS w Kro\u015bnie\" \/>\n<meta property=\"article:publisher\" content=\"https:\/\/www.facebook.com\/StudiaKrosno\/\" \/>\n<meta property=\"article:modified_time\" content=\"2025-07-24T11:21:54+00:00\" \/>\n<meta name=\"twitter:card\" content=\"summary_large_image\" \/>\n<script type=\"application\/ld+json\" class=\"yoast-schema-graph\">{\"@context\":\"https:\\\/\\\/schema.org\",\"@graph\":[{\"@type\":\"WebPage\",\"@id\":\"https:\\\/\\\/pans.krosno.pl\\\/air\\\/aktualnosci-air\\\/\",\"url\":\"https:\\\/\\\/pans.krosno.pl\\\/air\\\/aktualnosci-air\\\/\",\"name\":\"Aktualno\u015bci - Automatyka i robotyka PANS w Kro\u015bnie\",\"isPartOf\":{\"@id\":\"https:\\\/\\\/pans.krosno.pl\\\/air\\\/#website\"},\"datePublished\":\"2020-09-14T12:53:16+00:00\",\"dateModified\":\"2025-07-24T11:21:54+00:00\",\"breadcrumb\":{\"@id\":\"https:\\\/\\\/pans.krosno.pl\\\/air\\\/aktualnosci-air\\\/#breadcrumb\"},\"inLanguage\":\"pl-PL\",\"potentialAction\":[{\"@type\":\"ReadAction\",\"target\":[\"https:\\\/\\\/pans.krosno.pl\\\/air\\\/aktualnosci-air\\\/\"]}]},{\"@type\":\"BreadcrumbList\",\"@id\":\"https:\\\/\\\/pans.krosno.pl\\\/air\\\/aktualnosci-air\\\/#breadcrumb\",\"itemListElement\":[{\"@type\":\"ListItem\",\"position\":1,\"name\":\"Strona g\u0142\u00f3wna\",\"item\":\"https:\\\/\\\/pans.krosno.pl\\\/air\\\/\"},{\"@type\":\"ListItem\",\"position\":2,\"name\":\"Aktualno\u015bci\"}]},{\"@type\":\"WebSite\",\"@id\":\"https:\\\/\\\/pans.krosno.pl\\\/air\\\/#website\",\"url\":\"https:\\\/\\\/pans.krosno.pl\\\/air\\\/\",\"name\":\"KPU w Kro\u015bnie\",\"description\":\"Automatyka i robotyka - Pa\u0144stwowa Akademia Nauk Stosowanych\",\"publisher\":{\"@id\":\"https:\\\/\\\/pans.krosno.pl\\\/air\\\/#organization\"},\"potentialAction\":[{\"@type\":\"SearchAction\",\"target\":{\"@type\":\"EntryPoint\",\"urlTemplate\":\"https:\\\/\\\/pans.krosno.pl\\\/air\\\/?s={search_term_string}\"},\"query-input\":{\"@type\":\"PropertyValueSpecification\",\"valueRequired\":true,\"valueName\":\"search_term_string\"}}],\"inLanguage\":\"pl-PL\"},{\"@type\":\"Organization\",\"@id\":\"https:\\\/\\\/pans.krosno.pl\\\/air\\\/#organization\",\"name\":\"Karpacka Pa\u0144stwowa Uczelnia w Kro\u015bnie\",\"url\":\"https:\\\/\\\/pans.krosno.pl\\\/air\\\/\",\"logo\":{\"@type\":\"ImageObject\",\"inLanguage\":\"pl-PL\",\"@id\":\"https:\\\/\\\/pans.krosno.pl\\\/air\\\/#\\\/schema\\\/logo\\\/image\\\/\",\"url\":\"\",\"contentUrl\":\"\",\"caption\":\"Karpacka Pa\u0144stwowa Uczelnia w Kro\u015bnie\"},\"image\":{\"@id\":\"https:\\\/\\\/pans.krosno.pl\\\/air\\\/#\\\/schema\\\/logo\\\/image\\\/\"},\"sameAs\":[\"https:\\\/\\\/www.facebook.com\\\/StudiaKrosno\\\/\",\"https:\\\/\\\/www.instagram.com\\\/studia.krosno\",\"https:\\\/\\\/pl.linkedin.com\\\/company\\\/pwsz-krosno\",\"https:\\\/\\\/www.youtube.com\\\/user\\\/pwszkrosno\\\/\",\"https:\\\/\\\/pl.wikipedia.org\\\/wiki\\\/Pa\u0144stwowa_Wy\u017csza_Szko\u0142a_Zawodowa_im._Stanis\u0142awa_Pigonia_w_Kro\u015bnie\"]}]}<\/script>\n<!-- \/ Yoast SEO Premium plugin. -->","yoast_head_json":{"title":"Aktualno\u015bci - Automatyka i robotyka PANS w Kro\u015bnie","robots":{"index":"index","follow":"follow","max-snippet":"max-snippet:-1","max-image-preview":"max-image-preview:large","max-video-preview":"max-video-preview:-1"},"canonical":"https:\/\/pans.krosno.pl\/air\/aktualnosci-air\/","og_locale":"pl_PL","og_type":"article","og_title":"Aktualno\u015bci","og_url":"https:\/\/pans.krosno.pl\/air\/aktualnosci-air\/","og_site_name":"Automatyka i robotyka PANS w Kro\u015bnie","article_publisher":"https:\/\/www.facebook.com\/StudiaKrosno\/","article_modified_time":"2025-07-24T11:21:54+00:00","twitter_card":"summary_large_image","schema":{"@context":"https:\/\/schema.org","@graph":[{"@type":"WebPage","@id":"https:\/\/pans.krosno.pl\/air\/aktualnosci-air\/","url":"https:\/\/pans.krosno.pl\/air\/aktualnosci-air\/","name":"Aktualno\u015bci - Automatyka i robotyka PANS w Kro\u015bnie","isPartOf":{"@id":"https:\/\/pans.krosno.pl\/air\/#website"},"datePublished":"2020-09-14T12:53:16+00:00","dateModified":"2025-07-24T11:21:54+00:00","breadcrumb":{"@id":"https:\/\/pans.krosno.pl\/air\/aktualnosci-air\/#breadcrumb"},"inLanguage":"pl-PL","potentialAction":[{"@type":"ReadAction","target":["https:\/\/pans.krosno.pl\/air\/aktualnosci-air\/"]}]},{"@type":"BreadcrumbList","@id":"https:\/\/pans.krosno.pl\/air\/aktualnosci-air\/#breadcrumb","itemListElement":[{"@type":"ListItem","position":1,"name":"Strona g\u0142\u00f3wna","item":"https:\/\/pans.krosno.pl\/air\/"},{"@type":"ListItem","position":2,"name":"Aktualno\u015bci"}]},{"@type":"WebSite","@id":"https:\/\/pans.krosno.pl\/air\/#website","url":"https:\/\/pans.krosno.pl\/air\/","name":"KPU w Kro\u015bnie","description":"Automatyka i robotyka - Pa\u0144stwowa Akademia Nauk Stosowanych","publisher":{"@id":"https:\/\/pans.krosno.pl\/air\/#organization"},"potentialAction":[{"@type":"SearchAction","target":{"@type":"EntryPoint","urlTemplate":"https:\/\/pans.krosno.pl\/air\/?s={search_term_string}"},"query-input":{"@type":"PropertyValueSpecification","valueRequired":true,"valueName":"search_term_string"}}],"inLanguage":"pl-PL"},{"@type":"Organization","@id":"https:\/\/pans.krosno.pl\/air\/#organization","name":"Karpacka Pa\u0144stwowa Uczelnia w Kro\u015bnie","url":"https:\/\/pans.krosno.pl\/air\/","logo":{"@type":"ImageObject","inLanguage":"pl-PL","@id":"https:\/\/pans.krosno.pl\/air\/#\/schema\/logo\/image\/","url":"","contentUrl":"","caption":"Karpacka Pa\u0144stwowa Uczelnia w Kro\u015bnie"},"image":{"@id":"https:\/\/pans.krosno.pl\/air\/#\/schema\/logo\/image\/"},"sameAs":["https:\/\/www.facebook.com\/StudiaKrosno\/","https:\/\/www.instagram.com\/studia.krosno","https:\/\/pl.linkedin.com\/company\/pwsz-krosno","https:\/\/www.youtube.com\/user\/pwszkrosno\/","https:\/\/pl.wikipedia.org\/wiki\/Pa\u0144stwowa_Wy\u017csza_Szko\u0142a_Zawodowa_im._Stanis\u0142awa_Pigonia_w_Kro\u015bnie"]}]}},"_links":{"self":[{"href":"https:\/\/pans.krosno.pl\/air\/wp-json\/wp\/v2\/pages\/43","targetHints":{"allow":["GET"]}}],"collection":[{"href":"https:\/\/pans.krosno.pl\/air\/wp-json\/wp\/v2\/pages"}],"about":[{"href":"https:\/\/pans.krosno.pl\/air\/wp-json\/wp\/v2\/types\/page"}],"author":[{"embeddable":true,"href":"https:\/\/pans.krosno.pl\/air\/wp-json\/wp\/v2\/users\/27"}],"replies":[{"embeddable":true,"href":"https:\/\/pans.krosno.pl\/air\/wp-json\/wp\/v2\/comments?post=43"}],"version-history":[{"count":23,"href":"https:\/\/pans.krosno.pl\/air\/wp-json\/wp\/v2\/pages\/43\/revisions"}],"predecessor-version":[{"id":1061,"href":"https:\/\/pans.krosno.pl\/air\/wp-json\/wp\/v2\/pages\/43\/revisions\/1061"}],"wp:attachment":[{"href":"https:\/\/pans.krosno.pl\/air\/wp-json\/wp\/v2\/media?parent=43"}],"curies":[{"name":"wp","href":"https:\/\/api.w.org\/{rel}","templated":true}]}}