{"id":157,"date":"2025-07-16T09:19:13","date_gmt":"2025-07-16T08:19:13","guid":{"rendered":"https:\/\/pans.krosno.pl\/5glab\/?page_id=157"},"modified":"2025-12-03T13:16:10","modified_gmt":"2025-12-03T13:16:10","slug":"obszary-zastosowan","status":"publish","type":"page","link":"https:\/\/pans.krosno.pl\/5glab\/obszary-zastosowan\/","title":{"rendered":"Obszary zastosowa\u0144"},"content":{"rendered":"\n<p><\/p>\n\n\n\n<div class=\"wp-block-columns is-layout-flex wp-container-core-columns-is-layout-28f84493 wp-block-columns-is-layout-flex\">\n<div class=\"wp-block-column is-layout-flow wp-block-column-is-layout-flow\" style=\"flex-basis:85%\">\n<p class=\"has-medium-font-size\" id=\"roboty\"><strong>Roboty przemys\u0142owe<\/strong><\/p>\n\n\n\n<p class=\"has-medium-font-size\">W przemy\u015ble technologia 5G otwiera drzwi do nowego poziomu automatyzacji i precyzji. Roboty przemys\u0142owe na podstawie 5G mog\u0105 dzia\u0142a\u0107 w bardziej z\u0142o\u017conych \u015brodowiskach, z szybsz\u0105 wymian\u0105 danych mi\u0119dzy maszynami a systemami steruj\u0105cymi. Niskie op\u00f3\u017anienia w sieciach 5G pozwalaj\u0105 na niemal natychmiastow\u0105 reakcj\u0119 robot\u00f3w na zmiany w produkcji, co zwi\u0119ksza bezpiecze\u0144stwo i efektywno\u015b\u0107 operacji. W fabrykach, takich jak te wykorzystuj\u0105ce roboty przemys\u0142owe, 5G umo\u017cliwia wsp\u00f3\u0142prac\u0119 mi\u0119dzy maszynami na niespotykan\u0105 dot\u0105d skal\u0119, przyspieszaj\u0105c adaptacj\u0119 do zmieniaj\u0105cych si\u0119 warunk\u00f3w produkcji.<\/p>\n<\/div>\n\n\n\n<div class=\"wp-block-column is-layout-flow wp-block-column-is-layout-flow\" style=\"flex-basis:25%\">\n<figure class=\"wp-block-image size-full is-style-rounded\"><img loading=\"lazy\" decoding=\"async\" width=\"2560\" height=\"2560\" src=\"https:\/\/pans.krosno.pl\/5glab\/wp-content\/uploads\/sites\/66\/2025\/12\/ROBOT-scaled.jpg\" alt=\"\" class=\"wp-image-377\" srcset=\"https:\/\/pans.krosno.pl\/5glab\/wp-content\/uploads\/sites\/66\/2025\/12\/ROBOT-scaled.jpg 2560w, https:\/\/pans.krosno.pl\/5glab\/wp-content\/uploads\/sites\/66\/2025\/12\/ROBOT-300x300.jpg 300w, https:\/\/pans.krosno.pl\/5glab\/wp-content\/uploads\/sites\/66\/2025\/12\/ROBOT-1024x1024.jpg 1024w, https:\/\/pans.krosno.pl\/5glab\/wp-content\/uploads\/sites\/66\/2025\/12\/ROBOT-150x150.jpg 150w, https:\/\/pans.krosno.pl\/5glab\/wp-content\/uploads\/sites\/66\/2025\/12\/ROBOT-768x768.jpg 768w, https:\/\/pans.krosno.pl\/5glab\/wp-content\/uploads\/sites\/66\/2025\/12\/ROBOT-1536x1536.jpg 1536w, https:\/\/pans.krosno.pl\/5glab\/wp-content\/uploads\/sites\/66\/2025\/12\/ROBOT-2048x2048.jpg 2048w, https:\/\/pans.krosno.pl\/5glab\/wp-content\/uploads\/sites\/66\/2025\/12\/ROBOT-2000x2000.jpg 2000w, https:\/\/pans.krosno.pl\/5glab\/wp-content\/uploads\/sites\/66\/2025\/12\/ROBOT-800x800.jpg 800w, https:\/\/pans.krosno.pl\/5glab\/wp-content\/uploads\/sites\/66\/2025\/12\/ROBOT-580x580.jpg 580w\" sizes=\"auto, (max-width: 2560px) 100vw, 2560px\" \/><\/figure>\n<\/div>\n<\/div>\n\n\n\n<hr class=\"wp-block-separator has-alpha-channel-opacity\"\/>\n\n\n\n<div class=\"wp-block-columns is-layout-flex wp-container-core-columns-is-layout-28f84493 wp-block-columns-is-layout-flex\">\n<div class=\"wp-block-column is-layout-flow wp-block-column-is-layout-flow\" style=\"flex-basis:75%\">\n<p class=\"has-medium-font-size\" id=\"drony\"><strong>Drony<\/strong><\/p>\n\n\n\n<p class=\"has-medium-font-size\">5G umo\u017cliwia dronom, takim jak Sentinel od ModaAI, prac\u0119 w czasie rzeczywistym, zdalne sterowanie na du\u017ce odleg\u0142o\u015bci oraz przesy\u0142anie wideo o wysokiej rozdzielczo\u015bci bez op\u00f3\u017anie\u0144. Ta technologia otwiera ogromne mo\u017cliwo\u015bci w takich dziedzinach jak monitorowanie infrastruktury, rolnictwo precyzyjne, czy operacje ratunkowe. Dzi\u0119ki 5G drony mog\u0105 komunikowa\u0107 si\u0119 z sieci\u0105, pobieraj\u0105c i analizuj\u0105c dane w locie, co przyspiesza podejmowanie decyzji i zwi\u0119ksza ich autonomi\u0119. Zastosowanie 5G w dronach pozwala tak\u017ce na lepsz\u0105 koordynacj\u0119 misji z wieloma dronami jednocze\u015bnie, umo\u017cliwiaj\u0105c tworzenie rozbudowanych sieci powietrznych.<\/p>\n<\/div>\n\n\n\n<div class=\"wp-block-column is-layout-flow wp-block-column-is-layout-flow\" style=\"flex-basis:25%\">\n<figure class=\"wp-block-image size-full is-style-rounded\"><img loading=\"lazy\" decoding=\"async\" width=\"2560\" height=\"2560\" src=\"https:\/\/pans.krosno.pl\/5glab\/wp-content\/uploads\/sites\/66\/2025\/12\/DRON-scaled.jpg\" alt=\"\" class=\"wp-image-376\" srcset=\"https:\/\/pans.krosno.pl\/5glab\/wp-content\/uploads\/sites\/66\/2025\/12\/DRON-scaled.jpg 2560w, https:\/\/pans.krosno.pl\/5glab\/wp-content\/uploads\/sites\/66\/2025\/12\/DRON-300x300.jpg 300w, https:\/\/pans.krosno.pl\/5glab\/wp-content\/uploads\/sites\/66\/2025\/12\/DRON-1024x1024.jpg 1024w, https:\/\/pans.krosno.pl\/5glab\/wp-content\/uploads\/sites\/66\/2025\/12\/DRON-150x150.jpg 150w, https:\/\/pans.krosno.pl\/5glab\/wp-content\/uploads\/sites\/66\/2025\/12\/DRON-768x768.jpg 768w, https:\/\/pans.krosno.pl\/5glab\/wp-content\/uploads\/sites\/66\/2025\/12\/DRON-1536x1536.jpg 1536w, https:\/\/pans.krosno.pl\/5glab\/wp-content\/uploads\/sites\/66\/2025\/12\/DRON-2048x2048.jpg 2048w, https:\/\/pans.krosno.pl\/5glab\/wp-content\/uploads\/sites\/66\/2025\/12\/DRON-2000x2000.jpg 2000w, https:\/\/pans.krosno.pl\/5glab\/wp-content\/uploads\/sites\/66\/2025\/12\/DRON-800x800.jpg 800w, https:\/\/pans.krosno.pl\/5glab\/wp-content\/uploads\/sites\/66\/2025\/12\/DRON-580x580.jpg 580w\" sizes=\"auto, (max-width: 2560px) 100vw, 2560px\" \/><\/figure>\n<\/div>\n<\/div>\n\n\n\n<hr class=\"wp-block-separator has-alpha-channel-opacity\"\/>\n\n\n\n<div class=\"wp-block-columns is-layout-flex wp-container-core-columns-is-layout-28f84493 wp-block-columns-is-layout-flex\">\n<div class=\"wp-block-column is-layout-flow wp-block-column-is-layout-flow\" style=\"flex-basis:75%\">\n<p class=\"has-medium-font-size\" id=\"analiza\"><strong>Analiza obrazu<\/strong><\/p>\n\n\n\n<p class=\"has-medium-font-size\">5G znacz\u0105co zmienia spos\u00f3b, w jaki przetwarzane s\u0105 obrazy, zw\u0142aszcza w procesie produkcji, dystrybucji cz\u0119\u015bci, a tak\u017ce bezpiecze\u0144stwa w fabrykach. Technologia ta pozwala na natychmiastowe przesy\u0142anie i analiz\u0119 du\u017cych ilo\u015bci danych wizualnych, co jest nieocenione w systemach monitorowania, medycynie, czy w produkcji przemys\u0142owej. Przetwarzanie danych w czasie rzeczywistym pozwala na szybkie reakcje na zmieniaj\u0105ce si\u0119 warunki, np. na zaawansowanych liniach produkcyjnych, gdzie licz\u0105 si\u0119 u\u0142amki sekund. Dzi\u0119ki 5G mo\u017cliwe jest tak\u017ce szybkie przetwarzanie obrazu w chmurze, co odci\u0105\u017ca lokalne urz\u0105dzenia i umo\u017cliwia bardziej zaawansowane analizy.<\/p>\n<\/div>\n\n\n\n<div class=\"wp-block-column is-layout-flow wp-block-column-is-layout-flow\" style=\"flex-basis:25%\">\n<figure class=\"wp-block-image size-full is-style-rounded\"><img loading=\"lazy\" decoding=\"async\" width=\"2560\" height=\"2560\" src=\"https:\/\/pans.krosno.pl\/5glab\/wp-content\/uploads\/sites\/66\/2025\/12\/ai-scaled.jpg\" alt=\"\" class=\"wp-image-373\" srcset=\"https:\/\/pans.krosno.pl\/5glab\/wp-content\/uploads\/sites\/66\/2025\/12\/ai-scaled.jpg 2560w, https:\/\/pans.krosno.pl\/5glab\/wp-content\/uploads\/sites\/66\/2025\/12\/ai-300x300.jpg 300w, https:\/\/pans.krosno.pl\/5glab\/wp-content\/uploads\/sites\/66\/2025\/12\/ai-1024x1024.jpg 1024w, https:\/\/pans.krosno.pl\/5glab\/wp-content\/uploads\/sites\/66\/2025\/12\/ai-150x150.jpg 150w, https:\/\/pans.krosno.pl\/5glab\/wp-content\/uploads\/sites\/66\/2025\/12\/ai-768x768.jpg 768w, https:\/\/pans.krosno.pl\/5glab\/wp-content\/uploads\/sites\/66\/2025\/12\/ai-1536x1536.jpg 1536w, https:\/\/pans.krosno.pl\/5glab\/wp-content\/uploads\/sites\/66\/2025\/12\/ai-2048x2048.jpg 2048w, https:\/\/pans.krosno.pl\/5glab\/wp-content\/uploads\/sites\/66\/2025\/12\/ai-2000x2000.jpg 2000w, https:\/\/pans.krosno.pl\/5glab\/wp-content\/uploads\/sites\/66\/2025\/12\/ai-800x800.jpg 800w, https:\/\/pans.krosno.pl\/5glab\/wp-content\/uploads\/sites\/66\/2025\/12\/ai-580x580.jpg 580w\" sizes=\"auto, (max-width: 2560px) 100vw, 2560px\" \/><\/figure>\n<\/div>\n<\/div>\n\n\n\n<hr class=\"wp-block-separator has-alpha-channel-opacity\"\/>\n\n\n\n<div class=\"wp-block-columns is-layout-flex wp-container-core-columns-is-layout-28f84493 wp-block-columns-is-layout-flex\">\n<div class=\"wp-block-column is-layout-flow wp-block-column-is-layout-flow\" style=\"flex-basis:75%\">\n<p class=\"has-medium-font-size\" id=\"vr-ar\"><strong>VR\/AR<\/strong><\/p>\n\n\n\n<p class=\"has-medium-font-size\">Technologia 5G rewolucjonizuje wirtualn\u0105 i rozszerzon\u0105 rzeczywisto\u015b\u0107 (VR\/AR), umo\u017cliwiaj\u0105c tworzenie jeszcze bardziej realistycznych i interaktywnych do\u015bwiadcze\u0144. W obszarze szkole\u0144 VR\/AR pozwala na zdalne nauczanie w symulowanych \u015brodowiskach, oferuj\u0105c praktyczne \u0107wiczenia bez konieczno\u015bci fizycznego dost\u0119pu do sprz\u0119tu. Pracownicy mog\u0105 \u0107wiczy\u0107 serwisowanie i konserwacj\u0119 urz\u0105dze\u0144 w wirtualnych przestrzeniach, co zwi\u0119ksza efektywno\u015b\u0107 i redukuje ryzyko b\u0142\u0119d\u00f3w. Dzi\u0119ki 5G szkolenia mog\u0105 odbywa\u0107 si\u0119 w czasie rzeczywistym, bez op\u00f3\u017anie\u0144, co sprawia, \u017ce zar\u00f3wno zdalne naprawy, jak i nauka obs\u0142ugi maszyn s\u0105 bardziej dost\u0119pne ni\u017c kiedykolwiek wcze\u015bniej.<\/p>\n<\/div>\n\n\n\n<div class=\"wp-block-column is-layout-flow wp-block-column-is-layout-flow\" style=\"flex-basis:25%\">\n<figure class=\"wp-block-image size-full is-style-rounded\"><img loading=\"lazy\" decoding=\"async\" width=\"2560\" height=\"2560\" src=\"https:\/\/pans.krosno.pl\/5glab\/wp-content\/uploads\/sites\/66\/2025\/12\/VR-scaled.jpg\" alt=\"\" class=\"wp-image-374\" srcset=\"https:\/\/pans.krosno.pl\/5glab\/wp-content\/uploads\/sites\/66\/2025\/12\/VR-scaled.jpg 2560w, https:\/\/pans.krosno.pl\/5glab\/wp-content\/uploads\/sites\/66\/2025\/12\/VR-300x300.jpg 300w, https:\/\/pans.krosno.pl\/5glab\/wp-content\/uploads\/sites\/66\/2025\/12\/VR-1024x1024.jpg 1024w, https:\/\/pans.krosno.pl\/5glab\/wp-content\/uploads\/sites\/66\/2025\/12\/VR-150x150.jpg 150w, https:\/\/pans.krosno.pl\/5glab\/wp-content\/uploads\/sites\/66\/2025\/12\/VR-768x768.jpg 768w, https:\/\/pans.krosno.pl\/5glab\/wp-content\/uploads\/sites\/66\/2025\/12\/VR-1536x1536.jpg 1536w, https:\/\/pans.krosno.pl\/5glab\/wp-content\/uploads\/sites\/66\/2025\/12\/VR-2048x2048.jpg 2048w, https:\/\/pans.krosno.pl\/5glab\/wp-content\/uploads\/sites\/66\/2025\/12\/VR-2000x2000.jpg 2000w, https:\/\/pans.krosno.pl\/5glab\/wp-content\/uploads\/sites\/66\/2025\/12\/VR-800x800.jpg 800w, https:\/\/pans.krosno.pl\/5glab\/wp-content\/uploads\/sites\/66\/2025\/12\/VR-580x580.jpg 580w\" sizes=\"auto, (max-width: 2560px) 100vw, 2560px\" \/><\/figure>\n<\/div>\n<\/div>\n\n\n\n<hr class=\"wp-block-separator has-alpha-channel-opacity\"\/>\n\n\n\n<div class=\"wp-block-columns is-layout-flex wp-container-core-columns-is-layout-28f84493 wp-block-columns-is-layout-flex\">\n<div class=\"wp-block-column is-layout-flow wp-block-column-is-layout-flow\" style=\"flex-basis:75%\">\n<p class=\"has-medium-font-size\" id=\"iot\"><strong>Urz\u0105dzenia IoT<\/strong><\/p>\n\n\n\n<p class=\"has-medium-font-size\">5G stanowi fundament dla rozwoju IoT, umo\u017cliwiaj\u0105c b\u0142yskawiczn\u0105 wymian\u0119 informacji mi\u0119dzy miliardami urz\u0105dze\u0144. Od inteligentnych miast po zdalne zarz\u0105dzanie infrastruktur\u0105 przemys\u0142ow\u0105, 5G pozwala na synchronizacj\u0119 i monitorowanie urz\u0105dze\u0144 w czasie rzeczywistym. W zastosowaniach takich jak Smart City, inteligentne domy, rolnictwo precyzyjne czy zarz\u0105dzanie logistyk\u0105, IoT wspierane przez 5G poprawia efektywno\u015b\u0107, bezpiecze\u0144stwo i automatyzacj\u0119 proces\u00f3w. Niskie op\u00f3\u017anienia i du\u017ca przepustowo\u015b\u0107 5G pozwalaj\u0105 na bezproblemow\u0105 wsp\u00f3\u0142prac\u0119 mi\u0119dzy urz\u0105dzeniami IoT, niezale\u017cnie od ich lokalizacji.<\/p>\n<\/div>\n\n\n\n<div class=\"wp-block-column is-layout-flow wp-block-column-is-layout-flow\" style=\"flex-basis:25%\">\n<figure class=\"wp-block-image size-full is-style-rounded\"><img loading=\"lazy\" decoding=\"async\" width=\"2560\" height=\"2560\" src=\"https:\/\/pans.krosno.pl\/5glab\/wp-content\/uploads\/sites\/66\/2025\/12\/IOT-scaled.jpg\" alt=\"\" class=\"wp-image-375\" srcset=\"https:\/\/pans.krosno.pl\/5glab\/wp-content\/uploads\/sites\/66\/2025\/12\/IOT-scaled.jpg 2560w, https:\/\/pans.krosno.pl\/5glab\/wp-content\/uploads\/sites\/66\/2025\/12\/IOT-300x300.jpg 300w, https:\/\/pans.krosno.pl\/5glab\/wp-content\/uploads\/sites\/66\/2025\/12\/IOT-1024x1024.jpg 1024w, https:\/\/pans.krosno.pl\/5glab\/wp-content\/uploads\/sites\/66\/2025\/12\/IOT-150x150.jpg 150w, https:\/\/pans.krosno.pl\/5glab\/wp-content\/uploads\/sites\/66\/2025\/12\/IOT-768x768.jpg 768w, https:\/\/pans.krosno.pl\/5glab\/wp-content\/uploads\/sites\/66\/2025\/12\/IOT-1536x1536.jpg 1536w, https:\/\/pans.krosno.pl\/5glab\/wp-content\/uploads\/sites\/66\/2025\/12\/IOT-2048x2048.jpg 2048w, https:\/\/pans.krosno.pl\/5glab\/wp-content\/uploads\/sites\/66\/2025\/12\/IOT-2000x2000.jpg 2000w, https:\/\/pans.krosno.pl\/5glab\/wp-content\/uploads\/sites\/66\/2025\/12\/IOT-800x800.jpg 800w, https:\/\/pans.krosno.pl\/5glab\/wp-content\/uploads\/sites\/66\/2025\/12\/IOT-580x580.jpg 580w\" sizes=\"auto, (max-width: 2560px) 100vw, 2560px\" \/><\/figure>\n<\/div>\n<\/div>\n\n\n\n<p><\/p>\n","protected":false},"excerpt":{"rendered":"<p>Roboty przemys\u0142owe W przemy\u015ble technologia 5G otwiera drzwi do nowego poziomu automatyzacji i precyzji. Roboty przemys\u0142owe na podstawie 5G mog\u0105 dzia\u0142a\u0107 w bardziej z\u0142o\u017conych \u015brodowiskach, z szybsz\u0105 wymian\u0105 danych mi\u0119dzy maszynami a systemami steruj\u0105cymi. Niskie op\u00f3\u017anienia w sieciach 5G pozwalaj\u0105 na niemal natychmiastow\u0105 reakcj\u0119 robot\u00f3w na zmiany w produkcji, co [\u2026] <\/p>\n<div class=\"clear\"><\/div>\n<p><a class=\"more_link clearfix\" href=\"https:\/\/pans.krosno.pl\/5glab\/obszary-zastosowan\/\" rel=\"nofollow\">Read More<\/a><\/p>\n","protected":false},"author":100,"featured_media":0,"parent":0,"menu_order":0,"comment_status":"closed","ping_status":"closed","template":"page-templates\/template-full-width.php","meta":{"ngg_post_thumbnail":0,"footnotes":""},"class_list":["post-157","page","type-page","status-publish","hentry"],"yoast_head":"<!-- This site is optimized with the Yoast SEO Premium plugin v27.4 (Yoast SEO v27.4) - https:\/\/yoast.com\/product\/yoast-seo-premium-wordpress\/ -->\n<title>Obszary zastosowa\u0144 - 5glab<\/title>\n<meta name=\"robots\" content=\"index, follow, max-snippet:-1, max-image-preview:large, max-video-preview:-1\" \/>\n<link rel=\"canonical\" href=\"https:\/\/pans.krosno.pl\/5glab\/obszary-zastosowan\/\" \/>\n<meta property=\"og:locale\" content=\"pl_PL\" \/>\n<meta property=\"og:type\" content=\"article\" \/>\n<meta property=\"og:title\" content=\"Obszary zastosowa\u0144\" \/>\n<meta property=\"og:description\" content=\"Roboty przemys\u0142owe W przemy\u015ble technologia 5G otwiera drzwi do nowego poziomu automatyzacji i precyzji. Roboty przemys\u0142owe na podstawie 5G mog\u0105 dzia\u0142a\u0107 w bardziej z\u0142o\u017conych \u015brodowiskach, z szybsz\u0105 wymian\u0105 danych mi\u0119dzy maszynami a systemami steruj\u0105cymi. Niskie op\u00f3\u017anienia w sieciach 5G pozwalaj\u0105 na niemal natychmiastow\u0105 reakcj\u0119 robot\u00f3w na zmiany w produkcji, co [\u2026] Read More\" \/>\n<meta property=\"og:url\" content=\"https:\/\/pans.krosno.pl\/5glab\/obszary-zastosowan\/\" \/>\n<meta property=\"og:site_name\" content=\"5glab\" \/>\n<meta property=\"article:publisher\" content=\"https:\/\/www.facebook.com\/StudiaKrosno\/\" \/>\n<meta property=\"article:modified_time\" content=\"2025-12-03T13:16:10+00:00\" \/>\n<meta property=\"og:image\" content=\"https:\/\/pans.krosno.pl\/5glab\/wp-content\/uploads\/sites\/66\/2025\/12\/ROBOT-scaled.jpg\" \/>\n\t<meta property=\"og:image:width\" content=\"2560\" \/>\n\t<meta property=\"og:image:height\" content=\"2560\" \/>\n\t<meta property=\"og:image:type\" content=\"image\/jpeg\" \/>\n<meta name=\"twitter:card\" content=\"summary_large_image\" \/>\n<meta name=\"twitter:label1\" content=\"Szacowany czas czytania\" \/>\n\t<meta name=\"twitter:data1\" content=\"4 minuty\" \/>\n<script type=\"application\/ld+json\" class=\"yoast-schema-graph\">{\"@context\":\"https:\\\/\\\/schema.org\",\"@graph\":[{\"@type\":\"WebPage\",\"@id\":\"https:\\\/\\\/pans.krosno.pl\\\/5glab\\\/obszary-zastosowan\\\/\",\"url\":\"https:\\\/\\\/pans.krosno.pl\\\/5glab\\\/obszary-zastosowan\\\/\",\"name\":\"Obszary zastosowa\u0144 - 5glab\",\"isPartOf\":{\"@id\":\"https:\\\/\\\/pans.krosno.pl\\\/5glab\\\/#website\"},\"primaryImageOfPage\":{\"@id\":\"https:\\\/\\\/pans.krosno.pl\\\/5glab\\\/obszary-zastosowan\\\/#primaryimage\"},\"image\":{\"@id\":\"https:\\\/\\\/pans.krosno.pl\\\/5glab\\\/obszary-zastosowan\\\/#primaryimage\"},\"thumbnailUrl\":\"https:\\\/\\\/pans.krosno.pl\\\/5glab\\\/wp-content\\\/uploads\\\/sites\\\/66\\\/2025\\\/12\\\/ROBOT-scaled.jpg\",\"datePublished\":\"2025-07-16T08:19:13+00:00\",\"dateModified\":\"2025-12-03T13:16:10+00:00\",\"breadcrumb\":{\"@id\":\"https:\\\/\\\/pans.krosno.pl\\\/5glab\\\/obszary-zastosowan\\\/#breadcrumb\"},\"inLanguage\":\"pl-PL\",\"potentialAction\":[{\"@type\":\"ReadAction\",\"target\":[\"https:\\\/\\\/pans.krosno.pl\\\/5glab\\\/obszary-zastosowan\\\/\"]}]},{\"@type\":\"ImageObject\",\"inLanguage\":\"pl-PL\",\"@id\":\"https:\\\/\\\/pans.krosno.pl\\\/5glab\\\/obszary-zastosowan\\\/#primaryimage\",\"url\":\"https:\\\/\\\/pans.krosno.pl\\\/5glab\\\/wp-content\\\/uploads\\\/sites\\\/66\\\/2025\\\/12\\\/ROBOT-scaled.jpg\",\"contentUrl\":\"https:\\\/\\\/pans.krosno.pl\\\/5glab\\\/wp-content\\\/uploads\\\/sites\\\/66\\\/2025\\\/12\\\/ROBOT-scaled.jpg\",\"width\":2560,\"height\":2560},{\"@type\":\"BreadcrumbList\",\"@id\":\"https:\\\/\\\/pans.krosno.pl\\\/5glab\\\/obszary-zastosowan\\\/#breadcrumb\",\"itemListElement\":[{\"@type\":\"ListItem\",\"position\":1,\"name\":\"Strona g\u0142\u00f3wna\",\"item\":\"https:\\\/\\\/pans.krosno.pl\\\/5glab\\\/\"},{\"@type\":\"ListItem\",\"position\":2,\"name\":\"Obszary zastosowa\u0144\"}]},{\"@type\":\"WebSite\",\"@id\":\"https:\\\/\\\/pans.krosno.pl\\\/5glab\\\/#website\",\"url\":\"https:\\\/\\\/pans.krosno.pl\\\/5glab\\\/\",\"name\":\"PANS w Kro\u015bnie\",\"description\":\"\",\"publisher\":{\"@id\":\"https:\\\/\\\/pans.krosno.pl\\\/5glab\\\/#organization\"},\"alternateName\":\"PANS Krosno\",\"potentialAction\":[{\"@type\":\"SearchAction\",\"target\":{\"@type\":\"EntryPoint\",\"urlTemplate\":\"https:\\\/\\\/pans.krosno.pl\\\/5glab\\\/?s={search_term_string}\"},\"query-input\":{\"@type\":\"PropertyValueSpecification\",\"valueRequired\":true,\"valueName\":\"search_term_string\"}}],\"inLanguage\":\"pl-PL\"},{\"@type\":\"Organization\",\"@id\":\"https:\\\/\\\/pans.krosno.pl\\\/5glab\\\/#organization\",\"name\":\"Pa\u0144stwowa Akademia Nauk Stosowanych w Kro\u015bnie\",\"alternateName\":\"PANS Krosno\",\"url\":\"https:\\\/\\\/pans.krosno.pl\\\/5glab\\\/\",\"logo\":{\"@type\":\"ImageObject\",\"inLanguage\":\"pl-PL\",\"@id\":\"https:\\\/\\\/pans.krosno.pl\\\/5glab\\\/#\\\/schema\\\/logo\\\/image\\\/\",\"url\":\"https:\\\/\\\/pans.krosno.pl\\\/wp-content\\\/uploads\\\/2023\\\/01\\\/Logo-PANS-2022-pelne-2-scaled.jpg\",\"contentUrl\":\"https:\\\/\\\/pans.krosno.pl\\\/wp-content\\\/uploads\\\/2023\\\/01\\\/Logo-PANS-2022-pelne-2-scaled.jpg\",\"width\":2560,\"height\":576,\"caption\":\"Pa\u0144stwowa Akademia Nauk Stosowanych w Kro\u015bnie\"},\"image\":{\"@id\":\"https:\\\/\\\/pans.krosno.pl\\\/5glab\\\/#\\\/schema\\\/logo\\\/image\\\/\"},\"sameAs\":[\"https:\\\/\\\/www.facebook.com\\\/StudiaKrosno\\\/\",\"https:\\\/\\\/www.instagram.com\\\/pans.krosno\\\/\",\"https:\\\/\\\/pl.linkedin.com\\\/company\\\/pwsz-krosno\",\"https:\\\/\\\/www.youtube.com\\\/user\\\/pwszkrosno\\\/\",\"https:\\\/\\\/pl.wikipedia.org\\\/wiki\\\/Pa\u0144stwowa_Wy\u017csza_Szko\u0142a_Zawodowa_im._Stanis\u0142awa_Pigonia_w_Kro\u015bnie\"]}]}<\/script>\n<!-- \/ Yoast SEO Premium plugin. -->","yoast_head_json":{"title":"Obszary zastosowa\u0144 - 5glab","robots":{"index":"index","follow":"follow","max-snippet":"max-snippet:-1","max-image-preview":"max-image-preview:large","max-video-preview":"max-video-preview:-1"},"canonical":"https:\/\/pans.krosno.pl\/5glab\/obszary-zastosowan\/","og_locale":"pl_PL","og_type":"article","og_title":"Obszary zastosowa\u0144","og_description":"Roboty przemys\u0142owe W przemy\u015ble technologia 5G otwiera drzwi do nowego poziomu automatyzacji i precyzji. Roboty przemys\u0142owe na podstawie 5G mog\u0105 dzia\u0142a\u0107 w bardziej z\u0142o\u017conych \u015brodowiskach, z szybsz\u0105 wymian\u0105 danych mi\u0119dzy maszynami a systemami steruj\u0105cymi. Niskie op\u00f3\u017anienia w sieciach 5G pozwalaj\u0105 na niemal natychmiastow\u0105 reakcj\u0119 robot\u00f3w na zmiany w produkcji, co [\u2026] Read More","og_url":"https:\/\/pans.krosno.pl\/5glab\/obszary-zastosowan\/","og_site_name":"5glab","article_publisher":"https:\/\/www.facebook.com\/StudiaKrosno\/","article_modified_time":"2025-12-03T13:16:10+00:00","og_image":[{"width":2560,"height":2560,"url":"https:\/\/pans.krosno.pl\/5glab\/wp-content\/uploads\/sites\/66\/2025\/12\/ROBOT-scaled.jpg","type":"image\/jpeg"}],"twitter_card":"summary_large_image","twitter_misc":{"Szacowany czas czytania":"4 minuty"},"schema":{"@context":"https:\/\/schema.org","@graph":[{"@type":"WebPage","@id":"https:\/\/pans.krosno.pl\/5glab\/obszary-zastosowan\/","url":"https:\/\/pans.krosno.pl\/5glab\/obszary-zastosowan\/","name":"Obszary zastosowa\u0144 - 5glab","isPartOf":{"@id":"https:\/\/pans.krosno.pl\/5glab\/#website"},"primaryImageOfPage":{"@id":"https:\/\/pans.krosno.pl\/5glab\/obszary-zastosowan\/#primaryimage"},"image":{"@id":"https:\/\/pans.krosno.pl\/5glab\/obszary-zastosowan\/#primaryimage"},"thumbnailUrl":"https:\/\/pans.krosno.pl\/5glab\/wp-content\/uploads\/sites\/66\/2025\/12\/ROBOT-scaled.jpg","datePublished":"2025-07-16T08:19:13+00:00","dateModified":"2025-12-03T13:16:10+00:00","breadcrumb":{"@id":"https:\/\/pans.krosno.pl\/5glab\/obszary-zastosowan\/#breadcrumb"},"inLanguage":"pl-PL","potentialAction":[{"@type":"ReadAction","target":["https:\/\/pans.krosno.pl\/5glab\/obszary-zastosowan\/"]}]},{"@type":"ImageObject","inLanguage":"pl-PL","@id":"https:\/\/pans.krosno.pl\/5glab\/obszary-zastosowan\/#primaryimage","url":"https:\/\/pans.krosno.pl\/5glab\/wp-content\/uploads\/sites\/66\/2025\/12\/ROBOT-scaled.jpg","contentUrl":"https:\/\/pans.krosno.pl\/5glab\/wp-content\/uploads\/sites\/66\/2025\/12\/ROBOT-scaled.jpg","width":2560,"height":2560},{"@type":"BreadcrumbList","@id":"https:\/\/pans.krosno.pl\/5glab\/obszary-zastosowan\/#breadcrumb","itemListElement":[{"@type":"ListItem","position":1,"name":"Strona g\u0142\u00f3wna","item":"https:\/\/pans.krosno.pl\/5glab\/"},{"@type":"ListItem","position":2,"name":"Obszary zastosowa\u0144"}]},{"@type":"WebSite","@id":"https:\/\/pans.krosno.pl\/5glab\/#website","url":"https:\/\/pans.krosno.pl\/5glab\/","name":"PANS w Kro\u015bnie","description":"","publisher":{"@id":"https:\/\/pans.krosno.pl\/5glab\/#organization"},"alternateName":"PANS Krosno","potentialAction":[{"@type":"SearchAction","target":{"@type":"EntryPoint","urlTemplate":"https:\/\/pans.krosno.pl\/5glab\/?s={search_term_string}"},"query-input":{"@type":"PropertyValueSpecification","valueRequired":true,"valueName":"search_term_string"}}],"inLanguage":"pl-PL"},{"@type":"Organization","@id":"https:\/\/pans.krosno.pl\/5glab\/#organization","name":"Pa\u0144stwowa Akademia Nauk Stosowanych w Kro\u015bnie","alternateName":"PANS Krosno","url":"https:\/\/pans.krosno.pl\/5glab\/","logo":{"@type":"ImageObject","inLanguage":"pl-PL","@id":"https:\/\/pans.krosno.pl\/5glab\/#\/schema\/logo\/image\/","url":"https:\/\/pans.krosno.pl\/wp-content\/uploads\/2023\/01\/Logo-PANS-2022-pelne-2-scaled.jpg","contentUrl":"https:\/\/pans.krosno.pl\/wp-content\/uploads\/2023\/01\/Logo-PANS-2022-pelne-2-scaled.jpg","width":2560,"height":576,"caption":"Pa\u0144stwowa Akademia Nauk Stosowanych w Kro\u015bnie"},"image":{"@id":"https:\/\/pans.krosno.pl\/5glab\/#\/schema\/logo\/image\/"},"sameAs":["https:\/\/www.facebook.com\/StudiaKrosno\/","https:\/\/www.instagram.com\/pans.krosno\/","https:\/\/pl.linkedin.com\/company\/pwsz-krosno","https:\/\/www.youtube.com\/user\/pwszkrosno\/","https:\/\/pl.wikipedia.org\/wiki\/Pa\u0144stwowa_Wy\u017csza_Szko\u0142a_Zawodowa_im._Stanis\u0142awa_Pigonia_w_Kro\u015bnie"]}]}},"_links":{"self":[{"href":"https:\/\/pans.krosno.pl\/5glab\/wp-json\/wp\/v2\/pages\/157","targetHints":{"allow":["GET"]}}],"collection":[{"href":"https:\/\/pans.krosno.pl\/5glab\/wp-json\/wp\/v2\/pages"}],"about":[{"href":"https:\/\/pans.krosno.pl\/5glab\/wp-json\/wp\/v2\/types\/page"}],"author":[{"embeddable":true,"href":"https:\/\/pans.krosno.pl\/5glab\/wp-json\/wp\/v2\/users\/100"}],"replies":[{"embeddable":true,"href":"https:\/\/pans.krosno.pl\/5glab\/wp-json\/wp\/v2\/comments?post=157"}],"version-history":[{"count":7,"href":"https:\/\/pans.krosno.pl\/5glab\/wp-json\/wp\/v2\/pages\/157\/revisions"}],"predecessor-version":[{"id":378,"href":"https:\/\/pans.krosno.pl\/5glab\/wp-json\/wp\/v2\/pages\/157\/revisions\/378"}],"wp:attachment":[{"href":"https:\/\/pans.krosno.pl\/5glab\/wp-json\/wp\/v2\/media?parent=157"}],"curies":[{"name":"wp","href":"https:\/\/api.w.org\/{rel}","templated":true}]}}